{"id":1997,"date":"2021-09-23T16:52:24","date_gmt":"2021-09-23T14:52:24","guid":{"rendered":"http:\/\/blasco-mentor-solliestoucas.fr\/?page_id=1997"},"modified":"2020-11-24T14:56:06","modified_gmt":"2020-11-24T13:56:06","slug":"adhesion","status":"publish","type":"page","link":"https:\/\/blasco-mentor-solliestoucas.fr\/index.php\/adhesion\/","title":{"rendered":"Adh\u00e9rer"},"content":{"rendered":"<p>Adh\u00e9rer \u00e0 notre association c&rsquo;est conclure une alliance morale avec elle.<\/p>\n<p>Adh\u00e9rer \u00e0 notre association c&rsquo;est l&rsquo;aider \u00e0 atteindre les objectifs qu&rsquo;elle s&rsquo;est fix\u00e9e et contribuer ainsi \u00e0 son rayonnement<\/p>\n<p>Adh\u00e9rer c&rsquo;est l&rsquo;aider \u00e0 maintenir son \u00e9quilibre financier par l\u2019acquittement d&rsquo;une cotisation annuelle fix\u00e9e par le conseil.<\/p>\n<p>Pour 2019&nbsp; elle est&nbsp; de :<\/p>\n<ul>\n<li>&#8211; 20 Euros pour une personne seule&nbsp; et de 30 Euros pour un couple<\/li>\n<li>&#8211; 5 Euros pour les \u00e9tudiants&nbsp; de moins de 25 ans<\/li>\n<li>&#8211; 50 Euros pour les entreprises et\/ou les collectivit\u00e9s nationales ou r\u00e9gionales<\/li>\n<\/ul>\n<p>Pour adh\u00e9rer ou faire un don suivez les instructions indiqu\u00e9es sur le bulletin d&rsquo;adh\u00e9sion joint et t\u00e9l\u00e9charger le <a href=\"http:\/\/blasco-mentor-solliestoucas.fr\/wp-content\/uploads\/2018\/12\/Bulletin-dadh\u00e9sion-final.pdf\">document<\/a>.<\/p>\n<p>Remplissez le, joignez le paiement (par ch\u00e8que \u00e0 l&rsquo;ordre de l&rsquo;association)<\/p>\n<p>et poster le tout \u00e0 :<\/p>\n<p>Les amis de l&rsquo;oeuvre de Blasco Mentor<br \/>\nMairie de Solli\u00e8s Toucas<br \/>\nPlace Cl\u00e9ment Balestra<br \/>\n83210 Solli\u00e8s Toucas<\/p>\n<p>Vous recevrez en retour votre re\u00e7u ainsi que votre carte d&rsquo;adh\u00e9rent.<\/p>\n","protected":false},"excerpt":{"rendered":"<p>Adh\u00e9rer \u00e0 notre association c&rsquo;est conclure une alliance morale avec elle. Adh\u00e9rer \u00e0 notre association c&rsquo;est l&rsquo;aider \u00e0 atteindre les objectifs qu&rsquo;elle s&rsquo;est fix\u00e9e et contribuer ainsi \u00e0 son rayonnement Adh\u00e9rer c&rsquo;est l&rsquo;aider \u00e0 maintenir son \u00e9quilibre financier par l\u2019acquittement &hellip; <a href=\"https:\/\/blasco-mentor-solliestoucas.fr\/index.php\/adhesion\/\">Continuer la lecture <span class=\"meta-nav\">&rarr;<\/span><\/a><\/p>\n","protected":false},"author":2,"featured_media":0,"parent":0,"menu_order":0,"comment_status":"closed","ping_status":"closed","template":"onecolumn-page.php","meta":{"ngg_post_thumbnail":0,"footnotes":""},"categories":[],"tags":[],"class_list":["post-1997","page","type-page","status-publish","hentry"],"lang":"fr","translations":{"fr":1997},"pll_sync_post":[],"_links":{"self":[{"href":"https:\/\/blasco-mentor-solliestoucas.fr\/index.php\/wp-json\/wp\/v2\/pages\/1997","targetHints":{"allow":["GET"]}}],"collection":[{"href":"https:\/\/blasco-mentor-solliestoucas.fr\/index.php\/wp-json\/wp\/v2\/pages"}],"about":[{"href":"https:\/\/blasco-mentor-solliestoucas.fr\/index.php\/wp-json\/wp\/v2\/types\/page"}],"author":[{"embeddable":true,"href":"https:\/\/blasco-mentor-solliestoucas.fr\/index.php\/wp-json\/wp\/v2\/users\/2"}],"replies":[{"embeddable":true,"href":"https:\/\/blasco-mentor-solliestoucas.fr\/index.php\/wp-json\/wp\/v2\/comments?post=1997"}],"version-history":[{"count":12,"href":"https:\/\/blasco-mentor-solliestoucas.fr\/index.php\/wp-json\/wp\/v2\/pages\/1997\/revisions"}],"predecessor-version":[{"id":2504,"href":"https:\/\/blasco-mentor-solliestoucas.fr\/index.php\/wp-json\/wp\/v2\/pages\/1997\/revisions\/2504"}],"wp:attachment":[{"href":"https:\/\/blasco-mentor-solliestoucas.fr\/index.php\/wp-json\/wp\/v2\/media?parent=1997"}],"wp:term":[{"taxonomy":"category","embeddable":true,"href":"https:\/\/blasco-mentor-solliestoucas.fr\/index.php\/wp-json\/wp\/v2\/categories?post=1997"},{"taxonomy":"post_tag","embeddable":true,"href":"https:\/\/blasco-mentor-solliestoucas.fr\/index.php\/wp-json\/wp\/v2\/tags?post=1997"}],"curies":[{"name":"wp","href":"https:\/\/api.w.org\/{rel}","templated":true}]}}