{"id":2039,"date":"2018-12-02T11:31:39","date_gmt":"2018-12-02T10:31:39","guid":{"rendered":"http:\/\/blasco-mentor-solliestoucas.fr\/?page_id=2039"},"modified":"2020-11-24T15:08:44","modified_gmt":"2020-11-24T14:08:44","slug":"politique-de-confidentialite","status":"publish","type":"page","link":"https:\/\/blasco-mentor-solliestoucas.fr\/index.php\/politique-de-confidentialite\/","title":{"rendered":"Politique de confidentialit\u00e9"},"content":{"rendered":"<h2>Editeur et Responsable de la publication<\/h2>\n<p><strong><a href=\"http:\/\/blasco-mentor-solliestoucas.fr\/\">blasco-mentor-solliestoucas.fr<\/a><br \/>\n<\/strong><\/p>\n<p>Les propos tenus sur ce site ne repr\u00e9sentent que l\u2019opinion de leur auteur et n\u2019engagent pas les soci\u00e9t\u00e9s, entreprises ou collectifs auxquels il contribue ou dont il peut \u00eatre associ\u00e9 ou employ\u00e9.<\/p>\n<h2>H\u00e9bergement<\/h2>\n<p><strong>OVH<\/strong><\/p>\n<h2>Donn\u00e9es personnelles<\/h2>\n<p style=\"text-align: justify;\">Les donn\u00e9es personnelles collect\u00e9es par&nbsp;<strong><a href=\"http:\/\/blasco-mentor-solliestoucas.fr\/\">blasco-mentor-solliestoucas.fr<\/a><\/strong><strong>&nbsp;<\/strong>&nbsp; sont uniquement destin\u00e9es \u00e0 un usage interne.<\/p>\n<p style=\"text-align: justify;\">En aucun cas ces donn\u00e9es ne seront c\u00e9d\u00e9es ou vendues \u00e0 des tiers. Elles ne sont collect\u00e9es que:<\/p>\n<ul>\n<li style=\"text-align: justify;\">dans le cadre des statistiques de fr\u00e9quentation du site.<\/li>\n<li style=\"text-align: justify;\">la gestion des adh\u00e9sions<\/li>\n<\/ul>\n<h2 style=\"text-align: justify;\">Limitation de responsabilit\u00e9<\/h2>\n<p style=\"text-align: justify;\">Ce portail comporte des informations mises \u00e0 disposition par des soci\u00e9t\u00e9s externes ou des liens hypertextes vers d\u2019autres sites qui n\u2019ont pas \u00e9t\u00e9 d\u00e9velopp\u00e9s par<strong> <a href=\"http:\/\/blasco-mentor-solliestoucas.fr\/\">blasco-mentor-solliestoucas.fr<\/a><br \/>\n<\/strong><\/p>\n<p style=\"text-align: justify;\">Le contenu mis \u00e0 disposition sur le site est fourni \u00e0 titre informatif. L\u2019existence d\u2019un lien de ce site vers un autre site ne constitue pas une validation de ce site ou de son contenu.<\/p>\n<p style=\"text-align: justify;\">Il appartient \u00e0 l\u2019internaute d\u2019utiliser ces informations avec discernement et esprit critique. La responsabilit\u00e9 de <strong><a href=\"http:\/\/blasco-mentor-solliestoucas.fr\/\">blasco-mentor-solliestoucas.fr<\/a><\/strong><a href=\"http:\/\/www.renegrisolle-solliespont.fr\" target=\"_blank\" rel=\"noopener noreferrer\"><strong>&nbsp;<\/strong><\/a>ne saurait \u00eatre engag\u00e9e du fait aux informations, opinions et recommandations formul\u00e9es par des tiers.<\/p>\n<h2>Licences, droits de reproduction<\/h2>\n<p style=\"text-align: justify;\">Sauf mention contraire explicite, les documents publi\u00e9s ou t\u00e9l\u00e9chargeables sur <strong><a href=\"http:\/\/blasco-mentor-solliestoucas.fr\/\">blasco-mentor-solliestoucas.fr<\/a><\/strong>&nbsp;sont sous licence Creative Commons BY-NC-SA, qui autorise leur reproduction et leur modification sous r\u00e9serve :<\/p>\n<ul style=\"text-align: justify;\">\n<li>de respect de leur paternit\u00e9. Vous devez citer le nom de l\u2019auteur original.<\/li>\n<li>d\u2019absence d\u2019utilisation commerciale. Vous n\u2019avez pas le droit d\u2019utiliser cette cr\u00e9ation \u00e0 des fins commerciales.<\/li>\n<li>de partage des conditions initiales \u00e0 l\u2019Identique. Si vous modifiez, transformez ou adaptez cette cr\u00e9ation, vous n\u2019avez le droit de distribuer la cr\u00e9ation qui en r\u00e9sulte que sous un contrat identique \u00e0 celui-ci.<\/li>\n<li>de reproduire \u00e0 chaque r\u00e9utilisation ou distribution, la mention de cette licence \u00e0 l\u2019identique Creative Commons BY-NC-SA.<\/li>\n<\/ul>\n<p style=\"text-align: justify;\">Le logiciel WordPress, est plac\u00e9 sous licence GPL.<\/p>\n<h2>Qui sommes-nous&nbsp;?<\/h2>\n<p>L\u2019adresse de notre site Web est&nbsp;: http:\/\/<strong><a href=\"http:\/\/blasco-mentor-solliestoucas.fr\/\">blasco-mentor-solliestoucas.fr<\/a><\/strong><\/p>\n<p><strong>Utilisation des donn\u00e9es personnelles collect\u00e9es<\/strong><\/p>\n<p><strong>Commentaires<\/strong><\/p>\n<p style=\"text-align: justify;\">Quand vous laissez un commentaire sur notre site web si c\u2019est possible, les donn\u00e9es inscrites dans le formulaire de commentaire, mais aussi votre adresse IP et l\u2019agent utilisateur de votre navigateur sont collect\u00e9s pour nous aider \u00e0 la d\u00e9tection des commentaires ind\u00e9sirables.<\/p>\n<p style=\"text-align: justify;\">Une cha\u00eene anonymis\u00e9e cr\u00e9\u00e9e \u00e0 partir de votre adresse de messagerie (\u00e9galement appel\u00e9e hash) peut \u00eatre envoy\u00e9e au service Gravatar pour v\u00e9rifier si vous utilisez ce dernier. Les clauses de confidentialit\u00e9 du service Gravatar sont disponibles ici&nbsp;: https:\/\/automattic.com\/privacy\/. Apr\u00e8s validation de votre commentaire, votre photo de profil sera visible publiquement \u00e0 cot\u00e9 de votre commentaire.<\/p>\n<p><strong>M\u00e9dias<\/strong><\/p>\n<p style=\"text-align: justify;\">Si vous \u00eates un utilisateur ou une utilisatrice enregistr\u00e9\u00b7e et que vous t\u00e9l\u00e9versez des images sur le site web, nous vous conseillons d\u2019\u00e9viter de t\u00e9l\u00e9verser des images contenant des donn\u00e9es EXIF de coordonn\u00e9es GPS. Les visiteurs de votre site web peuvent t\u00e9l\u00e9charger et extraire des donn\u00e9es de localisation depuis ces images.<\/p>\n<p style=\"text-align: justify;\"><strong>Formulaires de contact<\/strong><\/p>\n<p style=\"text-align: justify;\">Quand vous saisissez les informations sur le formulaire de contact vous acceptez et validez de ce fait leurs utilisations.<br \/>\nAucune donn\u00e9es n\u2019est transmises, ni d\u00e9tourn\u00e9es de l\u2019utilisation principale qui est la newsletter.<\/p>\n<p style=\"text-align: justify;\"><strong>Cookies<\/strong><\/p>\n<p style=\"text-align: justify;\">Si vous d\u00e9posez un commentaire sur notre site, il vous sera propos\u00e9 d\u2019enregistrer votre nom, adresse de messagerie et site web dans des cookies. C\u2019est uniquement pour votre confort afin de ne pas avoir \u00e0 saisir ces informations si vous d\u00e9posez un autre commentaire plus tard. Ces cookies expirent au bout d\u2019un an.<\/p>\n<p style=\"text-align: justify;\">Si vous avez un compte et que vous vous connectez sur ce site, un cookie temporaire sera cr\u00e9\u00e9 afin de d\u00e9terminer si votre navigateur accepte les cookies. Il ne contient pas de donn\u00e9es personnelles et sera supprim\u00e9 automatiquement \u00e0 la fermeture de votre navigateur.<\/p>\n<p style=\"text-align: justify;\">Lorsque vous vous connecterez, nous mettrons en place un certain nombre de cookies pour enregistrer vos informations de connexion et vos pr\u00e9f\u00e9rences d\u2019\u00e9cran. La dur\u00e9e de vie d\u2019un cookie de connexion est de deux jours, celle d\u2019un cookie d\u2019option d\u2019\u00e9cran est d\u2019un an. Si vous cochez \u00ab&nbsp;Se souvenir de moi&nbsp;\u00bb, votre cookie de connexion sera conserv\u00e9 pendant deux semaines. Si vous vous d\u00e9connectez de votre compte, le cookie de connexion sera effac\u00e9.<\/p>\n<p style=\"text-align: justify;\">En modifiant ou en publiant un article, un cookie suppl\u00e9mentaire sera enregistr\u00e9 dans votre navigateur. Ce cookie ne comprend aucune donn\u00e9e personnelle. Il indique simplement l\u2019identifiant de l\u2019article que vous venez de modifier. Il expire au bout d\u2019un jour.<\/p>\n<p style=\"text-align: justify;\"><strong>Contenu embarqu\u00e9 depuis d\u2019autres sites<\/strong><\/p>\n<p style=\"text-align: justify;\">Les articles de ce site peuvent inclure des contenus int\u00e9gr\u00e9s (par exemple des vid\u00e9os, images, articles\u2026). Le contenu int\u00e9gr\u00e9 depuis d\u2019autres sites se comporte de la m\u00eame mani\u00e8re que si le visiteur se rendait sur cet autre site.<\/p>\n<p style=\"text-align: justify;\">Ces sites web pourraient collecter des donn\u00e9es sur vous, utiliser des cookies, embarquer des outils de suivis tiers, suivre vos interactions avec ces contenus embarqu\u00e9s si vous disposez d\u2019un compte connect\u00e9 sur leur site web.<\/p>\n<p style=\"text-align: justify;\"><strong>Utilisation et transmission de vos donn\u00e9es personnelles<\/strong><\/p>\n<p style=\"text-align: justify;\">Les donn\u00e9es stock\u00e9es ne sont ni transmises \u00e0 des tiers, ni utilis\u00e9es \u00e0 des fins autres que la newsletter.<\/p>\n<p style=\"text-align: justify;\"><strong>Dur\u00e9es de stockage de vos donn\u00e9es<\/strong><\/p>\n<p style=\"text-align: justify;\">Si vous laissez un commentaire, le commentaire et ses m\u00e9tadonn\u00e9es sont conserv\u00e9s ind\u00e9finiment. Cela permet de reconna\u00eetre et approuver automatiquement les commentaires suivants au lieu de les laisser dans la file de mod\u00e9ration.<\/p>\n<p style=\"text-align: justify;\">Pour les utilisateurs et utilisatrices qui s\u2019enregistrent sur notre site (si cela est possible), nous stockons \u00e9galement les donn\u00e9es personnelles indiqu\u00e9es. Tous les utilisateurs et utilisatrices peuvent voir, modifier ou supprimer leurs informations personnelles \u00e0 tout moment (\u00e0 l\u2019exception de leur nom d\u2019utilisateur\u00b7ice). Les gestionnaires du site peuvent aussi voir et modifier ces informations.<\/p>\n<p style=\"text-align: justify;\"><strong>Les droits que vous avez sur vos donn\u00e9es<\/strong><\/p>\n<p style=\"text-align: justify;\">Si vous avez un compte ou si vous avez laiss\u00e9 des commentaires sur le site, vous pouvez demander \u00e0 recevoir un fichier contenant toutes les donn\u00e9es personnelles que nous poss\u00e9dons \u00e0 votre sujet, incluant celles que vous nous avez fournies. Vous pouvez \u00e9galement demander la suppression des donn\u00e9es personnelles vous concernant. Cela ne prend pas en compte les donn\u00e9es stock\u00e9es \u00e0 des fins administratives, l\u00e9gales ou pour des raisons de s\u00e9curit\u00e9.<\/p>\n<p style=\"text-align: justify;\">Contact pour la suppression des donn\u00e9es&nbsp;:<\/p>\n<p style=\"text-align: justify;\"><strong>Transmission de vos donn\u00e9es personnelles<\/strong><\/p>\n<p style=\"text-align: justify;\">Aucune donn\u00e9e n\u2019est transmise \u00e0 des tiers.<\/p>\n<p>&nbsp;<\/p>\n","protected":false},"excerpt":{"rendered":"<p>Editeur et Responsable de la publication blasco-mentor-solliestoucas.fr Les propos tenus sur ce site ne repr\u00e9sentent que l\u2019opinion de leur auteur et n\u2019engagent pas les soci\u00e9t\u00e9s, entreprises ou collectifs auxquels il contribue ou dont il peut \u00eatre associ\u00e9 ou employ\u00e9. H\u00e9bergement &hellip; <a href=\"https:\/\/blasco-mentor-solliestoucas.fr\/index.php\/politique-de-confidentialite\/\">Continuer la lecture <span class=\"meta-nav\">&rarr;<\/span><\/a><\/p>\n","protected":false},"author":2,"featured_media":21,"parent":0,"menu_order":0,"comment_status":"closed","ping_status":"closed","template":"onecolumn-page.php","meta":{"ngg_post_thumbnail":0,"footnotes":""},"categories":[],"tags":[],"class_list":["post-2039","page","type-page","status-publish","has-post-thumbnail","hentry"],"lang":"fr","translations":{"fr":2039,"es":2987},"pll_sync_post":[],"_links":{"self":[{"href":"https:\/\/blasco-mentor-solliestoucas.fr\/index.php\/wp-json\/wp\/v2\/pages\/2039","targetHints":{"allow":["GET"]}}],"collection":[{"href":"https:\/\/blasco-mentor-solliestoucas.fr\/index.php\/wp-json\/wp\/v2\/pages"}],"about":[{"href":"https:\/\/blasco-mentor-solliestoucas.fr\/index.php\/wp-json\/wp\/v2\/types\/page"}],"author":[{"embeddable":true,"href":"https:\/\/blasco-mentor-solliestoucas.fr\/index.php\/wp-json\/wp\/v2\/users\/2"}],"replies":[{"embeddable":true,"href":"https:\/\/blasco-mentor-solliestoucas.fr\/index.php\/wp-json\/wp\/v2\/comments?post=2039"}],"version-history":[{"count":5,"href":"https:\/\/blasco-mentor-solliestoucas.fr\/index.php\/wp-json\/wp\/v2\/pages\/2039\/revisions"}],"predecessor-version":[{"id":3229,"href":"https:\/\/blasco-mentor-solliestoucas.fr\/index.php\/wp-json\/wp\/v2\/pages\/2039\/revisions\/3229"}],"wp:featuredmedia":[{"embeddable":true,"href":"https:\/\/blasco-mentor-solliestoucas.fr\/index.php\/wp-json\/wp\/v2\/media\/21"}],"wp:attachment":[{"href":"https:\/\/blasco-mentor-solliestoucas.fr\/index.php\/wp-json\/wp\/v2\/media?parent=2039"}],"wp:term":[{"taxonomy":"category","embeddable":true,"href":"https:\/\/blasco-mentor-solliestoucas.fr\/index.php\/wp-json\/wp\/v2\/categories?post=2039"},{"taxonomy":"post_tag","embeddable":true,"href":"https:\/\/blasco-mentor-solliestoucas.fr\/index.php\/wp-json\/wp\/v2\/tags?post=2039"}],"curies":[{"name":"wp","href":"https:\/\/api.w.org\/{rel}","templated":true}]}}