{"id":2164,"date":"2018-12-10T05:22:49","date_gmt":"2018-12-10T04:22:49","guid":{"rendered":"http:\/\/blasco-mentor-solliestoucas.fr\/?page_id=2164"},"modified":"2023-04-29T08:58:40","modified_gmt":"2023-04-29T06:58:40","slug":"brouillon-auto","status":"publish","type":"page","link":"https:\/\/blasco-mentor-solliestoucas.fr\/index.php\/brouillon-auto\/","title":{"rendered":"Pr\u00e9sentation"},"content":{"rendered":"<p><img loading=\"lazy\" decoding=\"async\" class=\"alignnone size-full wp-image-21\" src=\"http:\/\/blasco-mentor-solliestoucas.fr\/wp-content\/uploads\/2018\/11\/logo.png\" alt=\"\" width=\"114\" height=\"114\" srcset=\"https:\/\/blasco-mentor-solliestoucas.fr\/wp-content\/uploads\/2018\/11\/logo.png 114w, https:\/\/blasco-mentor-solliestoucas.fr\/wp-content\/uploads\/2018\/11\/logo-60x60.png 60w\" sizes=\"auto, (max-width: 114px) 100vw, 114px\" \/><\/p>\n<p style=\"text-align: justify;\">L&rsquo; association \u00ab\u00a0Les amis de l\u2019\u0153uvre de Blasco Mentor\u00a0\u00bb s&rsquo;est donn\u00e9e entre autres objectifs:<\/p>\n<p style=\"text-align: justify;\">&#8211; soutenir et d&rsquo;encourager la cr\u00e9ation d\u2019un mus\u00e9e consacr\u00e9 \u00e0 Blasco Mentor (sa vie, son \u0153uvre, son rayonnement) \u00e0 Solli\u00e8s Toucas afin de p\u00e9renniser et participer au rayonnement de l\u2019\u0153uvre de cet artiste,<\/p>\n<p style=\"text-align: justify;\">&#8211; de favoriser les rencontres entre acteurs du monde de la culture autour de l\u2019\u0153uvre de Mentor<\/p>\n<p style=\"text-align: justify;\">&#8211; de permettre une meilleure compr\u00e9hension de son \u0153uvre<strong>,<\/strong><\/p>\n<p style=\"text-align: justify;\">-d\u2019encourager le d\u00e9bat sur son \u0153uvre, la confrontation des points de vue, afin de devenir une plateforme de r\u00e9flexion prospective, de propositions innovantes et concr\u00e8tes \u00e0 l\u2019\u00e9chelle r\u00e9gionale, nationale et internationale.<\/p>\n","protected":false},"excerpt":{"rendered":"<p>L&rsquo; association \u00ab\u00a0Les amis de l\u2019\u0153uvre de Blasco Mentor\u00a0\u00bb s&rsquo;est donn\u00e9e entre autres objectifs: &#8211; soutenir et d&rsquo;encourager la cr\u00e9ation d\u2019un mus\u00e9e consacr\u00e9 \u00e0 Blasco Mentor (sa vie, son \u0153uvre, son rayonnement) \u00e0 Solli\u00e8s Toucas afin de p\u00e9renniser et participer &hellip; <a href=\"https:\/\/blasco-mentor-solliestoucas.fr\/index.php\/brouillon-auto\/\">Continuer la lecture <span class=\"meta-nav\">&rarr;<\/span><\/a><\/p>\n","protected":false},"author":2,"featured_media":0,"parent":0,"menu_order":0,"comment_status":"closed","ping_status":"closed","template":"onecolumn-page.php","meta":{"ngg_post_thumbnail":0,"footnotes":""},"categories":[],"tags":[],"class_list":["post-2164","page","type-page","status-publish","hentry"],"lang":"fr","translations":{"fr":2164,"es":2899},"pll_sync_post":[],"_links":{"self":[{"href":"https:\/\/blasco-mentor-solliestoucas.fr\/index.php\/wp-json\/wp\/v2\/pages\/2164","targetHints":{"allow":["GET"]}}],"collection":[{"href":"https:\/\/blasco-mentor-solliestoucas.fr\/index.php\/wp-json\/wp\/v2\/pages"}],"about":[{"href":"https:\/\/blasco-mentor-solliestoucas.fr\/index.php\/wp-json\/wp\/v2\/types\/page"}],"author":[{"embeddable":true,"href":"https:\/\/blasco-mentor-solliestoucas.fr\/index.php\/wp-json\/wp\/v2\/users\/2"}],"replies":[{"embeddable":true,"href":"https:\/\/blasco-mentor-solliestoucas.fr\/index.php\/wp-json\/wp\/v2\/comments?post=2164"}],"version-history":[{"count":9,"href":"https:\/\/blasco-mentor-solliestoucas.fr\/index.php\/wp-json\/wp\/v2\/pages\/2164\/revisions"}],"predecessor-version":[{"id":4648,"href":"https:\/\/blasco-mentor-solliestoucas.fr\/index.php\/wp-json\/wp\/v2\/pages\/2164\/revisions\/4648"}],"wp:attachment":[{"href":"https:\/\/blasco-mentor-solliestoucas.fr\/index.php\/wp-json\/wp\/v2\/media?parent=2164"}],"wp:term":[{"taxonomy":"category","embeddable":true,"href":"https:\/\/blasco-mentor-solliestoucas.fr\/index.php\/wp-json\/wp\/v2\/categories?post=2164"},{"taxonomy":"post_tag","embeddable":true,"href":"https:\/\/blasco-mentor-solliestoucas.fr\/index.php\/wp-json\/wp\/v2\/tags?post=2164"}],"curies":[{"name":"wp","href":"https:\/\/api.w.org\/{rel}","templated":true}]}}