{"id":2166,"date":"2018-12-10T05:23:37","date_gmt":"2018-12-10T04:23:37","guid":{"rendered":"http:\/\/blasco-mentor-solliestoucas.fr\/?page_id=2166"},"modified":"2020-11-24T15:04:27","modified_gmt":"2020-11-24T14:04:27","slug":"brouillon-auto-2","status":"publish","type":"page","link":"https:\/\/blasco-mentor-solliestoucas.fr\/index.php\/lassociation\/brouillon-auto-2\/","title":{"rendered":"Pourquoi un Mus\u00e9e Mentor \u00e0 Sollies-Toucas"},"content":{"rendered":"<p><img loading=\"lazy\" decoding=\"async\" class=\"alignnone size-full wp-image-21\" src=\"http:\/\/blasco-mentor-solliestoucas.fr\/wp-content\/uploads\/2018\/11\/logo.png\" alt=\"\" width=\"114\" height=\"114\" srcset=\"https:\/\/blasco-mentor-solliestoucas.fr\/wp-content\/uploads\/2018\/11\/logo.png 114w, https:\/\/blasco-mentor-solliestoucas.fr\/wp-content\/uploads\/2018\/11\/logo-60x60.png 60w\" sizes=\"auto, (max-width: 114px) 100vw, 114px\" \/><\/p>\n<p style=\"text-align: justify;\">Dans l\u2019\u0153uvre de Mentor, le go\u00fbt de la f\u00e9erie et le sentiment de la r\u00e9alit\u00e9 coexistent. Des compositions riches, des nus aux formes pleines, des bouquets aux fleurs serr\u00e9es les unes contre les autres, un art divers, une mati\u00e8re rugueuse, \u00e9paisse, parfois lisse et l\u00e9g\u00e8re&nbsp;: pas de place pour le vide. Une sensualit\u00e9, un art sans concession ni artifice. Le dessin ferme, la peinture aux couleurs chaudes et aux emp\u00e2tements somptueux, contribuent tout autant \u00e0 la fantaisie qu\u2019\u00e0 la gravit\u00e9 des sujets gr\u00e2ce \u00e0 une technique amoureusement travaill\u00e9e.<\/p>\n<p style=\"text-align: justify;\">Telle est l\u2019\u0153uvre, peu connue aujourd\u2019hui des Toucassines et Toucassins, d\u2019un artiste qui passa la majeure partie de sa vie dans notre commune.<\/p>\n<p style=\"text-align: justify;\">La mort de Mentor laisse bien s\u00fbr un grand vide culturel mais aussi un h\u00e9ritage moral.&nbsp;Nous sommes tous porteurs et d\u00e9positaires de son \u0153uvre.<\/p>\n<p style=\"text-align: justify;\">Un tel patrimoine n\u2019appartient pas seulement \u00e0 notre commune, il participe au patrimoine collectif, c\u2019est-\u00e0-dire \u00e0 la m\u00e9moire de chacun. Il est important de le conserver afin que tous puissent le d\u00e9couvrir.<\/p>\n<p style=\"text-align: justify;\">L\u2019\u0153uvre de Mentor a donc&nbsp;sa place dans un mus\u00e9e, lieu de conservation de notre patrimoine, qui contribuera \u00e0 la mise en valeur de ses \u0153uvres, au d\u00e9veloppement d\u2019actions d\u2019\u00e9ducation et de diffusion visant \u00e0 assurer \u00e0 tous l\u2019\u00e9gal acc\u00e8s \u00e0 la culture. Il pourra proposer des expositions et manifestations diverses en relation avec Mentor et permettra un rayonnement de Solli\u00e8s-Toucas dans toute la r\u00e9gion et au-del\u00e0.<\/p>\n<p style=\"text-align: justify;\">Un mus\u00e9e est une institution permanente, sans but lucratif, au service de la soci\u00e9t\u00e9 et de son d\u00e9veloppement, ouverte au public, qui acquiert, conserve, \u00e9tudie, expose et transmet le patrimoine mat\u00e9riel et immat\u00e9riel de l\u2019humanit\u00e9 et de son environnement \u00e0 des fins d&rsquo;\u00e9tudes, d&rsquo;\u00e9ducation et de d\u00e9lectation.&nbsp;<\/p>\n<p style=\"text-align: justify;\">L\u2019association \u00ab&nbsp;<strong>Les Amis de l\u2019\u0152uvre de Blasco MENTOR <\/strong>\u00bb s\u2019est donn\u00e9e, entre autres objectifs, de soutenir et accompagner la cr\u00e9ation d\u2019un mus\u00e9e consacr\u00e9 \u00e0 Blasco MENTOR \u00e0 Solli\u00e8s-Toucas, afin de p\u00e9renniser et participer \u00e0 la diffusion, \u00e0 la connaissance de son \u0153uvre.<\/p>\n","protected":false},"excerpt":{"rendered":"<p>Dans l\u2019\u0153uvre de Mentor, le go\u00fbt de la f\u00e9erie et le sentiment de la r\u00e9alit\u00e9 coexistent. Des compositions riches, des nus aux formes pleines, des bouquets aux fleurs serr\u00e9es les unes contre les autres, un art divers, une mati\u00e8re rugueuse, &hellip; <a href=\"https:\/\/blasco-mentor-solliestoucas.fr\/index.php\/lassociation\/brouillon-auto-2\/\">Continuer la lecture <span class=\"meta-nav\">&rarr;<\/span><\/a><\/p>\n","protected":false},"author":2,"featured_media":0,"parent":1978,"menu_order":0,"comment_status":"closed","ping_status":"closed","template":"onecolumn-page.php","meta":{"ngg_post_thumbnail":0,"footnotes":""},"categories":[],"tags":[],"class_list":["post-2166","page","type-page","status-publish","hentry"],"lang":"fr","translations":{"fr":2166,"es":2910},"pll_sync_post":[],"_links":{"self":[{"href":"https:\/\/blasco-mentor-solliestoucas.fr\/index.php\/wp-json\/wp\/v2\/pages\/2166","targetHints":{"allow":["GET"]}}],"collection":[{"href":"https:\/\/blasco-mentor-solliestoucas.fr\/index.php\/wp-json\/wp\/v2\/pages"}],"about":[{"href":"https:\/\/blasco-mentor-solliestoucas.fr\/index.php\/wp-json\/wp\/v2\/types\/page"}],"author":[{"embeddable":true,"href":"https:\/\/blasco-mentor-solliestoucas.fr\/index.php\/wp-json\/wp\/v2\/users\/2"}],"replies":[{"embeddable":true,"href":"https:\/\/blasco-mentor-solliestoucas.fr\/index.php\/wp-json\/wp\/v2\/comments?post=2166"}],"version-history":[{"count":2,"href":"https:\/\/blasco-mentor-solliestoucas.fr\/index.php\/wp-json\/wp\/v2\/pages\/2166\/revisions"}],"predecessor-version":[{"id":2243,"href":"https:\/\/blasco-mentor-solliestoucas.fr\/index.php\/wp-json\/wp\/v2\/pages\/2166\/revisions\/2243"}],"up":[{"embeddable":true,"href":"https:\/\/blasco-mentor-solliestoucas.fr\/index.php\/wp-json\/wp\/v2\/pages\/1978"}],"wp:attachment":[{"href":"https:\/\/blasco-mentor-solliestoucas.fr\/index.php\/wp-json\/wp\/v2\/media?parent=2166"}],"wp:term":[{"taxonomy":"category","embeddable":true,"href":"https:\/\/blasco-mentor-solliestoucas.fr\/index.php\/wp-json\/wp\/v2\/categories?post=2166"},{"taxonomy":"post_tag","embeddable":true,"href":"https:\/\/blasco-mentor-solliestoucas.fr\/index.php\/wp-json\/wp\/v2\/tags?post=2166"}],"curies":[{"name":"wp","href":"https:\/\/api.w.org\/{rel}","templated":true}]}}