{"id":2169,"date":"2018-12-10T05:24:24","date_gmt":"2018-12-10T04:24:24","guid":{"rendered":"http:\/\/blasco-mentor-solliestoucas.fr\/?page_id=2169"},"modified":"2023-05-31T19:36:51","modified_gmt":"2023-05-31T17:36:51","slug":"gouvernance","status":"publish","type":"page","link":"https:\/\/blasco-mentor-solliestoucas.fr\/index.php\/lassociation\/gouvernance\/","title":{"rendered":"Gouvernance"},"content":{"rendered":"<p><img loading=\"lazy\" decoding=\"async\" class=\"alignnone size-full wp-image-21\" src=\"http:\/\/blasco-mentor-solliestoucas.fr\/wp-content\/uploads\/2018\/11\/logo.png\" alt=\"\" width=\"114\" height=\"114\" srcset=\"https:\/\/blasco-mentor-solliestoucas.fr\/wp-content\/uploads\/2018\/11\/logo.png 114w, https:\/\/blasco-mentor-solliestoucas.fr\/wp-content\/uploads\/2018\/11\/logo-60x60.png 60w\" sizes=\"auto, (max-width: 114px) 100vw, 114px\" \/><\/p>\n<p>L&rsquo;association est dirig\u00e9e par un conseil de 6 membres, \u00e9lus pour 3 ann\u00e9es par l&rsquo;assembl\u00e9e g\u00e9n\u00e9rale.<\/p>\n<p>Les membres du conseil sont:<\/p>\n<ul>\n<li><strong>Pr\u00e9sident<\/strong> :&nbsp; Alain de Lespinois&nbsp;<\/li>\n<li><strong>Vice pr\u00e9sident<\/strong> :&nbsp; Jean Pierre Calonge&nbsp;<\/li>\n<li><strong>Secr\u00e9taire<\/strong> :&nbsp; Paule Forner&nbsp;<\/li>\n<li><strong>Secr\u00e9taire adjointe<\/strong> :&nbsp; Line Bou\u00e9&nbsp;<\/li>\n<li><strong>Tr\u00e9sorier<\/strong> :&nbsp; Jean Paul Kassangoye&nbsp;<\/li>\n<li><strong>Tr\u00e9sorier adjoint<\/strong> : Didier Ellena&nbsp;<\/li>\n<\/ul>\n<p>Solli\u00e8s Toucas le 27 mai 2023<\/p>\n","protected":false},"excerpt":{"rendered":"<p>L&rsquo;association est dirig\u00e9e par un conseil de 6 membres, \u00e9lus pour 3 ann\u00e9es par l&rsquo;assembl\u00e9e g\u00e9n\u00e9rale. Les membres du conseil sont: Pr\u00e9sident :&nbsp; Alain de Lespinois&nbsp; Vice pr\u00e9sident :&nbsp; Jean Pierre Calonge&nbsp; Secr\u00e9taire :&nbsp; Paule Forner&nbsp; Secr\u00e9taire adjointe :&nbsp; Line &hellip; <a href=\"https:\/\/blasco-mentor-solliestoucas.fr\/index.php\/lassociation\/gouvernance\/\">Continuer la lecture <span class=\"meta-nav\">&rarr;<\/span><\/a><\/p>\n","protected":false},"author":2,"featured_media":0,"parent":1978,"menu_order":0,"comment_status":"closed","ping_status":"closed","template":"onecolumn-page.php","meta":{"ngg_post_thumbnail":0,"footnotes":""},"categories":[],"tags":[],"class_list":["post-2169","page","type-page","status-publish","hentry"],"lang":"fr","translations":{"fr":2169,"es":2913},"pll_sync_post":[],"_links":{"self":[{"href":"https:\/\/blasco-mentor-solliestoucas.fr\/index.php\/wp-json\/wp\/v2\/pages\/2169","targetHints":{"allow":["GET"]}}],"collection":[{"href":"https:\/\/blasco-mentor-solliestoucas.fr\/index.php\/wp-json\/wp\/v2\/pages"}],"about":[{"href":"https:\/\/blasco-mentor-solliestoucas.fr\/index.php\/wp-json\/wp\/v2\/types\/page"}],"author":[{"embeddable":true,"href":"https:\/\/blasco-mentor-solliestoucas.fr\/index.php\/wp-json\/wp\/v2\/users\/2"}],"replies":[{"embeddable":true,"href":"https:\/\/blasco-mentor-solliestoucas.fr\/index.php\/wp-json\/wp\/v2\/comments?post=2169"}],"version-history":[{"count":8,"href":"https:\/\/blasco-mentor-solliestoucas.fr\/index.php\/wp-json\/wp\/v2\/pages\/2169\/revisions"}],"predecessor-version":[{"id":4690,"href":"https:\/\/blasco-mentor-solliestoucas.fr\/index.php\/wp-json\/wp\/v2\/pages\/2169\/revisions\/4690"}],"up":[{"embeddable":true,"href":"https:\/\/blasco-mentor-solliestoucas.fr\/index.php\/wp-json\/wp\/v2\/pages\/1978"}],"wp:attachment":[{"href":"https:\/\/blasco-mentor-solliestoucas.fr\/index.php\/wp-json\/wp\/v2\/media?parent=2169"}],"wp:term":[{"taxonomy":"category","embeddable":true,"href":"https:\/\/blasco-mentor-solliestoucas.fr\/index.php\/wp-json\/wp\/v2\/categories?post=2169"},{"taxonomy":"post_tag","embeddable":true,"href":"https:\/\/blasco-mentor-solliestoucas.fr\/index.php\/wp-json\/wp\/v2\/tags?post=2169"}],"curies":[{"name":"wp","href":"https:\/\/api.w.org\/{rel}","templated":true}]}}