{"id":2171,"date":"2018-12-10T05:25:07","date_gmt":"2018-12-10T04:25:07","guid":{"rendered":"http:\/\/blasco-mentor-solliestoucas.fr\/?page_id=2171"},"modified":"2024-04-27T11:25:06","modified_gmt":"2024-04-27T09:25:06","slug":"status-de-lassociation","status":"publish","type":"page","link":"https:\/\/blasco-mentor-solliestoucas.fr\/index.php\/lassociation\/status-de-lassociation\/","title":{"rendered":"Statuts de l&rsquo;association"},"content":{"rendered":"\n<p><strong>STATUTS de l\u2019Association approuv\u00e9s par l\u2019AGO du 27 Avril 2019 <\/strong><\/p>\n<p style=\"text-align: justify;\"><strong>Les Amis de l\u2019\u0153uvre de Blasco Mentor<\/strong><\/p>\n<p><strong>ARTICLE 1 &#8211; NOM<\/strong><br><br>Il est fond\u00e9 entre les adh\u00e9rents aux pr\u00e9sents statuts une association r\u00e9gie par la loi du 1<sup>er<\/sup> juillet 1901 et le d\u00e9cret du 16 ao\u00fbt 1901, ayant pour titre :<\/p>\n<p><strong>Les Amis de l\u2019\u0152uvre de Blasco Mentor<\/strong><\/p>\n<p><strong>ARTICLE 2 &#8211; BUT- OBJET<\/strong><br><br>Cette association a pour objet&nbsp;:<\/p>\n<ul>\n<li style=\"text-align: justify;\">soutenir et accompagner la cr\u00e9ation d\u2019un mus\u00e9e consacr\u00e9 \u00e0 Blasco Mentor (sa vie, son \u0153uvre, son rayonnement) \u00e0 Solli\u00e8s Toucas afin de p\u00e9renniser et participer au rayonnement de l\u2019\u0153uvre de cet artiste,<\/li>\n<li style=\"text-align: justify;\">de favoriser les rencontres entre acteurs du monde de la culture autour de l\u2019\u0153uvre de Mentor<\/li>\n<li style=\"text-align: justify;\">de permettre une meilleure compr\u00e9hension de son \u0153uvre<strong>,<\/strong><\/li>\n<li style=\"text-align: justify;\">d\u2019encourager le d\u00e9bat sur son \u0153uvre, la confrontation des points de vue, afin de devenir une plateforme de r\u00e9flexion prospective, de propositions innovantes et concr\u00e8tes \u00e0 l\u2019\u00e9chelle r\u00e9gionale, nationale et internationale,<\/li>\n<\/ul>\n<p style=\"text-align: justify;\">L\u2019association <strong>Les amis de l\u2019\u0153uvre de Blasco Mentor<\/strong> se veut compl\u00e9mentaire des actions de fonds de la dotation Univers Mentor (paru le 24\/09\/2011 au Journal Officiel), qui seule poss\u00e8de le cadre juridique permettant la promotion de l&rsquo;\u0153uvre et la r\u00e9alisation du mus\u00e9e, en exprimant les souhaits des habitants de Solli\u00e8s Toucas int\u00e9ress\u00e9s sur la fa\u00e7on de mettre en valeur le legs de l\u2019artiste.<\/p>\n<h3 style=\"text-align: justify;\">ARTICLE 3 &#8211; SI\u00c8GE SOCIAL <br><br>Le si\u00e8ge social est fix\u00e9 \u00e0 la Mairie de Solli\u00e8s Toucas 83210 &nbsp;Place Cl\u00e9ment Balestra Monsieur Alain de Lespinois.<\/h3>\n<h3 style=\"text-align: justify;\">Il pourra \u00eatre transf\u00e9r\u00e9 par simple d\u00e9cision du conseil ratifi\u00e9e par l\u2019assembl\u00e9e g\u00e9n\u00e9rale.<\/h3>\n<p><strong>ARTICLE &nbsp;4 &#8211; DUREE <\/strong><\/p>\n<p>La dur\u00e9e de l\u2019association est illimit\u00e9e.<\/p>\n<p><strong>ARTICLE 5 &#8211; COMPOSITION <\/strong><br><br>L&rsquo;association se compose de personnes morales et physiques :<\/p>\n<ol>\n<li><br>a) Membres d&rsquo;honneurs<br>b) Membres bienfaiteurs (personnes physiques ou morales) ou sponsors ou partenaires<br>c) Membres actifs ou adh\u00e9rents<\/li>\n<li>d) Personnalit\u00e9s qualifi\u00e9es<\/li>\n<\/ol>\n<p><strong>ARTICLE 6 &#8211; ADMISSION <\/strong><\/p>\n<p>L\u2019association est ouverte \u00e0 tout public ayant explicitement exprim\u00e9 son int\u00e9r\u00eat et ses motivations pour les travaux de l\u2019association<\/p>\n<p><strong>ARTICLE 7 &#8211; MEMBRES \u2013 COTISATIONS<\/strong><\/p>\n<p>Sont membres actifs les personnes physiques ou morales qui versent une cotisation.<\/p>\n<p>Le montant des cotisations est fix\u00e9 chaque ann\u00e9e par l&rsquo;assembl\u00e9e g\u00e9n\u00e9rale sur proposition du conseil.<\/p>\n<p>Le montant initial sera fix\u00e9 lors de l\u2019assembl\u00e9e constituante.<\/p>\n<p>Il est pr\u00e9cis\u00e9 que les membres d\u00e9finis article 5 paragraphe b ci-dessus sont invit\u00e9s de droit \u00e0 tous les \u00e9v\u00e9nements de l\u2019association.<\/p>\n<p style=\"text-align: justify;\"><strong>ARTICLE 8 &#8211; RADIATIONS <\/strong><br><br>La qualit\u00e9 de membre se perd par :<br>a) La d\u00e9mission ;<br>b) Le d\u00e9c\u00e8s ;<br>c) La radiation prononc\u00e9e par le conseil &nbsp;pour non-paiement de la cotisation ou pour motif grave, l&rsquo;int\u00e9ress\u00e9 ayant \u00e9t\u00e9 invit\u00e9 par lettre recommand\u00e9e \u00e0 fournir des explications devant le conseil &nbsp;et\/ou par \u00e9crit. La radiation doit \u00eatre confirm\u00e9e par l\u2019assembl\u00e9e g\u00e9n\u00e9rale&nbsp;;<\/p>\n<p><strong>ARTICLE 9 &#8211; AFFILIATION<\/strong><\/p>\n<p>La pr\u00e9sente association peut adh\u00e9rer \u00e0 d\u2019autres associations, unions ou regroupements par d\u00e9cision du conseil confirm\u00e9e par l\u2019assembl\u00e9e g\u00e9n\u00e9rale.<\/p>\n<p style=\"text-align: justify;\"><strong>ARTICLE 10 &#8211; RESSOURCES <\/strong><br><br>Les ressources de l&rsquo;association comprennent :<br>1\u00b0 Le montant des droits d&rsquo;entr\u00e9e et des cotisations;<br>2\u00b0 Les subventions de l&rsquo;Etat, des r\u00e9gions, des d\u00e9partements et des communes&nbsp;, ou de l\u2019Europe<br><em>3\u00b0 <\/em>Toutes les ressources autoris\u00e9es par les lois et r\u00e8glements en vigueur&nbsp;;<em>&nbsp; <br><\/em>L\u2019association pourra exercer des activit\u00e9s \u00e9conomiques et en particulier des \u00e9tudes pour le compte d\u2019administrations, de collectivit\u00e9s locales ou nationales ou services relatifs \u00e0 l\u2019organisation de colloques et conf\u00e9rences d\u00e9finis dans son objet&nbsp;;<\/p>\n<p><strong>ARTICLE 11 &#8211; ASSEMBLEE GENERALE ORDINAIRE <\/strong><br><br>L&rsquo;assembl\u00e9e g\u00e9n\u00e9rale ordinaire comprend tous les membres de l&rsquo;association \u00e0 quelque titre qu&rsquo;ils soient.<\/p>\n<p style=\"text-align: justify;\">Elle se r\u00e9unit chaque ann\u00e9e au plus tard le 30 juin. &nbsp;<br><br>Quinze jours au moins avant la date fix\u00e9e, les membres de l&rsquo;association sont convoqu\u00e9s par le Pr\u00e9sident. L&rsquo;ordre du jour figure sur les convocations. <br>Le Pr\u00e9sident, assist\u00e9 du secr\u00e9taire et de deux assesseurs choisis par l\u2019assembl\u00e9e dirige l&rsquo;assembl\u00e9e et expose la situation morale ou l\u2019activit\u00e9 de l&rsquo;association. <br>Le tr\u00e9sorier rend compte de sa gestion et soumet les comptes annuels (bilan, compte de r\u00e9sultat et annexe) \u00e0 l&rsquo;approbation de l&rsquo;assembl\u00e9e. <br>L\u2019assembl\u00e9e g\u00e9n\u00e9rale fixe le montant des cotisations annuelles et du droit d\u2019entr\u00e9e \u00e0 verser par les diff\u00e9rentes cat\u00e9gories de membres.<\/p>\n<p style=\"text-align: justify;\">Ne peuvent \u00eatre abord\u00e9s que les points inscrits \u00e0 l&rsquo;ordre du jour. <br>Les d\u00e9cisions sont prises \u00e0 la majorit\u00e9 des voix des membres pr\u00e9sents ou repr\u00e9sent\u00e9s.<\/p>\n<p style=\"text-align: justify;\">Il est tenu proc\u00e8s-verbal des s\u00e9ances. Les proc\u00e8s-verbaux sont sign\u00e9s par le pr\u00e9sident et le secr\u00e9taire.<\/p>\n<p style=\"text-align: justify;\">Il est proc\u00e9d\u00e9, apr\u00e8s \u00e9puisement de l&rsquo;ordre du jour, au renouvellement des membres sortants du conseil.<br>Toutes les d\u00e9lib\u00e9rations sont prises \u00e0 main lev\u00e9e.<\/p>\n<p style=\"text-align: justify;\">Les d\u00e9cisions des assembl\u00e9es g\u00e9n\u00e9rales s\u2019imposent \u00e0 tous les membres, y compris les absents ou repr\u00e9sent\u00e9s.<\/p>\n<p style=\"text-align: justify;\"><strong>ARTICLE 12 &#8211; ASSEMBLEE GENERALE EXTRAORDINAIRE <\/strong><br><br>Si besoin est, ou sur la demande de la moiti\u00e9 plus un des membres inscrits, le pr\u00e9sident peut convoquer une assembl\u00e9e g\u00e9n\u00e9rale extraordinaire, suivant les modalit\u00e9s pr\u00e9vues aux pr\u00e9sents statuts et uniquement pour modification des statuts ou la dissolution ou pour des actes portant sur des immeubles.<\/p>\n<p style=\"text-align: justify;\">Les modalit\u00e9s de convocation sont les m\u00eames que pour l\u2019assembl\u00e9e g\u00e9n\u00e9rale ordinaire.<\/p>\n<p style=\"text-align: justify;\">Les d\u00e9lib\u00e9rations sont prises \u00e0 la majorit\u00e9 des membres pr\u00e9sents ou repr\u00e9sent\u00e9s.<\/p>\n<p style=\"text-align: justify;\"><br><strong>ARTICLE 13 &#8211; GOUVERNANCE<\/strong><br><br>L&rsquo;association est dirig\u00e9e par un conseil de 6 membres, \u00e9lus pour 3 ann\u00e9es par l&rsquo;assembl\u00e9e g\u00e9n\u00e9rale. Les membres sont r\u00e9\u00e9ligibles. <br><br>Le conseil \u00e9tant renouvel\u00e9 chaque ann\u00e9e par moiti\u00e9, la premi\u00e8re ann\u00e9e, les membres sortants sont d\u00e9sign\u00e9s par tirage au sort.<\/p>\n<p style=\"text-align: justify;\">En cas de vacances, le conseil pourvoit provisoirement au remplacement de ses membres. Il est proc\u00e9d\u00e9 \u00e0 leur remplacement d\u00e9finitif par la plus prochaine assembl\u00e9e g\u00e9n\u00e9rale. Les pouvoirs des membres ainsi \u00e9lus prennent fin \u00e0 l&rsquo;expiration du mandat des membres remplac\u00e9s. <br><br><\/p>\n<p>Le conseil se r\u00e9unit, au moins 2 fois dans l\u2019ann\u00e9e, et aussi souvent que n\u00e9cessaire, sur convocation du pr\u00e9sident, ou \u00e0 la demande du quart de ses membres. Les r\u00e9unions du conseil sont laiss\u00e9es \u00e0 l\u2019initiative du pr\u00e9sident<em>.<\/em><br><br>Les d\u00e9cisions sont prises \u00e0 la majorit\u00e9 des voix ; en cas de partage, la voix du pr\u00e9sident est pr\u00e9pond\u00e9rante. <br><br><strong>ARTICLE 14 \u2013 LE CONSEIL <\/strong><\/p>\n<p>L\u2019assembl\u00e9e g\u00e9n\u00e9rale \u00e9lit parmi ses membres, un conseil compos\u00e9 de :<\/p>\n<p><br>1) Un-e-pr\u00e9sident-e;<br>2) Un-e-vice-pr\u00e9sident-e;<br>3) Un-e-secr\u00e9tair-e;<\/p>\n<p>4) Un-e-secr\u00e9taire adjoint-e;<br>5) Un-e-tr\u00e9sorier-e;<\/p>\n<p>6) Un-e-tr\u00e9sorier-e&nbsp;adjoint-e;<br>&nbsp;Les fonctions de pr\u00e9sident et de tr\u00e9sorier ou tr\u00e9sorier adjoint ne sont pas cumulables.<\/p>\n<p>&nbsp;<\/p>\n<p><strong>ARTICLE 15 &#8211; REGLEMENT INTERIEUR <\/strong><br><br>Un r\u00e8glement int\u00e9rieur sera propos\u00e9 par le conseil d\u2019administration lors de la premi\u00e8re assembl\u00e9e g\u00e9n\u00e9rale.<\/p>\n<p style=\"text-align: justify;\"><br><strong>ARTICLE 16 &#8211; DISSOLUTION <\/strong><br><br>En cas de dissolution prononc\u00e9e selon les modalit\u00e9s pr\u00e9vues \u00e0 l\u2019article 12, un ou plusieurs liquidateurs sont nomm\u00e9s, et l&rsquo;actif net, s&rsquo;il y a lieu, est d\u00e9volu \u00e0 un organisme ayant un but non lucratif conform\u00e9ment aux d\u00e9cisions de l\u2019assembl\u00e9e g\u00e9n\u00e9rale extraordinaire qui statue sur la dissolution. L\u2019actif net ne peut \u00eatre d\u00e9volu \u00e0 un membre de l\u2019association, m\u00eame partiellement, sauf reprise d\u2019un apport.<\/p>\n<p><strong>ARTICLE 17- CONTROLE DES COMPTES<\/strong><\/p>\n<p>Le conseil \u00e0 l\u2019initiative du pr\u00e9sident peut d\u00e9signer parmi les membres de l\u2019association, mais en dehors de son sein, d\u2019une \u00e0 trois personnes charg\u00e9es du contr\u00f4le des comptes annuels avant la soumission de ceux-ci par le tr\u00e9sorier \u00e0 l\u2019assembl\u00e9e g\u00e9n\u00e9rale.&nbsp;<\/p>\n<p><strong>ARTICLE 18 -LIBERALITES&nbsp;<\/strong><\/p>\n<p style=\"text-align: justify;\">Les donations et les legs sont accept\u00e9s par d\u00e9lib\u00e9ration du conseil dans les conditions de l&rsquo;article 910 du code civil.<\/p>\n<p style=\"text-align: justify;\">Le rapport et les comptes annuels, tels que d\u00e9finis \u00e0 l\u2019article 11 sont adress\u00e9s chaque ann\u00e9e au Pr\u00e9fet du d\u00e9partement.<\/p>\n<p style=\"text-align: justify;\">L\u2019association s\u2019engage \u00e0 pr\u00e9senter ses registres et pi\u00e8ces de comptabilit\u00e9 sur toute r\u00e9quisition des autorit\u00e9s administratives en ce qui concerne l\u2019emploi des lib\u00e9ralit\u00e9s qu\u2019elle serait autoris\u00e9e \u00e0 recevoir, \u00e0 laisser visiter son ou ses \u00e9tablissements par les repr\u00e9sentants de ces autorit\u00e9s comp\u00e9tents et \u00e0 leur rendre compte du fonctionnement desdits \u00e9tablissements.<\/p>\n<p>&nbsp;Fait \u00e0 Solli\u00e8s Toucas, le 14 Juin 2018 (V2)<\/p>\n<p>Alain de Lespinois&nbsp;&nbsp;&nbsp;&nbsp;&nbsp;&nbsp;&nbsp;&nbsp;&nbsp;&nbsp;&nbsp;&nbsp;&nbsp;&nbsp;&nbsp;&nbsp;&nbsp;&nbsp;&nbsp;&nbsp;&nbsp;&nbsp;&nbsp;&nbsp;&nbsp;&nbsp;&nbsp;&nbsp;&nbsp;&nbsp;&nbsp;&nbsp;&nbsp;&nbsp;&nbsp;&nbsp;&nbsp;&nbsp;&nbsp; &nbsp;&nbsp;&nbsp;&nbsp;&nbsp;&nbsp;&nbsp;&nbsp;&nbsp;&nbsp;&nbsp;&nbsp;&nbsp;&nbsp;&nbsp;&nbsp;&nbsp;Herv\u00e9 Martinole<\/p>\n<p>Pr\u00e9sident&nbsp;&nbsp;&nbsp;&nbsp;&nbsp;&nbsp;&nbsp;&nbsp;&nbsp;&nbsp;&nbsp;&nbsp;&nbsp;&nbsp;&nbsp;&nbsp;&nbsp;&nbsp;&nbsp;&nbsp;&nbsp;&nbsp;&nbsp;&nbsp;&nbsp;&nbsp;&nbsp;&nbsp;&nbsp;&nbsp;&nbsp;&nbsp;&nbsp;&nbsp;&nbsp;&nbsp;&nbsp;&nbsp;&nbsp;&nbsp;&nbsp;&nbsp;&nbsp;&nbsp;&nbsp;&nbsp;&nbsp;&nbsp;&nbsp;&nbsp;&nbsp;&nbsp;&nbsp;&nbsp;&nbsp;&nbsp;&nbsp;&nbsp;&nbsp;&nbsp;&nbsp;&nbsp;&nbsp;&nbsp;&nbsp;&nbsp;&nbsp;&nbsp;&nbsp;&nbsp;&nbsp; Secr\u00e9taire Adjoint<\/p>\n<p>PJ&nbsp;: Annexe 1 liste des membres du conseil<\/p>\n<p>&nbsp;<\/p>\n<p>Annexe N\u00b01<\/p>\n<p>Membres du Conseil au 27 mai 2023<\/p>\n<p>Pr\u00e9sident&nbsp;:&nbsp;&nbsp;&nbsp;&nbsp;&nbsp;&nbsp;&nbsp;&nbsp;&nbsp;&nbsp;&nbsp;&nbsp;&nbsp;&nbsp;&nbsp;&nbsp;&nbsp;&nbsp;&nbsp;&nbsp;&nbsp;&nbsp;&nbsp;&nbsp;&nbsp;&nbsp;&nbsp;&nbsp;&nbsp;&nbsp;&nbsp; Alain de Lespinois<\/p>\n<p>Vice-pr\u00e9sidente :&nbsp;&nbsp;&nbsp;&nbsp;&nbsp;&nbsp;&nbsp;&nbsp;&nbsp;&nbsp;&nbsp;&nbsp;&nbsp;&nbsp;&nbsp;&nbsp;&nbsp;&nbsp;&nbsp;&nbsp; Jean-Pierre Calonge<\/p>\n<p>Secr\u00e9taire&nbsp;:&nbsp;&nbsp;&nbsp;&nbsp;&nbsp;&nbsp;&nbsp;&nbsp;&nbsp;&nbsp;&nbsp;&nbsp;&nbsp;&nbsp;&nbsp;&nbsp;&nbsp;&nbsp;&nbsp;&nbsp;&nbsp;&nbsp;&nbsp;&nbsp;&nbsp;&nbsp;&nbsp;&nbsp;&nbsp;&nbsp; Paule Forner<\/p>\n<p>Secr\u00e9taire adjoint :&nbsp;&nbsp;&nbsp;&nbsp;&nbsp;&nbsp;&nbsp;&nbsp;&nbsp;&nbsp;&nbsp;&nbsp;&nbsp;&nbsp;&nbsp;&nbsp; Line Bou\u00e9<\/p>\n<p>Tr\u00e9sorier :&nbsp; &nbsp;&nbsp;&nbsp;&nbsp;&nbsp;&nbsp;&nbsp;&nbsp;&nbsp;&nbsp;&nbsp;&nbsp;&nbsp;&nbsp;&nbsp;&nbsp;&nbsp;&nbsp;&nbsp;&nbsp;&nbsp;&nbsp;&nbsp;&nbsp;&nbsp;&nbsp;&nbsp;&nbsp;&nbsp; Jean Paul Kassagoye<\/p>\n<p>Tr\u00e9sorier adjoint : &nbsp;&nbsp;&nbsp;&nbsp;&nbsp;&nbsp;&nbsp;&nbsp;&nbsp;&nbsp;&nbsp;&nbsp;&nbsp;&nbsp;&nbsp;&nbsp;&nbsp; Didier Ellena<\/p>\n","protected":false},"excerpt":{"rendered":"<p>STATUTS de l\u2019Association approuv\u00e9s par l\u2019AGO du 27 Avril 2019 Les Amis de l\u2019\u0153uvre de Blasco Mentor ARTICLE 1 &#8211; NOM Il est fond\u00e9 entre les adh\u00e9rents aux pr\u00e9sents statuts une association r\u00e9gie par la loi du 1er juillet 1901 &hellip; <a href=\"https:\/\/blasco-mentor-solliestoucas.fr\/index.php\/lassociation\/status-de-lassociation\/\">Continuer la lecture <span class=\"meta-nav\">&rarr;<\/span><\/a><\/p>\n","protected":false},"author":2,"featured_media":0,"parent":1978,"menu_order":0,"comment_status":"closed","ping_status":"closed","template":"onecolumn-page.php","meta":{"ngg_post_thumbnail":0,"footnotes":""},"categories":[],"tags":[],"class_list":["post-2171","page","type-page","status-publish","hentry"],"lang":"fr","translations":{"fr":2171,"es":2918},"pll_sync_post":[],"_links":{"self":[{"href":"https:\/\/blasco-mentor-solliestoucas.fr\/index.php\/wp-json\/wp\/v2\/pages\/2171","targetHints":{"allow":["GET"]}}],"collection":[{"href":"https:\/\/blasco-mentor-solliestoucas.fr\/index.php\/wp-json\/wp\/v2\/pages"}],"about":[{"href":"https:\/\/blasco-mentor-solliestoucas.fr\/index.php\/wp-json\/wp\/v2\/types\/page"}],"author":[{"embeddable":true,"href":"https:\/\/blasco-mentor-solliestoucas.fr\/index.php\/wp-json\/wp\/v2\/users\/2"}],"replies":[{"embeddable":true,"href":"https:\/\/blasco-mentor-solliestoucas.fr\/index.php\/wp-json\/wp\/v2\/comments?post=2171"}],"version-history":[{"count":6,"href":"https:\/\/blasco-mentor-solliestoucas.fr\/index.php\/wp-json\/wp\/v2\/pages\/2171\/revisions"}],"predecessor-version":[{"id":4905,"href":"https:\/\/blasco-mentor-solliestoucas.fr\/index.php\/wp-json\/wp\/v2\/pages\/2171\/revisions\/4905"}],"up":[{"embeddable":true,"href":"https:\/\/blasco-mentor-solliestoucas.fr\/index.php\/wp-json\/wp\/v2\/pages\/1978"}],"wp:attachment":[{"href":"https:\/\/blasco-mentor-solliestoucas.fr\/index.php\/wp-json\/wp\/v2\/media?parent=2171"}],"wp:term":[{"taxonomy":"category","embeddable":true,"href":"https:\/\/blasco-mentor-solliestoucas.fr\/index.php\/wp-json\/wp\/v2\/categories?post=2171"},{"taxonomy":"post_tag","embeddable":true,"href":"https:\/\/blasco-mentor-solliestoucas.fr\/index.php\/wp-json\/wp\/v2\/tags?post=2171"}],"curies":[{"name":"wp","href":"https:\/\/api.w.org\/{rel}","templated":true}]}}