{"id":2173,"date":"2018-12-10T05:25:38","date_gmt":"2018-12-10T04:25:38","guid":{"rendered":"http:\/\/blasco-mentor-solliestoucas.fr\/?page_id=2173"},"modified":"2020-11-24T15:06:34","modified_gmt":"2020-11-24T14:06:34","slug":"reglement-interieur","status":"publish","type":"page","link":"https:\/\/blasco-mentor-solliestoucas.fr\/index.php\/lassociation\/reglement-interieur\/","title":{"rendered":"R\u00e9glement int\u00e9rieur"},"content":{"rendered":"<p><strong><img loading=\"lazy\" decoding=\"async\" class=\"size-full wp-image-21 alignleft\" src=\"http:\/\/blasco-mentor-solliestoucas.fr\/wp-content\/uploads\/2018\/11\/logo.png\" alt=\"\" width=\"114\" height=\"114\" srcset=\"https:\/\/blasco-mentor-solliestoucas.fr\/wp-content\/uploads\/2018\/11\/logo.png 114w, https:\/\/blasco-mentor-solliestoucas.fr\/wp-content\/uploads\/2018\/11\/logo-60x60.png 60w\" sizes=\"auto, (max-width: 114px) 100vw, 114px\" \/><\/strong><\/p>\n<p><strong>Les amis de l\u2019\u0153uvre de Blasco Mentor<\/strong><\/p>\n<p><em>Association r\u00e9gie par la loi du 1<sup>er<\/sup> Juillet 1901<\/em><\/p>\n<p><em>D\u00e9claration \u00e0 la Pr\u00e9fecture du Var<\/em><\/p>\n<p><em>Publication au Journal officiel des associations num\u00e9ro 0025 du 23 Juin 2018<\/em><\/p>\n<p><em>Num\u00e9ro du registre national des associations (RNA) W 832015615<\/em><\/p>\n<p><em>Si\u00e8ge social&nbsp;: Mairie de Solli\u00e8s-Toucas, Place Cl\u00e9ment Balestra, 83210 Solli\u00e8s-Toucas<\/em><\/p>\n<p><em>&nbsp;<\/em><\/p>\n<p><strong>R\u00e8glement int\u00e9rieur<\/strong><\/p>\n<p>Adopt\u00e9 par l\u2019assembl\u00e9e g\u00e9n\u00e9rale du 27 Avril 2019<\/p>\n<p>&nbsp;<\/p>\n<p>Le pr\u00e9sent r\u00e8glement int\u00e9rieur pr\u00e9cise les statuts de l\u2019association \u00ab&nbsp;<strong><em>Les amis de l\u2019\u0153uvre de Blasco Mentor&nbsp;<\/em><\/strong>\u00bb.<\/p>\n<p>Il est remis \u00e0 tous les membres et \u00e0 chaque nouvel adh\u00e9rent par voie \u00e9lectronique, \u00e0 d\u00e9faut sur support physique.<\/p>\n<p>&nbsp;<\/p>\n<p><strong>Article 1- Si\u00e8ge de l\u2019association<\/strong><\/p>\n<p>L\u2019association a son si\u00e8ge \u00e0 l\u2019adresse suivante<strong>&nbsp;:<\/strong><\/p>\n<p>Mairie de Solli\u00e8s-Toucas<\/p>\n<p>Place Cl\u00e9ment Balestra<\/p>\n<p>83&nbsp;210 Solli\u00e8s-Toucas<\/p>\n<p>&nbsp;<\/p>\n<p><strong>Article 2- Cotisations<\/strong><\/p>\n<p>Le montant des cotisations est fix\u00e9 par l\u2019assembl\u00e9e g\u00e9n\u00e9rale selon la nature des membres \u00e0 partir de la grille suivante&nbsp;:<\/p>\n<p><u>Personnes Physiques<\/u><\/p>\n<ul>\n<li>Adh\u00e9sion individuelle&nbsp;: 20 euros<\/li>\n<li>Adh\u00e9sion en couple&nbsp;: 30 euros<\/li>\n<li>Bienfaiteur ou m\u00e9c\u00e8ne : libre<\/li>\n<\/ul>\n<p><u>Personnes morales<\/u><\/p>\n<ul>\n<li>Petite entreprise et association&nbsp;: 50 euros<\/li>\n<li>Moyenne entreprise&nbsp;: 100 euros<\/li>\n<li>Grande entreprise&nbsp;: 150 euros<\/li>\n<li>Bienfaiteur ou m\u00e9c\u00e8ne : libre<\/li>\n<li>Sponsor&nbsp;: 150 euros<\/li>\n<\/ul>\n<p>La cotisation doit \u00eatre acquitt\u00e9e au plus tard le 30 juin de l\u2019ann\u00e9e \u00e0 laquelle elle s\u2019applique.<\/p>\n<p>Toute cotisation vers\u00e9e \u00e0 l\u2019association est d\u00e9finitivement acquise. Aucun remboursement de cotisation ne peut \u00eatre exig\u00e9 en cas de d\u00e9mission, d\u2019exclusion ou de d\u00e9c\u00e8s d\u2019un membre en cours d\u2019ann\u00e9e.<\/p>\n<p>&nbsp;<\/p>\n<p><strong>Article 3 \u2013 Admission de nouveaux membres<\/strong><\/p>\n<p>Les personnes physiques remplissent la demande d\u2019adh\u00e9sion et y joignent le paiement de la cotisation correspondant \u00e0 leur situation. L\u2019adh\u00e9sion est valid\u00e9e par courrier \u00e9lectronique et envoi du pr\u00e9sent r\u00e8glement et des statuts.<\/p>\n<p>Les personnes morales adressent leur demande d\u2019adh\u00e9sion au Pr\u00e9sident. Le conseil statue lors de chacune de ses r\u00e9unions sur les demandes d\u2019admission pr\u00e9sent\u00e9es. La cotisation est vers\u00e9e \u00e0 l\u2019association une fois la d\u00e9cision notifi\u00e9e.<\/p>\n<p>Les personnes d\u00e9sirant adh\u00e9rer doivent remplir un bulletin d\u2019adh\u00e9sion.<\/p>\n<p>&nbsp;<\/p>\n<p><strong>Article 4 \u2013 D\u00e9mission &#8211; Radiation \u2013 D\u00e9c\u00e8s d\u2019un membre<\/strong><\/p>\n<ol>\n<li>La d\u00e9mission doit \u00eatre adress\u00e9e au pr\u00e9sident du conseil par lettre recommand\u00e9e. Elle n\u2019a pas \u00e0 \u00eatre motiv\u00e9e par le membre d\u00e9missionnaire.<\/li>\n<li>Comme indiqu\u00e9 \u00e0 l\u2019article 8 des statuts, la radiation d\u2019un membre peut \u00eatre prononc\u00e9e par le conseil, pour motif grave.<\/li>\n<\/ol>\n<p>Sont notamment r\u00e9put\u00e9s constituer des motifs graves :<\/p>\n<p>&#8211; le non-paiement de la cotisation&nbsp;;<\/p>\n<p>&#8211; la non-participation aux activit\u00e9s de l\u2019association ;<\/p>\n<p>&#8211; une condamnation p\u00e9nale pour crime et d\u00e9lit ;<\/p>\n<p>&#8211; toute action de nature \u00e0 porter pr\u00e9judice, directement ou indirectement, aux activit\u00e9s de l\u2019association ou \u00e0 sa r\u00e9putation.<\/p>\n<p>En tout \u00e9tat de cause, l\u2019int\u00e9ress\u00e9 doit \u00eatre mis en mesure de pr\u00e9senter sa d\u00e9fense, pr\u00e9alablement \u00e0 la d\u00e9cision d\u2019exclusion. La d\u00e9cision de radiation est adopt\u00e9e par le conseil statuant \u00e0 la majorit\u00e9 des deux tiers des membres pr\u00e9sents.<\/p>\n<ol start=\"3\">\n<li>En cas de d\u00e9c\u00e8s d\u2019un membre, les h\u00e9ritiers ou les l\u00e9gataires ne peuvent pr\u00e9tendre \u00e0 un quelconque maintien dans l\u2019association. La cotisation vers\u00e9e \u00e0 l\u2019association est d\u00e9finitivement acquise, m\u00eame cas en cas de d\u00e9mission, d\u2019exclusion, ou de d\u00e9c\u00e8s d\u2019un membre en cours d\u2019ann\u00e9e. Le membre d\u00e9missionnaire adresse sous lettre simple sa d\u00e9cision au Pr\u00e9sident.<\/li>\n<\/ol>\n<p><strong>&nbsp;<\/strong><\/p>\n<p><strong>Article 5 \u2013 Composition <\/strong><\/p>\n<p>Conform\u00e9ment \u00e0 l\u2019article 13 des statuts, le conseil contr\u00f4le la gestion de l\u2019association et veille \u00e0 la coh\u00e9rence des actions entreprises.<\/p>\n<p>Il d\u00e9finit la politique g\u00e9n\u00e9rale de l\u2019association et le cas \u00e9ch\u00e9ant ses positions publiques.<\/p>\n<p>&nbsp;<\/p>\n<p><strong>Article 6 \u2013 Fonctionnement<\/strong><\/p>\n<p>Les membres du conseil pr\u00e9sents \u00e0 la r\u00e9union peuvent \u00eatre d\u00e9tenteurs au plus d\u2019un pouvoir \u00e9crit, dat\u00e9 et sign\u00e9. Ce pouvoir n\u2019est valable que pour une seule r\u00e9union.<\/p>\n<p>En cas d\u2019emp\u00eachement du Pr\u00e9sident, le conseil est pr\u00e9sid\u00e9 par le vice-pr\u00e9sident ou si ce dernier est \u00e9galement emp\u00each\u00e9 par un autre membre du conseil choisi d\u2019un commun accord parmi les membres pr\u00e9sents.<\/p>\n<p>Aux s\u00e9ances, il peut \u00eatre admis toute personne, membre ou non de l\u2019association, jug\u00e9e opportune d\u2019entendre afin d\u2019\u00e9clairer par ses avis les d\u00e9cisions \u00e0 prendre.<\/p>\n<p>&nbsp;<\/p>\n<p><strong>Article 7- Conseil<\/strong><\/p>\n<p><strong>7.1 \u2013 R\u00e9unions<\/strong><\/p>\n<p>Le Conseil se r\u00e9unit au moins 6 fois dans l\u2019ann\u00e9e. A la fin de chaque s\u00e9ance, la date de la prochaine r\u00e9union est fix\u00e9e coll\u00e9gialement par les membres pr\u00e9sents.<\/p>\n<p>Un compte-rendu est \u00e9tabli \u00e0 chaque fin de s\u00e9ance puis envoy\u00e9 aux membres du Conseil par messagerie \u00e9lectronique.<\/p>\n<p><strong>7.2- Missions<\/strong><\/p>\n<p>Le conseil a pour objet&nbsp;:<\/p>\n<ul>\n<li>d\u2019ex\u00e9cuter ou de faire ex\u00e9cuter les d\u00e9cisions prises par l\u2019Assembl\u00e9e G\u00e9n\u00e9rale<\/li>\n<li>de pr\u00e9parer les ordres du jour des r\u00e9unions et d\u2019instruire les sujets qui lui sont soumis.<\/li>\n<li>de suivre la gestion et d\u2019arr\u00eater les comptes annuels, d\u2019arr\u00eater le budget pr\u00e9visionnel.<\/li>\n<li>de statuer sur toute question soulev\u00e9e par le pr\u00e9sident ou l\u2019un de ses membres.<\/li>\n<\/ul>\n<p>&nbsp;<\/p>\n<p><strong>Article 8 \u2013 Indemnit\u00e9s de remboursement des frais <\/strong><\/p>\n<p>Seuls les membres \u00e9lus du Conseil, peuvent pr\u00e9tendre au remboursement des frais engag\u00e9s dans le cadre de leurs missions et sur justifications. Les montants maximums pour l\u2019ann\u00e9e 2019 pouvant \u00eatre rembours\u00e9s sont fix\u00e9s comme suit&nbsp;:<\/p>\n<ul>\n<li>Indemnit\u00e9s kilom\u00e9triques pour l\u2019utilisation de sa voiture personnelle (5CV et moins 0,25 Euros, 6 et 7 CV 0, 32 Euros, 8CV et plus 0,35 Euros)<\/li>\n<li>Repas&nbsp;: 18,00 Euros<\/li>\n<li>H\u00e9bergement incluant le petit d\u00e9jeuner&nbsp;: 80 Euros\/jour<\/li>\n<li>Transports en commun en deuxi\u00e8me classe (train, m\u00e9tro, bus) frais r\u00e9els sur justificatifs.<\/li>\n<\/ul>\n<p>&nbsp;<\/p>\n<p><strong>Article 9 \u2013 Assembl\u00e9e g\u00e9n\u00e9rale<\/strong><\/p>\n<p><strong>9.1- R\u00e9unions, convocations<\/strong><\/p>\n<p>L&rsquo;Assembl\u00e9e g\u00e9n\u00e9rale ordinaire comprend tous les membres de l&rsquo;association \u00e0 quelque titre qu&rsquo;ils soient. Elle se r\u00e9unit chaque ann\u00e9e au moins une fois au plus tard le 30 juin.&nbsp;<br \/>\nLes membres de l&rsquo;association sont convoqu\u00e9s par le Pr\u00e9sident par envoi d\u2019un courrier (par mail) au moins 15 jours avant la date fix\u00e9e. La convocation fixe les points \u00e0 l\u2019ordre du jour.<\/p>\n<p>Les d\u00e9cisions sont prises \u00e0 main lev\u00e9e \u00e0 la majorit\u00e9 des voix des membres pr\u00e9sents ou repr\u00e9sent\u00e9s.<\/p>\n<p>Tous les membres de l\u2019association poss\u00e8dent une voix.<\/p>\n<p>&nbsp;<\/p>\n<p><strong>9.-2\u2013 Modalit\u00e9s applicables aux votes <\/strong><\/p>\n<ol>\n<li>Votes des membres pr\u00e9sents<\/li>\n<\/ol>\n<p>Les membres pr\u00e9sents votent \u00e0 main lev\u00e9e. Toutefois, un scrutin secret peut \u00eatre demand\u00e9 par le conseil ou&nbsp; 20% des membres pr\u00e9sents.<\/p>\n<ol start=\"2\">\n<li>Votes par procuration<\/li>\n<\/ol>\n<p>&nbsp;Si un membre de l\u2019association ne peut assister personnellement \u00e0 une assembl\u00e9e, il peut s\u2019y faire repr\u00e9senter ( voir article 6) par un mandataire en \u00e9tablissant \u00e0 son nom un pouvoir dument rempli et sign\u00e9.<\/p>\n<p><strong>&nbsp;<\/strong><\/p>\n<p><strong>Article 10 \u2013 Modification du r\u00e8glement int\u00e9rieur<\/strong><\/p>\n<p>Peuvent soumettre au Conseil une demande de modification du r\u00e8glement int\u00e9rieur les membres du Conseil ou 10% des membres des adh\u00e9rents de l\u2019Association.<\/p>\n<p>Une fois la modification approuv\u00e9e, le nouveau r\u00e8glement est adress\u00e9 par voie \u00e9lectronique \u00e0 l\u2019ensemble des membres.<\/p>\n<p>&nbsp;<\/p>\n<p><strong>Article 11\u2013 Responsabilit\u00e9 civile<\/strong><\/p>\n<p>L\u2019association contracte une assurance responsabilit\u00e9 civile et protection juridique pour couvrir ses activit\u00e9s d\u00e9finies \u00e0 l\u2019article 2 des statuts au b\u00e9n\u00e9fice de ses b\u00e9n\u00e9voles.<\/p>\n<p>&nbsp;<\/p>\n<p><strong>Article 12 \u2013 Exercice social<\/strong><\/p>\n<p>L\u2019exercice social commence le 1<sup>er<\/sup> janvier et se termine le 31 d\u00e9cembre de chaque ann\u00e9e.<\/p>\n<p>&nbsp;<\/p>\n<p>Solli\u00e8s-Toucas le 3 Avril 2019<\/p>\n<p>&nbsp;<\/p>\n<p>Le Pr\u00e9sident<\/p>\n<p>Alain de Lespinois<\/p>\n<p>&nbsp;<\/p>\n<p>La Secr\u00e9taire<\/p>\n<p>Peggy Legoff<\/p>\n<p>&nbsp;<\/p>\n<p>&nbsp;<\/p>\n<p>&nbsp;<\/p>\n<p>&nbsp;<\/p>\n<p><strong>&nbsp;<\/strong><\/p>\n","protected":false},"excerpt":{"rendered":"<p>Les amis de l\u2019\u0153uvre de Blasco Mentor Association r\u00e9gie par la loi du 1er Juillet 1901 D\u00e9claration \u00e0 la Pr\u00e9fecture du Var Publication au Journal officiel des associations num\u00e9ro 0025 du 23 Juin 2018 Num\u00e9ro du registre national des associations &hellip; <a href=\"https:\/\/blasco-mentor-solliestoucas.fr\/index.php\/lassociation\/reglement-interieur\/\">Continuer la lecture <span class=\"meta-nav\">&rarr;<\/span><\/a><\/p>\n","protected":false},"author":2,"featured_media":0,"parent":1978,"menu_order":0,"comment_status":"closed","ping_status":"closed","template":"onecolumn-page.php","meta":{"ngg_post_thumbnail":0,"footnotes":""},"categories":[],"tags":[],"class_list":["post-2173","page","type-page","status-publish","hentry"],"lang":"fr","translations":{"fr":2173,"es":2921},"pll_sync_post":[],"_links":{"self":[{"href":"https:\/\/blasco-mentor-solliestoucas.fr\/index.php\/wp-json\/wp\/v2\/pages\/2173","targetHints":{"allow":["GET"]}}],"collection":[{"href":"https:\/\/blasco-mentor-solliestoucas.fr\/index.php\/wp-json\/wp\/v2\/pages"}],"about":[{"href":"https:\/\/blasco-mentor-solliestoucas.fr\/index.php\/wp-json\/wp\/v2\/types\/page"}],"author":[{"embeddable":true,"href":"https:\/\/blasco-mentor-solliestoucas.fr\/index.php\/wp-json\/wp\/v2\/users\/2"}],"replies":[{"embeddable":true,"href":"https:\/\/blasco-mentor-solliestoucas.fr\/index.php\/wp-json\/wp\/v2\/comments?post=2173"}],"version-history":[{"count":2,"href":"https:\/\/blasco-mentor-solliestoucas.fr\/index.php\/wp-json\/wp\/v2\/pages\/2173\/revisions"}],"predecessor-version":[{"id":2658,"href":"https:\/\/blasco-mentor-solliestoucas.fr\/index.php\/wp-json\/wp\/v2\/pages\/2173\/revisions\/2658"}],"up":[{"embeddable":true,"href":"https:\/\/blasco-mentor-solliestoucas.fr\/index.php\/wp-json\/wp\/v2\/pages\/1978"}],"wp:attachment":[{"href":"https:\/\/blasco-mentor-solliestoucas.fr\/index.php\/wp-json\/wp\/v2\/media?parent=2173"}],"wp:term":[{"taxonomy":"category","embeddable":true,"href":"https:\/\/blasco-mentor-solliestoucas.fr\/index.php\/wp-json\/wp\/v2\/categories?post=2173"},{"taxonomy":"post_tag","embeddable":true,"href":"https:\/\/blasco-mentor-solliestoucas.fr\/index.php\/wp-json\/wp\/v2\/tags?post=2173"}],"curies":[{"name":"wp","href":"https:\/\/api.w.org\/{rel}","templated":true}]}}