{"id":2182,"date":"2018-12-10T05:28:38","date_gmt":"2018-12-10T04:28:38","guid":{"rendered":"http:\/\/blasco-mentor-solliestoucas.fr\/?page_id=2182"},"modified":"2020-12-28T12:07:40","modified_gmt":"2020-12-28T11:07:40","slug":"biographie","status":"publish","type":"page","link":"https:\/\/blasco-mentor-solliestoucas.fr\/index.php\/biographie\/","title":{"rendered":"Biographie"},"content":{"rendered":"\n<div class=\"wp-block-image is-style-rounded\"><figure class=\"aligncenter size-medium\"><img loading=\"lazy\" decoding=\"async\" width=\"201\" height=\"300\" src=\"http:\/\/blasco-mentor-solliestoucas.fr\/wp-content\/uploads\/2020\/11\/mentor-201x300.jpg\" alt=\"\" class=\"wp-image-3121\" srcset=\"https:\/\/blasco-mentor-solliestoucas.fr\/wp-content\/uploads\/2020\/11\/mentor-201x300.jpg 201w, https:\/\/blasco-mentor-solliestoucas.fr\/wp-content\/uploads\/2020\/11\/mentor.jpg 653w\" sizes=\"auto, (max-width: 201px) 100vw, 201px\" \/><\/figure><\/div>\n\n\n<p><img loading=\"lazy\" decoding=\"async\" class=\"wp-image-2366 alignright\" src=\"http:\/\/blasco-mentor-solliestoucas.fr\/wp-content\/uploads\/2018\/12\/002MENTOR410x600-205x300.jpg\" alt=\"\" width=\"272\" height=\"399\" srcset=\"https:\/\/blasco-mentor-solliestoucas.fr\/wp-content\/uploads\/2018\/12\/002MENTOR410x600-205x300.jpg 205w, https:\/\/blasco-mentor-solliestoucas.fr\/wp-content\/uploads\/2018\/12\/002MENTOR410x600-41x60.jpg 41w, https:\/\/blasco-mentor-solliestoucas.fr\/wp-content\/uploads\/2018\/12\/002MENTOR410x600.jpg 410w\" sizes=\"auto, (max-width: 272px) 100vw, 272px\" \/><\/p>\n<p style=\"text-align: justify;\"><strong>14 novembre <em>1919&nbsp;:<\/em><\/strong> Naissance de Blasco Mentor \u00e0 Barcelone.<\/p>\n<p style=\"text-align: justify;\">Il poursuit des \u00e9tudes de peinture \u00e0 l\u2019\u00e9cole des Beaux-Arts de Barcelone.<\/p>\n<p style=\"text-align: justify;\"><strong>1933 et 1934<\/strong>&nbsp;: Mentor obtient la m\u00e9daille d\u2019argent de l\u2019\u00e9cole des Beaux-Arts, r\u00e9compense obtenue \u00e9galement par Pablo Picasso et Antoni Clav\u00e9.<\/p>\n<p style=\"text-align: justify;\"><strong>De 1936 \u00e0 1939<\/strong> Mentor s\u2019engage dans les arm\u00e9es r\u00e9publicaines espagnoles.<\/p>\n<p style=\"text-align: justify;\"><strong>1939&nbsp;<\/strong>: Condamn\u00e9 \u00e0 mort par le r\u00e9gime franquiste il quitte l\u2019Espagne et se r\u00e9fugie en France. Il y rencontre une autre r\u00e9fugi\u00e9e espagnole, Neige et s\u2019installe avec elle \u00e0 Solli\u00e8s-Toucas dans le Var. Elle deviendra sa compagne et sa muse et ils partageront leur vie entre l\u2019atelier parisien (aujourd\u2019hui disparu) de l\u2019impasse de la Granges -aux -Belles, et la construction de la maison -atelier \u00ab&nbsp;Casa Nieves&nbsp;\u00bb sur les hauteurs du village de Solli\u00e8s-Toucas.<\/p>\n<p style=\"text-align: justify;\">D\u00e8s la fin de la guerre, la notori\u00e9t\u00e9 de Mentor va grandissante et il devient une figure incontournable de l\u2019\u00e9cole de Paris en participant \u00e0 de nombreuses expositions dans des galeries et salons artistiques.<\/p>\n<p style=\"text-align: justify;\"><strong>1953&nbsp;<\/strong>: il obtient \u00e0 Paris, le prix du dessin et le prix de la Critique.<\/p>\n<p style=\"text-align: justify;\"><strong>1966&nbsp;: <\/strong>l\u2019ensemble de son \u0153uvre est couronn\u00e9 par le prestigieux \u00ab&nbsp;Grand Prix des Peintres T\u00e9moins de leur Temps&nbsp;\u00bb.<\/p>\n<p style=\"text-align: justify;\"><strong>1968<\/strong>&nbsp;: Il est nomm\u00e9 \u00ab&nbsp;hors concours&nbsp;\u00bb au Prix de la Critique avec une mention sp\u00e9ciale d\u00e9cern\u00e9e \u00e0 l\u2019unanimit\u00e9 pour la r\u00e9alisation d\u2019une peinture murale de 400 M2 \u00e0 la maison des jeunes \u00ab&nbsp;Guy Moquet&nbsp;\u00bb \u00e0 la Courneuve (93) sur le th\u00e8me de la conqu\u00eate du bonheur.<\/p>\n<p style=\"text-align: justify;\">Cette m\u00eame ann\u00e9e la commune de Saint Denis (93) fait l\u2019acquisition de son \u0153uvre de 3mx3m \u00ab&nbsp;Bombardement au Vietnam&nbsp;\u00bb, que le peintre avait pr\u00e9sent\u00e9 au \u00ab&nbsp;salon des Peintres T\u00e9moins de leur Temps&nbsp;\u00bb. Elle deviendra une pi\u00e8ce majeure du Mus\u00e9e d\u2019Art et d\u2019Histoire de la ville.<\/p>\n<p style=\"text-align: justify;\"><strong>1974&nbsp;: <\/strong>Mentor fait l\u2019inauguration du centre d\u2019art international Artcurial \u00e0 Paris.<\/p>\n<p style=\"text-align: justify;\"><strong>1976&nbsp;: <\/strong>Il re\u00e7oit le sceau de la ville de Milan pour la r\u00e9alisation d\u2019une fresque de 250 M2 \u00ab&nbsp;Mercure et l\u2019Abondance&nbsp;\u00bb au Palais Castiglione pour l\u2019union du Tourisme et du Travail de Milan&nbsp;: c\u2019est la plus grande fresque d\u2019Europe au moment de sa r\u00e9alisation.<\/p>\n<p style=\"text-align: justify;\"><strong>A partir de 1977<\/strong>, l\u2019\u0153uvre de Mentor est pr\u00e9sente dans le monde entier. Des expositions ont lieu en France mais \u00e9galement en Italie, en Espagne, en C\u00f4te d\u2019ivoire, au Japon.<\/p>\n<p style=\"text-align: justify;\"><strong>1987<\/strong>&nbsp;: Mentor est fait Chevalier des Arts et Lettres.<\/p>\n<p style=\"text-align: justify;\"><strong>1990<\/strong>&nbsp;: Le ministre de la Culture Jack Lang lui remet le prix de l\u2019Affiche d\u2019Art pour son exposition \u00ab&nbsp;les concertistes \u00bb \u00e0 la galerie Guign\u00e9 \u00e0 Paris.<\/p>\n<p style=\"text-align: justify;\"><strong>2000<\/strong>&nbsp;: Blasco Mentor et Neige font don de leur maison-atelier, v\u00e9ritable cr\u00e9ation artistique, et d\u2019une importante collection d\u2019\u0153uvres \u00e0 la commune de Solli\u00e8s-Toucas.<\/p>\n<p style=\"text-align: justify;\"><strong>2003&nbsp;<\/strong>: Blasco Mentor s\u2019\u00e9teint \u00e0 l\u2019\u00e2ge de 83 ans.<\/p>\n<p style=\"text-align: justify;\"><strong>2007&nbsp;<\/strong>: Au d\u00e9c\u00e8s de son \u00e9pouse Neige, un leg posthume compl\u00e8te la dotation Mentor avec un ensemble exceptionnel de plus de 450 \u0153uvres&nbsp;; peintures, sculptures, dessins, objets d\u2019art\u2026<\/p>\n<p style=\"text-align: justify;\"><strong>2011<\/strong> : Cr\u00e9ation du fonds de dotation \u00ab&nbsp;Univers Mentor&nbsp;\u00bb attach\u00e9 \u00e0 la promotion de l\u2019\u0153uvre de Mentor.<\/p>\n<p style=\"text-align: justify;\"><strong>Mentor, un destin, un engagement, une vie vou\u00e9e \u00e0 l\u2019art<\/strong><\/p>\n<p style=\"text-align: justify;\">M\u00e9daill\u00e9 d\u2019argent des Beaux-Arts de Barcelone \u00e0 15 ans, Blasco Mentor fait tr\u00e8s t\u00f4t figure de surdou\u00e9 de la peinture. A l\u2019\u00e9gal de Picasso, autre c\u00e9l\u00e8bre catalan, il d\u00e9bute un parcours remarquable et prometteur et aurait pu conna\u00eetre la m\u00eame notori\u00e9t\u00e9&nbsp;: le destin en avait d\u00e9cid\u00e9 autrement\u2026<\/p>\n<p style=\"text-align: justify;\">Tout au long de sa vie, Blasco Mentor a toujours \u00e9t\u00e9 un artiste engag\u00e9. A 19 ans il est condamn\u00e9 \u00e0 contumace par le r\u00e9gime franciste, ayant ralli\u00e9 les troupes r\u00e9publicaines en lutte contre la dictature. Il doit fuir l\u2019Espagne, franchi les Pyr\u00e9n\u00e9es ill\u00e9galement et rejoint l\u2019afflux des r\u00e9fugi\u00e9s espagnols en France.<\/p>\n<p style=\"text-align: justify;\">&nbsp;Dans le camp d\u2019internement de Gurs il conna\u00eet le froid, la faim, la maladie. Dans la clandestinit\u00e9 il rejoint alors le sud de la France o\u00f9 un petit village accueille favorablement les r\u00e9fugi\u00e9s espagnols. Ce petit village c\u2019est Solli\u00e8s-Toucas, et c\u2019est dans cet \u00e9crin de vertes collines travers\u00e9es par le fleuve Gapeau que sa vie va conna\u00eetre un tournant d\u00e9cisif. Neige, r\u00e9fugi\u00e9e espagnole comme lui, va l\u2019h\u00e9berger, le soigner et deviendra sa muse et la compagne de sa vie. Ensemble ils conna\u00eetront des moments difficiles car l\u2019argent manque cruellement \u00e0 l\u2019artiste \u00e0 ces d\u00e9buts. Ensemble ils s\u2019engageront aupr\u00e8s de la r\u00e9sistance, ensemble encore ils \u00e9laboreront le projet d\u2019une maison-atelier extraordinaire qui jour apr\u00e8s jour, pierre apr\u00e8s pierre deviendra le t\u00e9moignage unique de leur amour et de l\u2019imaginaire de l\u2019artiste.<\/p>\n<p style=\"text-align: justify;\">Le monde que Mentor a cr\u00e9\u00e9, empli de chim\u00e8res, de musiques, de jardins merveilleux, de muses inaccessibles et sensuelles, d\u2019oiseaux parodiques, prend corps \u00e0 la casa Nieves&nbsp;: la maison de Neige. Avec la notori\u00e9t\u00e9 grandissante de l\u2019artiste, qui partage d\u00e9sormais son temps entre son atelier parisien et son havre toucassin, les expositions et les commandes affluent et le projet grandi&nbsp;; le jardin se rempli de sculptures (autre \u00ab&nbsp;divertissement&nbsp;\u00bb de Mentor), les ateliers se construisent. C\u2019est d\u00e9sormais un artiste accompli et reconnu qui se r\u00e9fugie dans son jardin merveilleux pour imaginer, peindre et dessiner musiciens, muses, sc\u00e8nes tauromachiques, cirques, paysages color\u00e9s et bien d\u2019autres sujets encore.<\/p>\n<p style=\"text-align: justify;\">Malgr\u00e9 l\u2019adversit\u00e9 et les al\u00e9as de l\u2019histoire, le talent de Blasco Mentor lui a toujours permis de transcender les \u00e9preuves \u00e0 la faveur d\u2019une palette audacieuse, d\u2019un dessin s\u00fbr et d\u2019un imaginaire sans limite. Toujours inventive et en constante recherche, son \u0153uvre s\u2019appuie n\u00e9anmoins sur des bases solides, antiques et de grande tradition espagnole.&nbsp; C\u2019est ce m\u00e9lange de force et de sensibilit\u00e9 qui nous touche et conserve \u00e0 son \u0153uvre toute sa modernit\u00e9.<\/p>\n<p style=\"text-align: justify;\">A sa mort son \u0153uvre est peu \u00e0 peu tomb\u00e9e dans l\u2019oubli. Mais il ne tient qu\u2019\u00e0 nous de la faire vivre \u00e0 nouveau, et qu\u2019\u00e0 travers nos regards elle r\u00e9enchante nos vies.<\/p>\n<p style=\"text-align: justify;\">En 2000 et 2007 deux legs dotent la mairie de Solli\u00e8s-Toucas de la propri\u00e9t\u00e9 \u00ab&nbsp;la casa Nieves&nbsp;\u00bb avec les meubles, objets et archives qu\u2019elle contient, ainsi que d\u2019un ensemble de plus de 450 \u0153uvres (peintures, dessins, sculptures, lithographies, objets d\u2019arts\u2026)<\/p>\n<p style=\"text-align: justify;\">Le fonds de dotation \u00ab&nbsp;univers Mentor (cr\u00e9\u00e9 en 2011), la municipalit\u00e9 de Solli\u00e8s-Toucas et l\u2019association \u00ab&nbsp;les amis de l\u2019\u0153uvre de Blasco Mentor&nbsp;\u00bb (cr\u00e9e en 2018), \u0153uvrent aujourd\u2019hui au rayonnement de l\u2019\u0153uvre de Mentor, \u00e0 la restauration de la casa Nieves et au projet d\u2019un futur mus\u00e9e sur la commune.<\/p>\n<p>&nbsp;&nbsp;&nbsp;&nbsp;&nbsp;&nbsp;&nbsp;&nbsp;&nbsp;&nbsp;&nbsp;&nbsp;&nbsp;&nbsp;&nbsp;&nbsp;&nbsp;&nbsp;&nbsp;&nbsp;&nbsp;&nbsp;&nbsp;&nbsp;&nbsp;&nbsp;&nbsp;&nbsp;&nbsp;&nbsp;&nbsp;&nbsp;&nbsp;&nbsp;&nbsp;&nbsp;&nbsp;&nbsp;&nbsp;&nbsp;&nbsp;&nbsp;&nbsp;&nbsp;&nbsp;&nbsp;&nbsp;&nbsp;&nbsp;&nbsp;&nbsp;&nbsp;&nbsp;&nbsp;&nbsp;&nbsp;&nbsp;&nbsp;&nbsp;&nbsp;&nbsp;&nbsp;&nbsp;&nbsp;&nbsp;&nbsp;&nbsp;&nbsp;&nbsp;&nbsp;&nbsp;&nbsp;&nbsp;&nbsp; &nbsp;&nbsp;&nbsp;&nbsp; Pour \u00ab les amis de l\u2019\u0153uvre de Blasco Mentor \u00bb<\/p>\n<p>&nbsp;&nbsp;&nbsp;&nbsp;&nbsp;&nbsp;&nbsp;&nbsp;&nbsp;&nbsp;&nbsp;&nbsp;&nbsp;&nbsp;&nbsp;&nbsp;&nbsp;&nbsp;&nbsp;&nbsp;&nbsp;&nbsp;&nbsp;&nbsp;&nbsp;&nbsp;&nbsp;&nbsp;&nbsp;&nbsp;&nbsp;&nbsp;&nbsp;&nbsp;&nbsp;&nbsp;&nbsp;&nbsp;&nbsp;&nbsp;&nbsp;&nbsp;&nbsp;&nbsp;&nbsp;&nbsp;&nbsp;&nbsp;&nbsp;&nbsp;&nbsp;&nbsp;&nbsp;&nbsp;&nbsp;&nbsp;&nbsp;&nbsp;&nbsp;&nbsp;&nbsp;&nbsp;&nbsp;&nbsp;&nbsp;&nbsp;&nbsp;&nbsp;&nbsp;&nbsp;&nbsp;&nbsp;&nbsp;&nbsp;&nbsp;&nbsp;&nbsp;&nbsp;&nbsp;&nbsp;&nbsp;&nbsp;&nbsp;&nbsp;&nbsp;&nbsp;&nbsp;&nbsp;&nbsp;&nbsp;&nbsp;&nbsp;&nbsp;&nbsp;&nbsp;&nbsp;&nbsp;&nbsp;&nbsp;&nbsp;&nbsp;&nbsp;&nbsp;&nbsp;&nbsp;&nbsp;&nbsp;&nbsp;&nbsp;&nbsp;&nbsp;&nbsp;&nbsp; Paule Forner<\/p>\n<p>&nbsp;&nbsp;&nbsp;&nbsp;&nbsp;&nbsp;&nbsp;&nbsp;&nbsp;&nbsp;&nbsp;&nbsp;&nbsp;&nbsp;&nbsp;&nbsp;&nbsp;&nbsp;&nbsp;&nbsp;&nbsp;&nbsp;&nbsp;&nbsp;&nbsp;&nbsp;&nbsp;&nbsp;&nbsp;&nbsp;&nbsp;&nbsp;&nbsp;&nbsp;&nbsp;&nbsp;&nbsp;&nbsp;&nbsp;&nbsp;&nbsp;&nbsp;&nbsp;&nbsp; &nbsp;&nbsp;&nbsp;&nbsp;&nbsp;&nbsp;&nbsp;&nbsp;&nbsp;&nbsp;&nbsp;&nbsp;&nbsp;&nbsp;&nbsp;&nbsp;&nbsp;&nbsp;&nbsp;&nbsp;&nbsp;&nbsp;&nbsp;&nbsp;&nbsp;&nbsp;&nbsp;&nbsp;&nbsp;&nbsp;&nbsp;&nbsp;&nbsp;&nbsp;&nbsp;&nbsp;&nbsp;&nbsp;&nbsp;&nbsp;&nbsp;&nbsp;&nbsp;&nbsp;&nbsp;&nbsp;&nbsp;&nbsp;&nbsp;&nbsp;&nbsp;&nbsp;&nbsp;&nbsp;&nbsp;&nbsp;&nbsp;&nbsp;&nbsp;&nbsp; Le 2 novembre 2020<\/p>\n<p style=\"text-align: center;\">&#8212;&#8212;&#8212;&#8212;&#8212;&#8212;&#8212;&#8212;&#8212;&#8212;&#8212;&#8212;&#8212;&#8212;&#8212;&#8212;&#8212;&#8212;&#8212;&#8212;&#8212;&#8212;&#8212;&#8212;&#8212;&#8212;&#8212;&#8212;&#8212;&#8212;&#8212;&#8212;&#8212;&#8212;&#8211;<\/p>\n<p>&nbsp;<\/p>\n<h2 style=\"text-align: center;\"><strong>La Casa Nieves<\/strong><\/h2>\n\n\nngg_shortcode_0_placeholder\n\n\n\n\n","protected":false},"excerpt":{"rendered":"<p>14 novembre 1919&nbsp;: Naissance de Blasco Mentor \u00e0 Barcelone. Il poursuit des \u00e9tudes de peinture \u00e0 l\u2019\u00e9cole des Beaux-Arts de Barcelone. 1933 et 1934&nbsp;: Mentor obtient la m\u00e9daille d\u2019argent de l\u2019\u00e9cole des Beaux-Arts, r\u00e9compense obtenue \u00e9galement par Pablo Picasso et &hellip; <a href=\"https:\/\/blasco-mentor-solliestoucas.fr\/index.php\/biographie\/\">Continuer la lecture <span class=\"meta-nav\">&rarr;<\/span><\/a><\/p>\n","protected":false},"author":2,"featured_media":0,"parent":0,"menu_order":0,"comment_status":"closed","ping_status":"closed","template":"onecolumn-page.php","meta":{"ngg_post_thumbnail":0,"footnotes":""},"categories":[],"tags":[],"class_list":["post-2182","page","type-page","status-publish","hentry"],"lang":"fr","translations":{"fr":2182},"pll_sync_post":[],"_links":{"self":[{"href":"https:\/\/blasco-mentor-solliestoucas.fr\/index.php\/wp-json\/wp\/v2\/pages\/2182","targetHints":{"allow":["GET"]}}],"collection":[{"href":"https:\/\/blasco-mentor-solliestoucas.fr\/index.php\/wp-json\/wp\/v2\/pages"}],"about":[{"href":"https:\/\/blasco-mentor-solliestoucas.fr\/index.php\/wp-json\/wp\/v2\/types\/page"}],"author":[{"embeddable":true,"href":"https:\/\/blasco-mentor-solliestoucas.fr\/index.php\/wp-json\/wp\/v2\/users\/2"}],"replies":[{"embeddable":true,"href":"https:\/\/blasco-mentor-solliestoucas.fr\/index.php\/wp-json\/wp\/v2\/comments?post=2182"}],"version-history":[{"count":21,"href":"https:\/\/blasco-mentor-solliestoucas.fr\/index.php\/wp-json\/wp\/v2\/pages\/2182\/revisions"}],"predecessor-version":[{"id":5161,"href":"https:\/\/blasco-mentor-solliestoucas.fr\/index.php\/wp-json\/wp\/v2\/pages\/2182\/revisions\/5161"}],"wp:attachment":[{"href":"https:\/\/blasco-mentor-solliestoucas.fr\/index.php\/wp-json\/wp\/v2\/media?parent=2182"}],"wp:term":[{"taxonomy":"category","embeddable":true,"href":"https:\/\/blasco-mentor-solliestoucas.fr\/index.php\/wp-json\/wp\/v2\/categories?post=2182"},{"taxonomy":"post_tag","embeddable":true,"href":"https:\/\/blasco-mentor-solliestoucas.fr\/index.php\/wp-json\/wp\/v2\/tags?post=2182"}],"curies":[{"name":"wp","href":"https:\/\/api.w.org\/{rel}","templated":true}]}}