{"id":2184,"date":"2018-12-10T05:30:05","date_gmt":"2018-12-10T04:30:05","guid":{"rendered":"http:\/\/blasco-mentor-solliestoucas.fr\/?page_id=2184"},"modified":"2021-09-23T15:01:44","modified_gmt":"2021-09-23T13:01:44","slug":"brouillon-auto-5","status":"publish","type":"page","link":"https:\/\/blasco-mentor-solliestoucas.fr\/index.php\/brouillon-auto-5\/","title":{"rendered":"Articles de R\u00e9f\u00e9rences sur son oeuvre"},"content":{"rendered":"<p><img loading=\"lazy\" decoding=\"async\" class=\"alignnone size-full wp-image-21\" src=\"http:\/\/blasco-mentor-solliestoucas.fr\/wp-content\/uploads\/2018\/11\/logo.png\" alt=\"\" width=\"114\" height=\"114\" srcset=\"https:\/\/blasco-mentor-solliestoucas.fr\/wp-content\/uploads\/2018\/11\/logo.png 114w, https:\/\/blasco-mentor-solliestoucas.fr\/wp-content\/uploads\/2018\/11\/logo-60x60.png 60w\" sizes=\"auto, (max-width: 114px) 100vw, 114px\" \/><\/p>\n<ul>\n<li>\n<h2><span style=\"color: #c5c832;\"><strong><span style=\"color: #c5c832;\">LIVRES D&rsquo;ART<\/span><br \/>\n<\/strong><\/span><\/h2>\n<ul>\n<li><strong>&nbsp;<\/strong>Castello SFORZESCO<strong> \u2013 <\/strong>Salla della Balla- Milano (22 Ottobre-7 Novembre) 1976<\/li>\n<li>&nbsp;La Conqu\u00eate du Bonheur ( \u00c9dition Cercle d&rsquo;Art de Paris) 1969<\/li>\n<\/ul>\n<\/li>\n<\/ul>\n<p>&nbsp;<\/p>\n<ul>\n<li>\n<h2><span style=\"color: #c5c832;\"><strong>LIVRES DE COLLECTION<br \/>\n<\/strong><\/span><\/h2>\n<ul>\n<li>Mentor sculptures. Photos Andr\u00e9 Destrevignes et Dominique Arosa. R\u00e9alis\u00e9 et imprim\u00e9 par Richard \u00e0 Toulon 2ieme trimestre 1981<\/li>\n<li>Les amours d&rsquo;Ovide- Club du Livre &#8211; 1970- 20 lithographies originales<\/li>\n<\/ul>\n<\/li>\n<\/ul>\n<p>&nbsp;<\/p>\n<ul>\n<li>\n<h2><span style=\"color: #c5c832;\"><strong>REVUES<\/strong><\/span><\/h2>\n<ul>\n<li>Faites entrer L&rsquo;infini num\u00e9ro 44- Soci\u00e9t\u00e9 des amis de Louis Aragon et Elsa Triolet Mentor ou le miroir du temps. Isabelle Rollin-Royer- 2007<\/li>\n<li>Univers des Arts. Num\u00e9ro 29. F\u00e9vrier 1998<\/li>\n<li>Univers des Arts-Mentor la fresque de la Courneuve. Jean Rollin<\/li>\n<li>Revue Valeurs de l&rsquo;Art num\u00e9ro 25 .Centre europ\u00e9en d&rsquo;Art- 1994<\/li>\n<\/ul>\n<\/li>\n<\/ul>\n<p>&nbsp;<\/p>\n<ul>\n<li>\n<h2><span style=\"color: #c5c832;\"><strong>CATALOGUES<br \/>\n<\/strong><\/span><\/h2>\n<ul>\n<li>Mentor \u00e0 la Tour des Templiers. La femme (7jJuillet- 1 Septembre).&nbsp; 2018<\/li>\n<li>Mentor au Centre d\u2019Art S\u00e9bastien \u00e0 Saint Cyr -sur- mer. Le Bestiaire (09Juillet-17 Sepembre). 2017<\/li>\n<li>Mentor \u00e0 la Tour Carr\u00e9e (Saint Maxime). 2016<\/li>\n<li>Mentor au mus\u00e9e Bourdelle. Paris. 1991<\/li>\n<li>Mentor. Les Concertistes. Nathalie Guigu\u00e9. Paris. 1990<\/li>\n<li>Mentor. Divertimento. Exposition \u00e0 la Seyne-sur-Mer (3 Novembre). 1987<\/li>\n<li>Mentor&nbsp;. Artcurial (29 Septembre-30 Octobre). 1975<\/li>\n<\/ul>\n<\/li>\n<\/ul>\n","protected":false},"excerpt":{"rendered":"<p>LIVRES D&rsquo;ART &nbsp;Castello SFORZESCO \u2013 Salla della Balla- Milano (22 Ottobre-7 Novembre) 1976 &nbsp;La Conqu\u00eate du Bonheur ( \u00c9dition Cercle d&rsquo;Art de Paris) 1969 &nbsp; LIVRES DE COLLECTION Mentor sculptures. Photos Andr\u00e9 Destrevignes et Dominique Arosa. R\u00e9alis\u00e9 et imprim\u00e9 par &hellip; <a href=\"https:\/\/blasco-mentor-solliestoucas.fr\/index.php\/brouillon-auto-5\/\">Continuer la lecture <span class=\"meta-nav\">&rarr;<\/span><\/a><\/p>\n","protected":false},"author":2,"featured_media":0,"parent":0,"menu_order":0,"comment_status":"closed","ping_status":"closed","template":"onecolumn-page.php","meta":{"ngg_post_thumbnail":0,"footnotes":""},"categories":[],"tags":[],"class_list":["post-2184","page","type-page","status-publish","hentry"],"lang":"fr","translations":{"fr":2184,"es":2934},"pll_sync_post":[],"_links":{"self":[{"href":"https:\/\/blasco-mentor-solliestoucas.fr\/index.php\/wp-json\/wp\/v2\/pages\/2184","targetHints":{"allow":["GET"]}}],"collection":[{"href":"https:\/\/blasco-mentor-solliestoucas.fr\/index.php\/wp-json\/wp\/v2\/pages"}],"about":[{"href":"https:\/\/blasco-mentor-solliestoucas.fr\/index.php\/wp-json\/wp\/v2\/types\/page"}],"author":[{"embeddable":true,"href":"https:\/\/blasco-mentor-solliestoucas.fr\/index.php\/wp-json\/wp\/v2\/users\/2"}],"replies":[{"embeddable":true,"href":"https:\/\/blasco-mentor-solliestoucas.fr\/index.php\/wp-json\/wp\/v2\/comments?post=2184"}],"version-history":[{"count":14,"href":"https:\/\/blasco-mentor-solliestoucas.fr\/index.php\/wp-json\/wp\/v2\/pages\/2184\/revisions"}],"predecessor-version":[{"id":2599,"href":"https:\/\/blasco-mentor-solliestoucas.fr\/index.php\/wp-json\/wp\/v2\/pages\/2184\/revisions\/2599"}],"wp:attachment":[{"href":"https:\/\/blasco-mentor-solliestoucas.fr\/index.php\/wp-json\/wp\/v2\/media?parent=2184"}],"wp:term":[{"taxonomy":"category","embeddable":true,"href":"https:\/\/blasco-mentor-solliestoucas.fr\/index.php\/wp-json\/wp\/v2\/categories?post=2184"},{"taxonomy":"post_tag","embeddable":true,"href":"https:\/\/blasco-mentor-solliestoucas.fr\/index.php\/wp-json\/wp\/v2\/tags?post=2184"}],"curies":[{"name":"wp","href":"https:\/\/api.w.org\/{rel}","templated":true}]}}