{"id":2202,"date":"2018-12-10T05:39:44","date_gmt":"2018-12-10T04:39:44","guid":{"rendered":"http:\/\/blasco-mentor-solliestoucas.fr\/?page_id=2202"},"modified":"2024-05-22T19:33:44","modified_gmt":"2024-05-22T17:33:44","slug":"peintures","status":"publish","type":"page","link":"https:\/\/blasco-mentor-solliestoucas.fr\/index.php\/peintures\/","title":{"rendered":"Peintures (Photographies des \u0153uvres \u00a9 univers Mentor)"},"content":{"rendered":"\n<p><span style=\"color: #ff0000;\"><strong>Les photos pr\u00e9sent\u00e9es proviennent d&rsquo;Univers Mentor et de collections priv\u00e9es. Elles sont reproduites avec l&rsquo;accord oral d&rsquo;Univers Mentor et des collectionneurs priv\u00e9s<br><\/strong><\/span><\/p>\n\n\nngg_shortcode_0_placeholder\n\n\n\n\n<figure class=\"wp-block-gallery has-nested-images columns-default is-cropped wp-block-gallery-1 is-layout-flex wp-block-gallery-is-layout-flex\"><\/figure>\n","protected":false},"excerpt":{"rendered":"<p>Les photos pr\u00e9sent\u00e9es proviennent d&rsquo;Univers Mentor et de collections priv\u00e9es. Elles sont reproduites avec l&rsquo;accord oral d&rsquo;Univers Mentor et des collectionneurs priv\u00e9s<\/p>\n","protected":false},"author":2,"featured_media":0,"parent":0,"menu_order":0,"comment_status":"closed","ping_status":"closed","template":"onecolumn-page.php","meta":{"ngg_post_thumbnail":0,"footnotes":""},"categories":[],"tags":[],"class_list":["post-2202","page","type-page","status-publish","hentry"],"lang":"fr","translations":{"fr":2202},"pll_sync_post":[],"_links":{"self":[{"href":"https:\/\/blasco-mentor-solliestoucas.fr\/index.php\/wp-json\/wp\/v2\/pages\/2202","targetHints":{"allow":["GET"]}}],"collection":[{"href":"https:\/\/blasco-mentor-solliestoucas.fr\/index.php\/wp-json\/wp\/v2\/pages"}],"about":[{"href":"https:\/\/blasco-mentor-solliestoucas.fr\/index.php\/wp-json\/wp\/v2\/types\/page"}],"author":[{"embeddable":true,"href":"https:\/\/blasco-mentor-solliestoucas.fr\/index.php\/wp-json\/wp\/v2\/users\/2"}],"replies":[{"embeddable":true,"href":"https:\/\/blasco-mentor-solliestoucas.fr\/index.php\/wp-json\/wp\/v2\/comments?post=2202"}],"version-history":[{"count":10,"href":"https:\/\/blasco-mentor-solliestoucas.fr\/index.php\/wp-json\/wp\/v2\/pages\/2202\/revisions"}],"predecessor-version":[{"id":4967,"href":"https:\/\/blasco-mentor-solliestoucas.fr\/index.php\/wp-json\/wp\/v2\/pages\/2202\/revisions\/4967"}],"wp:attachment":[{"href":"https:\/\/blasco-mentor-solliestoucas.fr\/index.php\/wp-json\/wp\/v2\/media?parent=2202"}],"wp:term":[{"taxonomy":"category","embeddable":true,"href":"https:\/\/blasco-mentor-solliestoucas.fr\/index.php\/wp-json\/wp\/v2\/categories?post=2202"},{"taxonomy":"post_tag","embeddable":true,"href":"https:\/\/blasco-mentor-solliestoucas.fr\/index.php\/wp-json\/wp\/v2\/tags?post=2202"}],"curies":[{"name":"wp","href":"https:\/\/api.w.org\/{rel}","templated":true}]}}