{"id":2308,"date":"2018-12-18T17:42:25","date_gmt":"2018-12-18T16:42:25","guid":{"rendered":"http:\/\/blasco-mentor-solliestoucas.fr\/?page_id=2308"},"modified":"2024-07-13T19:09:33","modified_gmt":"2024-07-13T17:09:33","slug":"brouillon-auto-2","status":"publish","type":"page","link":"https:\/\/blasco-mentor-solliestoucas.fr\/index.php\/brouillon-auto-2\/","title":{"rendered":"Galeries"},"content":{"rendered":"\n<p style=\"text-align: left;\"><a href=\"https:\/\/blasco-mentor-solliestoucas.fr\/wp-content\/uploads\/2021\/09\/logo.png\"><img loading=\"lazy\" decoding=\"async\" class=\"size-full wp-image-3612 alignleft\" src=\"https:\/\/blasco-mentor-solliestoucas.fr\/wp-content\/uploads\/2021\/09\/logo.png\" alt=\"\" width=\"114\" height=\"114\"><\/a><\/p>\n\n\n\n<p><span style=\"color: #ff0000;\"><strong>Les photos pr\u00e9sent\u00e9es proviennent d&rsquo;Univers Mentor et de collections priv\u00e9es. Elles sont reproduites avec l&rsquo;accord oral d&rsquo;Univers Mentor et des collectionneurs.<br><\/strong><\/span><\/p>\n\n\n<p>&nbsp;<\/p>\n<ul>\n<li>\n<h3><a href=\"http:\/\/blasco-mentor-solliestoucas.fr\/index.php\/peintures\/\">Peintures (Photographies des \u0153uvres \u00a9 univers Mentor et de collections priv\u00e9es)<\/a><\/h3>\n<\/li>\n<li>\n<h3><a href=\"http:\/\/blasco-mentor-solliestoucas.fr\/index.php\/sculptures\/\">Sculptures (Photographies des \u0153uvres \u00a9 univers Mentor)<\/a><\/h3>\n<\/li>\n<li>\n<h2><a href=\"http:\/\/blasco-mentor-solliestoucas.fr\/index.php\/brouillon-auto-3\/\">Vid\u00e9os<\/a><\/h2>\n<\/li>\n<\/ul>","protected":false},"excerpt":{"rendered":"<p>Les photos pr\u00e9sent\u00e9es proviennent d&rsquo;Univers Mentor et de collections priv\u00e9es. Elles sont reproduites avec l&rsquo;accord oral d&rsquo;Univers Mentor et des collectionneurs. &nbsp; Peintures (Photographies des \u0153uvres \u00a9 univers Mentor et de collections priv\u00e9es) Sculptures (Photographies des \u0153uvres \u00a9 univers Mentor) &hellip; <a href=\"https:\/\/blasco-mentor-solliestoucas.fr\/index.php\/brouillon-auto-2\/\">Continuer la lecture <span class=\"meta-nav\">&rarr;<\/span><\/a><\/p>\n","protected":false},"author":2,"featured_media":0,"parent":0,"menu_order":0,"comment_status":"closed","ping_status":"closed","template":"","meta":{"ngg_post_thumbnail":0,"footnotes":""},"categories":[],"tags":[],"class_list":["post-2308","page","type-page","status-publish","hentry"],"lang":"fr","translations":{"fr":2308},"pll_sync_post":[],"_links":{"self":[{"href":"https:\/\/blasco-mentor-solliestoucas.fr\/index.php\/wp-json\/wp\/v2\/pages\/2308","targetHints":{"allow":["GET"]}}],"collection":[{"href":"https:\/\/blasco-mentor-solliestoucas.fr\/index.php\/wp-json\/wp\/v2\/pages"}],"about":[{"href":"https:\/\/blasco-mentor-solliestoucas.fr\/index.php\/wp-json\/wp\/v2\/types\/page"}],"author":[{"embeddable":true,"href":"https:\/\/blasco-mentor-solliestoucas.fr\/index.php\/wp-json\/wp\/v2\/users\/2"}],"replies":[{"embeddable":true,"href":"https:\/\/blasco-mentor-solliestoucas.fr\/index.php\/wp-json\/wp\/v2\/comments?post=2308"}],"version-history":[{"count":12,"href":"https:\/\/blasco-mentor-solliestoucas.fr\/index.php\/wp-json\/wp\/v2\/pages\/2308\/revisions"}],"predecessor-version":[{"id":4995,"href":"https:\/\/blasco-mentor-solliestoucas.fr\/index.php\/wp-json\/wp\/v2\/pages\/2308\/revisions\/4995"}],"wp:attachment":[{"href":"https:\/\/blasco-mentor-solliestoucas.fr\/index.php\/wp-json\/wp\/v2\/media?parent=2308"}],"wp:term":[{"taxonomy":"category","embeddable":true,"href":"https:\/\/blasco-mentor-solliestoucas.fr\/index.php\/wp-json\/wp\/v2\/categories?post=2308"},{"taxonomy":"post_tag","embeddable":true,"href":"https:\/\/blasco-mentor-solliestoucas.fr\/index.php\/wp-json\/wp\/v2\/tags?post=2308"}],"curies":[{"name":"wp","href":"https:\/\/api.w.org\/{rel}","templated":true}]}}