{"id":2523,"date":"2019-01-03T12:44:44","date_gmt":"2019-01-03T11:44:44","guid":{"rendered":"http:\/\/blasco-mentor-solliestoucas.fr\/?page_id=2523"},"modified":"2023-05-03T18:13:18","modified_gmt":"2023-05-03T16:13:18","slug":"brouillon-auto-4","status":"publish","type":"page","link":"https:\/\/blasco-mentor-solliestoucas.fr\/index.php\/brouillon-auto-4\/","title":{"rendered":"Expositions des \u0153uvres de Mentor"},"content":{"rendered":"\n<ul style=\"list-style-type: disc;\">\n<li>1946, Galerie Altarriba, Paris<\/li>\n<li>1949, Galerie Dermes, Lyon, Rh\u00f4ne<\/li>\n<li>1950\/1953, Galerie de l\u2019\u00c9lys\u00e9e, Paris 1952, Club de la Publicit\u00e9, Paris<\/li>\n<li>1953, Mus\u00e9e de Mulhouse, Mulhouse, Haut-Rhin 1954, D\u00e9cors des paquebots Jean Mermoz et Cl\u00e9ment Ader<\/li>\n<li>1959\/1965, Galerie Carlier, Paris<\/li>\n<li>1961, Galerie Urban, Paris 1961, Mus\u00e9e Galliera, Paris<\/li>\n<li>1962, Galerie Recio, Paris<\/li>\n<li>1967, Inauguration de la Maison des Jeunes et de la Culture Guy M\u00f4quet (400 m\u00b2), La Courneuve 1970, Galerie Drouant, Paris<\/li>\n<li>1970, Office des Arts et du Tourisme, Boll\u00e8ne, Vaucluse<\/li>\n<li>1971, Salon de la Mairie, Corbeil-Essonnes, Essonne<\/li>\n<li>1972, Maison des Jeunes et de la Culture, Drancy, Seine Saint-Denis<\/li>\n<li>1971-1973, Palais Castiglione, Peinture murale 250 m\u00b2, Milan, (Italie)<\/li>\n<li>1974, Mus\u00e9e des beaux-arts, Besan\u00e7on, Doubs<\/li>\n<li>1974, Pr\u00e9sentation d\u2019ensembles importants : Allemagne, Italie, \u00c9tats-Unis, U.R.S.S., Japon<\/li>\n<li>&nbsp;1974, Galerie Gian-Ferrari, Milan, (Italie)<\/li>\n<li>1975, Ouverture du Centre d\u2019Art International Artcurial, Paris<\/li>\n<li>1976, Castello Sforzesco, Sala della Balla, Milan, (Italie)<\/li>\n<li>1977, Mus\u00e9e de Picardie, Amiens, Somme<\/li>\n<li>1977, Galerie Artcurial, Paris 1977, Mus\u00e9e des Arsenaux Royaux, Barcelone, (Espagne)<\/li>\n<li>1977, Mus\u00e9e d\u2019Abidjan, (C\u00f4te d\u2019Ivoire) 1977, Office Arts et Tourisme, Mantes-la-Jolie, Yvelines<\/li>\n<li>1978, Galerie Valle-Orti, Valence, (Espagne)<\/li>\n<li>1978, Mus\u00e9e Galerce, Barcelone, (Espagne)<\/li>\n<li>1978, Mus\u00e9e de la ville, Toulon, Var<\/li>\n<li>1978, Galerie du Sagittaire, Annecy, Haute-Savoie<\/li>\n<li>1979, Mus\u00e9e de la ville, Rennes, Ille-et-Vilaine<\/li>\n<li>1979, H\u00f4tel La Repos\u00e9e, Liffr\u00e9, Ille-et-Vilaine<\/li>\n<li>1981, H\u00f4tel Dialogue, compagnie a\u00e9rienne UTA, Libreville, (Gabon)<\/li>\n<li>1981, Triennale europ\u00e9enne de la sculpture au Grand Palais, Paris<\/li>\n<li>1982, Pr\u00e9sidence de la R\u00e9publique, Abidjan, (C\u00f4te d\u2019Ivoire)<\/li>\n<li>1982, Ile de la R\u00e9union, Saint-Denis<\/li>\n<li>1982, Galerie d\u2019art Roubeaud, Saint-Antoine de l\u2019Abbaye, Is\u00e8re<\/li>\n<li>1982, Galerie Guign\u00e9, \u00ab\u00a0Sculptures\u00a0\u00bb, Paris<\/li>\n<li>1982, C.C.F. (Cr\u00e9dit Commercial de France), \u00ab\u00a0Sculptures baroques\u00a0\u00bb, Toulon, Var<\/li>\n<li>&nbsp;1982, Villars Palace, Paris<\/li>\n<li>1983, H\u00f4tel Ibis, Plougastel Daoulas dans le Finist\u00e8re<\/li>\n<li>1983, Ch\u00e2teau-mus\u00e9e de Cabri\u00e8s, Cabri\u00e8s-en-Provence, Bouches-du-Rh\u00f4ne<\/li>\n<li>1983, Banque Pelletier et Cie, Mont-de-Marsan, Landes 1983, H\u00f4tel M\u00e9ridien, Saint-Denis de La R\u00e9union<\/li>\n<li>1985, Mus\u00e9e, Brive-la-Gaillarde, Corr\u00e8ze<\/li>\n<li>1985, Mus\u00e9e d\u2019Art et d\u2019Histoire de Saint-Denis, R\u00e9trospective, Seine Saint-Denis 1985\/1987\/1989\/1990\/1993, Galerie Guign\u00e9, Paris.<\/li>\n<li>1985, Galerie Scala, Barcelone, (Espagne)<\/li>\n<li>1985\/1987, Galerie Jean Jury, Clermont-Ferrand, Puy-de-D\u00f4me<\/li>\n<li>1986\/1987, Galerie Andr\u00e9ozy, Marseille, Bouches-du-Rh\u00f4ne<\/li>\n<li>1986, Atelier Upiglio \u2013 Rotonda di via Besana, Milan, (Italie)<\/li>\n<li>1986, Universit\u00e9, Milan, (Italie)<\/li>\n<li>&nbsp;1987, Fondation Vasarely, Aix-en-Provence, Bouches-du-Rh\u00f4ne<\/li>\n<li>1988, Th\u00e9\u00e2tre Firmin Gemier, Anthony, Hauts-de-Seine.<\/li>\n<li>1988, Conseil G\u00e9n\u00e9ral du Var, Brignoles, Var<\/li>\n<li>1989, Conseil G\u00e9n\u00e9ral, Saint-Denis de La R\u00e9union<\/li>\n<li>1989, R\u00e9ception de l\u2019achat du Conseil G\u00e9n\u00e9ral du Var de quatre toiles La Provence, Toulon, Var<\/li>\n<li>1989, Salon d\u2019Automne, \u00ab\u00a0Hommage \u00e0 Mentor\u00a0\u00bb, Paris<\/li>\n<li>1989\/1990\/1991\/1992, Atelier Gourdon, Le Castellet, Var<\/li>\n<li>1991, Palais des Rois de Majorque, R\u00e9trospective, Perpignan, Pyr\u00e9n\u00e9es-Orientales<\/li>\n<li>1991, Mus\u00e9e Bourdelle, Paris<\/li>\n<li>1991, Villa Tamaris, La Seyne-sur-Mer, Var<\/li>\n<li>1992, Le Cadre Noir, Saint-Denis de La R\u00e9union<\/li>\n<li>1993, Galerie du Four, Amiens, Somme<\/li>\n<li>1993, Ch\u00e2teau de Vasc\u0153uil, R\u00e9trospective, Eure<\/li>\n<li>1994, Galerie Estades, Toulon, Var<\/li>\n<li>1994, Salle d\u2019Honneur de la mairie de Noum\u00e9a, Nouvelle Cal\u00e9donie<\/li>\n<li>1994, Galerie Carmen H\u00e9ritier, Mirmande, Dr\u00f4me<\/li>\n<li>1995, Mus\u00e9e de la Tour Carr\u00e9e, Sainte-Maxime, Var<\/li>\n<li>1995, Inauguration de la d\u00e9coration des cinq niveaux du parking Mentor, pl. Jules Vernes, Marseille, Bouches-du-Rh\u00f4ne<\/li>\n<li>1995\/1996, H\u00f4tel Ivoire, Abidjan, (C\u00f4te d\u2019Ivoire)<\/li>\n<li>1995, Salon de la mairie de Passy, Haute-Savoie<\/li>\n<li>1995, Caixabank, Marseille, Aix-en-Provence, Montpellier, Perpignan<\/li>\n<li>1995, Ch\u00e2teau de Divonne-les-Bains, Ain<\/li>\n<li>1996, Caixabank, Toulon, Var<\/li>\n<li>1996, Galerie Park Atlantic, Lisbonne, (Portugal)<\/li>\n<li>1996, Casino municipal, Biarritz, Pyr\u00e9n\u00e9es-Atlantiques<\/li>\n<li>1996, Galerie Dafina, Aix-les-Bains, Savoie<\/li>\n<li>1996, Inauguration de la d\u00e9coration de la Salle Mentor au restaurant Le Lingousto, Cuers, Var<\/li>\n<li>1997, Galerie La Tour des Cardinaux, l\u2019Isle-sur-la-Sorgue, Vaucluse<\/li>\n<li>1998, Ch\u00e2teau de Durtal, Angers, Maine-et-Loire<\/li>\n<li>1999, Galerie des Remparts, Bordeaux, Gironde<\/li>\n<li>1999, Mus\u00e9e du Fort St Jean, Marseille, Bouches-du-Rh\u00f4ne<\/li>\n<li>1999, Galerie 26, Saint-Denis de La R\u00e9union<\/li>\n<li>2000, Galerie Dufour, Amiens, Somme<\/li>\n<li>2000, Palais Ducal, Nevers, Ni\u00e8vre<\/li>\n<li>2001, 8e Salon des Peintres de Grimaud, Var<\/li>\n<li>2005, Mus\u00e9e Edgar M\u00e9lik, Cabri\u00e8s, Bouches-du-Rh\u00f4ne<\/li>\n<li>2009, Mus\u00e9e Goya de Castres, R\u00e9trospective, Tarn<\/li>\n<li>2011, Solli\u00e8s-Toucas, R\u00e9trospective &#8211; Inauguration du Fonds de dotation \u00ab\u00a0Univers Mentor\u00a0\u00bb<\/li>\n<li>2013&nbsp;\/ 2014, Galerie Mazarin \u00e0 Toulon, Var<\/li>\n<li>2016, Exposition \u00e0 la Tour Carr\u00e9e \u00e0 Sainte Maxime, Var<\/li>\n<li>2017, Exposition au centre d\u2019Art S\u00e9bastien \u00e0 Saint Cyr sur Mer, Var<\/li>\n<li>2018, Exposition au Mus\u00e9e de la Tour des Templiers \u00e0 Hy\u00e8res, Var<\/li>\n<li>2019, Centenaire de sa naissance<\/li>\n<\/ul>\n<ul>\n<li style=\"list-style-type: none;\">\n<ul>\n<li>Exposition d\u2019une \u0153uvre in\u00e9dite \u00ab La Guerre d\u2019Espagne&nbsp;\u00bb \u00e0 Gennevilliers parmi l\u2019exposition Tr\u00e9sors de Banlieues<\/li>\n<li>\n<p>Exposition \u00e0 Saint Mandrier-sur-Mer, Var au domaine de l&rsquo;Ermitage et \u00e0 la galerie Rancilo \u00e0 Saint Mandrier-sur-Mer, Var<\/p>\n<\/li>\n<li>Exposition \u00e0 Solli\u00e8s Pont, Var au ch\u00e2teau de Solli\u00e8s Pont<\/li>\n<\/ul>\n<\/li>\n<\/ul>\n","protected":false},"excerpt":{"rendered":"<p>1946, Galerie Altarriba, Paris 1949, Galerie Dermes, Lyon, Rh\u00f4ne 1950\/1953, Galerie de l\u2019\u00c9lys\u00e9e, Paris 1952, Club de la Publicit\u00e9, Paris 1953, Mus\u00e9e de Mulhouse, Mulhouse, Haut-Rhin 1954, D\u00e9cors des paquebots Jean Mermoz et Cl\u00e9ment Ader 1959\/1965, Galerie Carlier, Paris 1961, &hellip; <a href=\"https:\/\/blasco-mentor-solliestoucas.fr\/index.php\/brouillon-auto-4\/\">Continuer la lecture <span class=\"meta-nav\">&rarr;<\/span><\/a><\/p>\n","protected":false},"author":2,"featured_media":0,"parent":0,"menu_order":0,"comment_status":"closed","ping_status":"closed","template":"onecolumn-page.php","meta":{"ngg_post_thumbnail":0,"footnotes":""},"categories":[],"tags":[],"class_list":["post-2523","page","type-page","status-publish","hentry"],"lang":"fr","translations":{"fr":2523},"pll_sync_post":[],"_links":{"self":[{"href":"https:\/\/blasco-mentor-solliestoucas.fr\/index.php\/wp-json\/wp\/v2\/pages\/2523","targetHints":{"allow":["GET"]}}],"collection":[{"href":"https:\/\/blasco-mentor-solliestoucas.fr\/index.php\/wp-json\/wp\/v2\/pages"}],"about":[{"href":"https:\/\/blasco-mentor-solliestoucas.fr\/index.php\/wp-json\/wp\/v2\/types\/page"}],"author":[{"embeddable":true,"href":"https:\/\/blasco-mentor-solliestoucas.fr\/index.php\/wp-json\/wp\/v2\/users\/2"}],"replies":[{"embeddable":true,"href":"https:\/\/blasco-mentor-solliestoucas.fr\/index.php\/wp-json\/wp\/v2\/comments?post=2523"}],"version-history":[{"count":7,"href":"https:\/\/blasco-mentor-solliestoucas.fr\/index.php\/wp-json\/wp\/v2\/pages\/2523\/revisions"}],"predecessor-version":[{"id":4654,"href":"https:\/\/blasco-mentor-solliestoucas.fr\/index.php\/wp-json\/wp\/v2\/pages\/2523\/revisions\/4654"}],"wp:attachment":[{"href":"https:\/\/blasco-mentor-solliestoucas.fr\/index.php\/wp-json\/wp\/v2\/media?parent=2523"}],"wp:term":[{"taxonomy":"category","embeddable":true,"href":"https:\/\/blasco-mentor-solliestoucas.fr\/index.php\/wp-json\/wp\/v2\/categories?post=2523"},{"taxonomy":"post_tag","embeddable":true,"href":"https:\/\/blasco-mentor-solliestoucas.fr\/index.php\/wp-json\/wp\/v2\/tags?post=2523"}],"curies":[{"name":"wp","href":"https:\/\/api.w.org\/{rel}","templated":true}]}}