{"id":2675,"date":"2021-09-15T17:10:28","date_gmt":"2021-09-15T15:10:28","guid":{"rendered":"http:\/\/blasco-mentor-solliestoucas.fr\/?page_id=2675"},"modified":"2024-10-25T18:06:51","modified_gmt":"2024-10-25T16:06:51","slug":"accueil","status":"publish","type":"page","link":"https:\/\/blasco-mentor-solliestoucas.fr\/","title":{"rendered":"Accueil"},"content":{"rendered":"\n<h2 style=\"text-align: justify;\"><em><strong>Les amis de l\u2019\u0153uvre de Blasco Mentor ont cr\u00e9\u00e9 ce site internet pour faire d\u00e9couvrir au plus grand nombre la vie et l\u2019\u0153uvre du peintre et sculpteur Blasco Mentor qui a v\u00e9cu plus de 60 ans sur notre commune (1919\/ 2003)<\/strong><\/em><\/h2>\n<h2>&nbsp;<\/h2>\n\n\n\n<div id=\"attachment_2591\" style=\"width: 179px\" class=\"wp-caption alignleft\"><a href=\"https:\/\/blasco-mentor-solliestoucas.fr\/wp-content\/uploads\/2019\/03\/Mentor-dans-son-atelier-parisien.jpg\"><img loading=\"lazy\" decoding=\"async\" aria-describedby=\"caption-attachment-2591\" class=\"wp-image-2591 size-medium\" src=\"https:\/\/blasco-mentor-solliestoucas.fr\/wp-content\/uploads\/2019\/03\/Mentor-dans-son-atelier-parisien-169x300.jpg\" alt=\"\" width=\"169\" height=\"300\" srcset=\"https:\/\/blasco-mentor-solliestoucas.fr\/wp-content\/uploads\/2019\/03\/Mentor-dans-son-atelier-parisien-169x300.jpg 169w, https:\/\/blasco-mentor-solliestoucas.fr\/wp-content\/uploads\/2019\/03\/Mentor-dans-son-atelier-parisien-768x1365.jpg 768w, https:\/\/blasco-mentor-solliestoucas.fr\/wp-content\/uploads\/2019\/03\/Mentor-dans-son-atelier-parisien-576x1024.jpg 576w, https:\/\/blasco-mentor-solliestoucas.fr\/wp-content\/uploads\/2019\/03\/Mentor-dans-son-atelier-parisien-34x60.jpg 34w, https:\/\/blasco-mentor-solliestoucas.fr\/wp-content\/uploads\/2019\/03\/Mentor-dans-son-atelier-parisien-1320x2347.jpg 1320w, https:\/\/blasco-mentor-solliestoucas.fr\/wp-content\/uploads\/2019\/03\/Mentor-dans-son-atelier-parisien.jpg 1836w\" sizes=\"auto, (max-width: 169px) 100vw, 169px\" \/><\/a><p id=\"caption-attachment-2591\" class=\"wp-caption-text\">Formes sur la toile. Une ligne, un cercle bient\u00f4t entour\u00e9 de formes imaginaires ou monumentales apparaissent. Une fois termin\u00e9 le travail peut \u00eatre s\u00e9rieux, fantasque, doux ou grandiose, sensuel ou tragique mais indiquant toujours l&rsquo;importance du champ des id\u00e9es.<\/p><\/div>\n<p style=\"text-align: center;\"><span lang=\"fr\"><strong>Solli\u00e8s Toucas et la culture <\/strong><\/span><\/p>\n<p style=\"text-align: justify;\">La grande force de la culture est d\u2019\u00eatre \u00e0 la fois un vecteur \u00e9conomique et social. Le secteur culturel cr\u00e9e des emplois, d\u00e9veloppe des comp\u00e9tences ; c\u2019est aussi un lien de coh\u00e9sion sociale, portant des valeurs et cr\u00e9ant de fortes identit\u00e9s.<\/p>\n<p style=\"text-align: justify;\">Aujourd\u2019hui la culture est devenue un enjeu clef de la croissance \u00e9conomique, qu\u2019elle soit locale, r\u00e9gionale ou nationale. Le secteur culturel ne se r\u00e9duit plus \u00e0 une activit\u00e9 de loisir mais repr\u00e9sente bien un atout majeur dans nos soci\u00e9t\u00e9s actuelles. F\u00e9d\u00e9ratrice de projets sociaux\/culturels, de cr\u00e9ation d\u2019emploi dans les m\u00e9tiers de la cr\u00e9ation, de la culture et de la communication, la culture est indispensable au fonctionnement de nos \u00e9conomies et nous redonne confiance en l\u2019avenir.<\/p>\n<p style=\"text-align: justify;\">C\u2019est dans cette optique que les Amis de l\u2019\u0153uvre de Blasco Mentor se mobilisent afin de faire connaitre le potentiel de d\u00e9veloppement culturel de l\u2019\u0153uvre de Mentor et de sa propri\u00e9t\u00e9 la Casa Nieves. Sa maison et une partie importante de son \u0153uvre (plus de 450 peintures, sculptures, dessins, gravures\u2026)&nbsp; sont la propri\u00e9t\u00e9 de notre commune et peuvent \u00eatre un moteur de d\u00e9veloppement durable et contribuer ainsi \u00e0 son essor \u00e9conomique.<\/p>\n<p style=\"text-align: justify;\">Les projets de r\u00e9novation du Moulin Arnaud, de la propri\u00e9t\u00e9 Mentor et celui du futur mus\u00e9e qui lui sera d\u00e9di\u00e9, s\u2019inscrivent dans cette strat\u00e9gie.<\/p>\n<p style=\"text-align: justify;\">Au travers de ce site, les amis de l\u2019\u0153uvre de Blasco Mentor veulent faire connaitre son \u0153uvre au plus grand nombre, et accroitre sa notori\u00e9t\u00e9. Vous informer des \u00e9v\u00e9nements li\u00e9s \u00e0 son \u0153uvre, de l\u2019avancement du projet du futur Mus\u00e9e Mentor, ainsi que de la r\u00e9novation de sa propri\u00e9t\u00e9 la Casa Nieves fait aussi partie de nos intentions.<\/p>\n\n\n\n<p><\/p>\n\n\n\nngg_shortcode_0_placeholder\n\n\n\n<hr class=\"wp-block-separator aligncenter has-text-color has-blue-color has-alpha-channel-opacity has-blue-background-color has-background is-style-wide\"\/>\n\n\n\n<h2 class=\"wp-block-heading\">Actualit\u00e9s<\/h2>\n\n\n\n<div class=\"wp-block-group\"><div class=\"wp-block-group__inner-container is-layout-constrained wp-block-group-is-layout-constrained\"><ul class=\"wp-block-latest-posts__list is-grid columns-3 has-dates aligncenter wp-block-latest-posts\"><li><a class=\"wp-block-latest-posts__post-title\" href=\"https:\/\/blasco-mentor-solliestoucas.fr\/index.php\/en\/2025\/12\/17\/the-little-newspapern15\/\">THE LITTLE NEWSPAPERN\u00b015<\/a><time datetime=\"2025-12-17T19:20:39+01:00\" class=\"wp-block-latest-posts__post-date\">17 d\u00e9cembre 2025<\/time><\/li>\n<li><a class=\"wp-block-latest-posts__post-title\" href=\"https:\/\/blasco-mentor-solliestoucas.fr\/index.php\/es\/2025\/12\/17\/el-preriodicito-n15\/\">EL PRERIODICITO N\u00b015<\/a><time datetime=\"2025-12-17T19:20:39+01:00\" class=\"wp-block-latest-posts__post-date\">17 d\u00e9cembre 2025<\/time><\/li>\n<li><a class=\"wp-block-latest-posts__post-title\" href=\"https:\/\/blasco-mentor-solliestoucas.fr\/index.php\/2025\/12\/17\/le-petit-journal-n15\/\">LE PETIT JOURNAL N\u00b015<\/a><time datetime=\"2025-12-17T19:20:39+01:00\" class=\"wp-block-latest-posts__post-date\">17 d\u00e9cembre 2025<\/time><\/li>\n<\/ul><\/div><\/div>\n","protected":false},"excerpt":{"rendered":"<p>Les amis de l\u2019\u0153uvre de Blasco Mentor ont cr\u00e9\u00e9 ce site internet pour faire d\u00e9couvrir au plus grand nombre la vie et l\u2019\u0153uvre du peintre et sculpteur Blasco Mentor qui a v\u00e9cu plus de 60 ans sur notre commune (1919\/ &hellip; <a href=\"https:\/\/blasco-mentor-solliestoucas.fr\/\">Continuer la lecture <span class=\"meta-nav\">&rarr;<\/span><\/a><\/p>\n","protected":false},"author":2,"featured_media":0,"parent":0,"menu_order":0,"comment_status":"closed","ping_status":"closed","template":"","meta":{"ngg_post_thumbnail":0,"footnotes":""},"categories":[],"tags":[],"class_list":["post-2675","page","type-page","status-publish","hentry"],"lang":"fr","translations":{"fr":2675,"es":3499,"en":3500},"pll_sync_post":[],"_links":{"self":[{"href":"https:\/\/blasco-mentor-solliestoucas.fr\/index.php\/wp-json\/wp\/v2\/pages\/2675","targetHints":{"allow":["GET"]}}],"collection":[{"href":"https:\/\/blasco-mentor-solliestoucas.fr\/index.php\/wp-json\/wp\/v2\/pages"}],"about":[{"href":"https:\/\/blasco-mentor-solliestoucas.fr\/index.php\/wp-json\/wp\/v2\/types\/page"}],"author":[{"embeddable":true,"href":"https:\/\/blasco-mentor-solliestoucas.fr\/index.php\/wp-json\/wp\/v2\/users\/2"}],"replies":[{"embeddable":true,"href":"https:\/\/blasco-mentor-solliestoucas.fr\/index.php\/wp-json\/wp\/v2\/comments?post=2675"}],"version-history":[{"count":31,"href":"https:\/\/blasco-mentor-solliestoucas.fr\/index.php\/wp-json\/wp\/v2\/pages\/2675\/revisions"}],"predecessor-version":[{"id":5051,"href":"https:\/\/blasco-mentor-solliestoucas.fr\/index.php\/wp-json\/wp\/v2\/pages\/2675\/revisions\/5051"}],"wp:attachment":[{"href":"https:\/\/blasco-mentor-solliestoucas.fr\/index.php\/wp-json\/wp\/v2\/media?parent=2675"}],"wp:term":[{"taxonomy":"category","embeddable":true,"href":"https:\/\/blasco-mentor-solliestoucas.fr\/index.php\/wp-json\/wp\/v2\/categories?post=2675"},{"taxonomy":"post_tag","embeddable":true,"href":"https:\/\/blasco-mentor-solliestoucas.fr\/index.php\/wp-json\/wp\/v2\/tags?post=2675"}],"curies":[{"name":"wp","href":"https:\/\/api.w.org\/{rel}","templated":true}]}}