{"id":2847,"date":"2020-10-15T18:29:44","date_gmt":"2020-10-15T16:29:44","guid":{"rendered":"http:\/\/blasco-mentor-solliestoucas.fr\/?page_id=2847"},"modified":"2024-01-24T18:41:40","modified_gmt":"2024-01-24T17:41:40","slug":"vente-aux-encheres","status":"publish","type":"page","link":"https:\/\/blasco-mentor-solliestoucas.fr\/index.php\/vente-aux-encheres\/","title":{"rendered":"<center>Mentor &#038; le march\u00e9 <br> de l&rsquo;Art<\/center>"},"content":{"rendered":"<h2>&nbsp;<\/h2>\n<h2 style=\"text-align: center;\"><strong>Les \u0153uvres de Mentor en 2023<\/strong><\/h2>\n<p><strong>&nbsp;<\/strong>L\u2019ann\u00e9e 2023 est termin\u00e9e. Voici un aper\u00e7u des ventes de l\u2019artiste.<\/p>\n<p><strong>Tableaux <\/strong><\/p>\n<p>En 2023, 15 ou 17 toiles ont \u00e9t\u00e9 vendues (sur 17 propos\u00e9es).<\/p>\n<p>La plupart des tableaux \u00e9taient de petits formats (36-38 cm \u2013 44 \u2013 55 cm) et ont \u00e9t\u00e9 vendus entre 400 et 700 \u20ac.<\/p>\n<p>&nbsp;Ils comprenaient 5 paysages, 3 bouquets de fleurs, 2 cirques, 1 petit tableau datant de 1956 et 6 divers.<\/p>\n<p>Quelques tableaux moyens (50-60 cm \u2013 60-73 cm) ont \u00e9t\u00e9 vendus plus ou moins 900 \u20ac.<\/p>\n<p>Fin d\u00e9cembre 2023, deux huiles sur toile ont \u00e9t\u00e9 vendues \u00e0 1400 \u20ac (65 x 80 cm) et 3200 \u20ac (81 x 100 cm), sans frais (qui s\u2019\u00e9l\u00e8vent d\u00e9sormais \u00e0 pr\u00e8s de 30 %), pour un nu rose sur le canap\u00e9 et un tableau nomm\u00e9 \u00ab curiosit\u00e9 \u00bb.<\/p>\n<p><strong>Dessins<\/strong><\/p>\n<p>9 dessins, de petit format, au crayon gras et au pastel ou \u00e0 l\u2019aquarelle sur papier ont \u00e9t\u00e9 vendus.<\/p>\n<p>Les prix \u00e9taient modestes, de 200 \u20ac \u00e0 400 \u20ac.<\/p>\n<p>Aucune <strong>sculpture <\/strong>n&rsquo;a \u00e9t\u00e9 vendue.<\/p>\n<p><strong>Lithographies<\/strong><\/p>\n<p>3 petites lithos \u00e0 moins de 30 \u20ac ont \u00e9t\u00e9 vendues<\/p>\n<p>&nbsp;<\/p>\n<p><strong>Daniel Simonin&nbsp;&nbsp;&nbsp;&nbsp;&nbsp; <\/strong><\/p>\n<p>22 janvier 2024<\/p>\n<p>&nbsp;<\/p>\n<hr>\n<h2 style=\"text-align: center;\"><strong>Les \u0153uvres de Mentor en 2022<\/strong><\/h2>\n<p>L\u2019ann\u00e9e 2022 a \u00e9t\u00e9 meilleure que les deux ann\u00e9es pr\u00e9c\u00e9dentes&nbsp;!<\/p>\n<p>Le plus important est que seize tableaux ont \u00e9t\u00e9 mis en vente aux ench\u00e8res et que seuls deux n\u2019ont pas \u00e9t\u00e9 vendus.<\/p>\n<p>Aux ench\u00e8res de Rennes trois tableaux ont \u00e9t\u00e9 vendus en juillet mais non pay\u00e9s par l\u2019acheteur&nbsp;! ils ont \u00e9t\u00e9 vendus en d\u00e9cembre mais \u00e0 un prix plus faible, (1300, 1650, 2700 \u20ac, soit environ 20 % de moins) . Les tableaux repr\u00e9sentent une majorit\u00e9 de nus, d\u2019autres un bouquet de fleurs, un palais des doges, deux picadors, un agneau pascal et un petit tableau dat\u00e9 de 1957, \u00ab&nbsp;cavaliers \u00e0 la fontaine \u00ab, vendu \u00e0 Avignon.<\/p>\n<p>La taille des tableaux est importante, les prix des petits tableaux est en g\u00e9n\u00e9ral inf\u00e9rieur \u00e0 1000 \u20ac. Le prix des ventes aux ench\u00e8res doit \u00eatre augment\u00e9 d\u2019au moins 25 %, la commission du commissaire-priseur.<\/p>\n<p>Un petit bronze a \u00e9t\u00e9 vendu, un autre non, un pastel a \u00e9t\u00e9 vendu, deux lithographies \u00e9galement, 2 autres non.<\/p>\n<p>Les ventes se font en France, seuls un tableau et un petit bronze ont \u00e9t\u00e9 propos\u00e9s en Italie et en Allemagne, mais n\u2019ont pas \u00e9t\u00e9 vendus.<\/p>\n<p>Voil\u00e0&nbsp;! nous esp\u00e9rons que 2023 sera encore plus favorable aux ventes de Mentor&nbsp;!<\/p>\n<p>&nbsp;<\/p>\n\n\n<hr class=\"wp-block-separator has-text-color has-black-color has-alpha-channel-opacity has-black-background-color has-background is-style-wide\"\/>\n\n\n\n<h2 style=\"text-align: center;\">Mentor et les ventes aux ench\u00e8res<\/h2>\n<p>L\u2019ann\u00e9e 2020 est termin\u00e9e&nbsp;!<\/p>\n<p style=\"text-align: justify;\">Neuf \u0153uvres de Blasco Mentor ont \u00e9t\u00e9 propos\u00e9es en vente aux ench\u00e8res&nbsp;: six ont \u00e9t\u00e9 vendues, trois n\u2019ont pas \u00e9t\u00e9 vendues, il s\u2019agissait de paysages. Les \u0153uvres vendues avaient pour deux d\u2019entre elles, des vases, une le Forum de Rome, une nature morte, et deux tableaux plus caract\u00e9ristiques de l\u2019\u0153uvre de Mentor&nbsp;: \u00ab le grand Saut et l\u2019Ecuyer&nbsp;\u00bb&nbsp;et \u00ab&nbsp;Bouton de rose&nbsp;\u00bb. Toutes les ventes ont eu lieu en France, sauf une en Suisse. &nbsp;Les prix de vente au marteau ont tous \u00e9t\u00e9 inf\u00e9rieurs \u00e0 1000 \u20ac, mais il s\u2019agissait de petits formats, sauf le \u00ab&nbsp;Bouton de Rose&nbsp;\u00bb, qui a fait un prix correct de 4&nbsp;500 \u20ac.<\/p>\n<p style=\"text-align: justify;\">En esp\u00e9rant que l\u2019ann\u00e9e 2021 nous r\u00e9servera de bonnes surprises et de belles ventes&nbsp;!<\/p>\n<p>Daniel Simonin&nbsp; Amateur d\u2019Arts<\/p>\n<p>11 Janvier 2021<\/p>\n\n\n\n<hr class=\"wp-block-separator has-text-color has-black-color has-css-opacity has-black-background-color has-background aligncenter is-style-wide\"\/>\n\n\n\n<p style=\"text-align: justify;\"><a href=\"http:\/\/blasco-mentor-solliestoucas.fr\/wp-content\/uploads\/2018\/11\/logo.png\"><img loading=\"lazy\" decoding=\"async\" class=\"size-full wp-image-21 alignleft\" src=\"http:\/\/blasco-mentor-solliestoucas.fr\/wp-content\/uploads\/2018\/11\/logo.png\" alt=\"\" width=\"114\" height=\"114\" srcset=\"https:\/\/blasco-mentor-solliestoucas.fr\/wp-content\/uploads\/2018\/11\/logo.png 114w, https:\/\/blasco-mentor-solliestoucas.fr\/wp-content\/uploads\/2018\/11\/logo-60x60.png 60w\" sizes=\"auto, (max-width: 114px) 100vw, 114px\" \/><\/a>Les \u0153uvres de Mentor apparaissent peu dans les ventes aux ench\u00e8res, sa place depuis vingt ans oscille entre la 4-5&nbsp;000 \u00e8me et la 25-30&nbsp;000 \u00e8me&nbsp;selon les ann\u00e9es, compte tenu du chiffre d\u2019affaire r\u00e9alis\u00e9 lors des ventes et par rapport au nombre d\u2019artistes connus dans les ventes aux ench\u00e8res.<\/p>\n<p style=\"text-align: justify;\">Mentor est un artiste \u00ab&nbsp;fran\u00e7ais&nbsp;\u00bb&nbsp;: les ventes aux ench\u00e8res des \u0153uvres de Mentor ont \u00e9t\u00e9 r\u00e9alis\u00e9es ces 10 derni\u00e8res ann\u00e9es en France&nbsp;pour 94 %&nbsp;d\u2019entre elles&nbsp;!<\/p>\n<p style=\"text-align: justify;\">Sa cote a stagn\u00e9 ces derni\u00e8res ann\u00e9es et aucun tableau n\u2019a fait une somme importante, la moyenne des prix des \u0153uvres s\u2019est situ\u00e9e entre 1&nbsp;000 et 5&nbsp;000 \u20ac alors que le record est sans doute le tableau intitul\u00e9 \u00ab&nbsp;L\u2019Imprimerie&nbsp;\u00bb datant de 1959 qui a \u00e9t\u00e9 vendu en 1991 a plus de 45&nbsp;000 \u20ac sans les frais&nbsp;! Il faut se souvenir que la galerie Guign\u00e9 vendait dans les ann\u00e9es 1990 de grands et beaux tableaux pour un prix de l\u2019ordre de 30&nbsp;000 \u20ac.<\/p>\n<p style=\"text-align: justify;\">La r\u00e9partition des ventes ces derni\u00e8res ann\u00e9es est de 65 % pour les tableaux, 20 % pour les dessins \u2013 aquarelles et 15 % pour les sculptures et estampes.<\/p>\n<p style=\"text-align: justify;\">En 2019 le chiffre d\u2019affaire r\u00e9alis\u00e9 en vente aux ench\u00e8res a \u00e9t\u00e9 de 28340 \u20ac pour 17 lots vendus, 10 % seulement des lots pr\u00e9sent\u00e9s n\u2019ont pas trouv\u00e9 acqu\u00e9reurs<\/p>\n<p style=\"text-align: justify;\">Parmi les ventes de peintures en 2019 il y avait 5 bouquets de fleurs sur 14 lots dont un seul n\u2019a pas \u00e9t\u00e9 vendu. Le tableau \u00ab L\u2019impossible Amour&nbsp;\u00bb (113 x 165 cm) a \u00e9t\u00e9 vendu \u00e0 Clermont Ferrand pour 7&nbsp;500 \u20ac sans les frais, ce qui n\u2019est pas cher, mais il n\u2019y a pas eu de publicit\u00e9 sur cette vente. Un tableau \u00ab Cavaliers \u2013 La Parade&nbsp;\u00bb a \u00e9t\u00e9 vendu \u00e0 Versailles pour 5000 \u20ac sans les frais. On peut estimer que les ventes en Province sont moins suivies que les ventes \u00ab&nbsp;parisiennes&nbsp;\u00bb, en cons\u00e9quence leur prix est moins \u00e9lev\u00e9.&nbsp;<\/p>\n<p style=\"text-align: justify;\">Deux sculptures ont \u00e9t\u00e9 vendues en 2019&nbsp;: une&nbsp;\u00bb Sphynge \u00ab&nbsp;et une \u00ab&nbsp;t\u00eate de B\u00e9lier&nbsp;\u00bb, respectivement pour 3&nbsp;000 et 3&nbsp;500 \u20ac sans les frais.<\/p>\n<p style=\"text-align: justify;\">En 2020, du fait des circonstances sanitaires , seules 1 vente ( sur 2 lots pr\u00e9sent\u00e9s ) de tableaux et aucune vente de sculptures n\u2019ont eu lieu \u00e0 ce jour .<\/p>\n<p style=\"text-align: justify;\">Le 15 Octobre 2020<\/p>\n<p>Daniel Simonin &#8211; Amateur d&rsquo;Art<\/p>\n\n\n\n\n\n<hr class=\"wp-block-separator has-alpha-channel-opacity\"\/>\n","protected":false},"excerpt":{"rendered":"<p>&nbsp; Les \u0153uvres de Mentor en 2023 &nbsp;L\u2019ann\u00e9e 2023 est termin\u00e9e. Voici un aper\u00e7u des ventes de l\u2019artiste. Tableaux En 2023, 15 ou 17 toiles ont \u00e9t\u00e9 vendues (sur 17 propos\u00e9es). La plupart des tableaux \u00e9taient de petits formats (36-38 &hellip; <a href=\"https:\/\/blasco-mentor-solliestoucas.fr\/index.php\/vente-aux-encheres\/\">Continuer la lecture <span class=\"meta-nav\">&rarr;<\/span><\/a><\/p>\n","protected":false},"author":2,"featured_media":0,"parent":0,"menu_order":0,"comment_status":"closed","ping_status":"closed","template":"onecolumn-page.php","meta":{"ngg_post_thumbnail":0,"footnotes":""},"categories":[549,160],"tags":[],"class_list":["post-2847","page","type-page","status-publish","hentry","category-actualites-2022","category-ench"],"lang":"fr","translations":{"fr":2847,"es":3396,"en":3397},"pll_sync_post":[],"_links":{"self":[{"href":"https:\/\/blasco-mentor-solliestoucas.fr\/index.php\/wp-json\/wp\/v2\/pages\/2847","targetHints":{"allow":["GET"]}}],"collection":[{"href":"https:\/\/blasco-mentor-solliestoucas.fr\/index.php\/wp-json\/wp\/v2\/pages"}],"about":[{"href":"https:\/\/blasco-mentor-solliestoucas.fr\/index.php\/wp-json\/wp\/v2\/types\/page"}],"author":[{"embeddable":true,"href":"https:\/\/blasco-mentor-solliestoucas.fr\/index.php\/wp-json\/wp\/v2\/users\/2"}],"replies":[{"embeddable":true,"href":"https:\/\/blasco-mentor-solliestoucas.fr\/index.php\/wp-json\/wp\/v2\/comments?post=2847"}],"version-history":[{"count":22,"href":"https:\/\/blasco-mentor-solliestoucas.fr\/index.php\/wp-json\/wp\/v2\/pages\/2847\/revisions"}],"predecessor-version":[{"id":4888,"href":"https:\/\/blasco-mentor-solliestoucas.fr\/index.php\/wp-json\/wp\/v2\/pages\/2847\/revisions\/4888"}],"wp:attachment":[{"href":"https:\/\/blasco-mentor-solliestoucas.fr\/index.php\/wp-json\/wp\/v2\/media?parent=2847"}],"wp:term":[{"taxonomy":"category","embeddable":true,"href":"https:\/\/blasco-mentor-solliestoucas.fr\/index.php\/wp-json\/wp\/v2\/categories?post=2847"},{"taxonomy":"post_tag","embeddable":true,"href":"https:\/\/blasco-mentor-solliestoucas.fr\/index.php\/wp-json\/wp\/v2\/tags?post=2847"}],"curies":[{"name":"wp","href":"https:\/\/api.w.org\/{rel}","templated":true}]}}