{"id":2877,"date":"2020-11-19T16:28:14","date_gmt":"2020-11-19T15:28:14","guid":{"rendered":"http:\/\/blasco-mentor-solliestoucas.fr\/index.php\/blasco-mentor-english\/"},"modified":"2023-11-27T18:42:16","modified_gmt":"2023-11-27T17:42:16","slug":"biography","status":"publish","type":"page","link":"https:\/\/blasco-mentor-solliestoucas.fr\/index.php\/biography\/","title":{"rendered":"Accueil"},"content":{"rendered":"\n<h2 style=\"text-align: justify;\"><a href=\"http:\/\/blasco-mentor-solliestoucas.fr\/wp-content\/uploads\/2018\/11\/logo.png\"><img loading=\"lazy\" decoding=\"async\" class=\" wp-image-21 alignleft\" src=\"http:\/\/blasco-mentor-solliestoucas.fr\/wp-content\/uploads\/2018\/11\/logo.png\" alt=\"\" width=\"93\" height=\"93\" srcset=\"https:\/\/blasco-mentor-solliestoucas.fr\/wp-content\/uploads\/2018\/11\/logo.png 114w, https:\/\/blasco-mentor-solliestoucas.fr\/wp-content\/uploads\/2018\/11\/logo-60x60.png 60w\" sizes=\"auto, (max-width: 93px) 100vw, 93px\" \/><\/a>A website is now the way to communicate with the world. The friends of Blasco Mentor&rsquo;s work have chosen to create this site to introduce as many people as possible to this contemporary painter and sculptor who has lived in Solli\u00e8s-Toucas for more than 60 years.<\/h2>\n\n\n\n<h2 style=\"text-align: justify;\"><a href=\"https:\/\/blasco-mentor-solliestoucas.fr\/wp-content\/uploads\/2018\/11\/logo.png\"><img loading=\"lazy\" decoding=\"async\" class=\"size-full wp-image-21 alignleft\" src=\"https:\/\/blasco-mentor-solliestoucas.fr\/wp-content\/uploads\/2018\/11\/logo.png\" alt=\"\" width=\"114\" height=\"114\" srcset=\"https:\/\/blasco-mentor-solliestoucas.fr\/wp-content\/uploads\/2018\/11\/logo.png 114w, https:\/\/blasco-mentor-solliestoucas.fr\/wp-content\/uploads\/2018\/11\/logo-60x60.png 60w\" sizes=\"auto, (max-width: 114px) 100vw, 114px\" \/><\/a>Un site Web est maintenant le moyen de communiquer avec le monde. L&rsquo;\u0153uvre des amis de Blasco Mentor a choisi de cr\u00e9er ce site pour faire d\u00e9couvrir au plus grand nombre ce peintre et sclupteur contemporain qui vit \u00e0 Solli\u00e8s-Toucas depuis plus de 60 ans.<\/h2>\n\n\n<div id=\"attachment_2591\" style=\"width: 179px\" class=\"wp-caption alignleft\"><a href=\"http:\/\/blasco-mentor-solliestoucas.fr\/wp-content\/uploads\/2019\/03\/Mentor-dans-son-atelier-parisien.jpg\" target=\"_blank\" rel=\"noopener noreferrer\"><img loading=\"lazy\" decoding=\"async\" aria-describedby=\"caption-attachment-2591\" class=\"wp-image-2591 size-medium\" src=\"http:\/\/blasco-mentor-solliestoucas.fr\/wp-content\/uploads\/2019\/03\/Mentor-dans-son-atelier-parisien-169x300.jpg\" alt=\"\" width=\"169\" height=\"300\" srcset=\"https:\/\/blasco-mentor-solliestoucas.fr\/wp-content\/uploads\/2019\/03\/Mentor-dans-son-atelier-parisien-169x300.jpg 169w, https:\/\/blasco-mentor-solliestoucas.fr\/wp-content\/uploads\/2019\/03\/Mentor-dans-son-atelier-parisien-768x1365.jpg 768w, https:\/\/blasco-mentor-solliestoucas.fr\/wp-content\/uploads\/2019\/03\/Mentor-dans-son-atelier-parisien-576x1024.jpg 576w, https:\/\/blasco-mentor-solliestoucas.fr\/wp-content\/uploads\/2019\/03\/Mentor-dans-son-atelier-parisien-34x60.jpg 34w, https:\/\/blasco-mentor-solliestoucas.fr\/wp-content\/uploads\/2019\/03\/Mentor-dans-son-atelier-parisien-1320x2347.jpg 1320w, https:\/\/blasco-mentor-solliestoucas.fr\/wp-content\/uploads\/2019\/03\/Mentor-dans-son-atelier-parisien.jpg 1836w\" sizes=\"auto, (max-width: 169px) 100vw, 169px\" \/><\/a><p id=\"caption-attachment-2591\" class=\"wp-caption-text\"><span lang=\"fr\">On imagine facilement son pinceau, comme avec une vie qui lui est propre, improvisant des formes sur la toile. Une ligne, un cercle bient\u00f4t entour\u00e9 de formes imaginaires ou monumentales appara\u00eet. Une fois termin\u00e9 le travail peut \u00eatre s\u00e9rieux, fantasque, doux ou grandiose, sensuel ou tragique mais indiquant toujours l&rsquo;importance du champ des id\u00e9es.<\/span><\/p><\/div>\n<pre id=\"tw-target-text\" class=\"tw-data-text tw-text-large XcVN5d tw-ta\" dir=\"ltr\" data-placeholder=\"Traduction\"><span lang=\"fr\"><strong>Solli\u00e8s Toucas et culture\n<\/strong>\nLa grande force de la culture, des biens et services culturels est leur double nature, \u00e0 la fois \u00e9conomique et culturelle. Le secteur culturel cr\u00e9e des emplois, des revenus, des comp\u00e9tences, et en m\u00eame temps les produits culturels portent des valeurs, des rep\u00e8res qui sont des leviers d'identit\u00e9, de coh\u00e9sion sociale, de mobilisation collective. Cela a un potentiel consid\u00e9rable de d\u00e9veloppement \u00e9conomique et social. Face aux difficult\u00e9s rencontr\u00e9es par les soci\u00e9t\u00e9s, \u00e0 la fois \u00e9conomiques, sociales et culturelles, des strat\u00e9gies sont n\u00e9cessaires pour g\u00e9rer ces aspects interd\u00e9pendants. La culture apporte des r\u00e9ponses.\n\nLe travail des Amis de Blasco Mentor se mobilise pour reconna\u00eetre le potentiel des biens et services culturels en tant qu'\u0153uvres et de la propri\u00e9t\u00e9 Mentor (propri\u00e9t\u00e9 de notre commune) comme moteur du d\u00e9veloppement durable et pour forger les bons outils. Nous voulons contribuer \u00e0 investir davantage dans l'\u00e9conomie de notre commune dans le cadre de la r\u00e9gion. L'\u00e9conomie cr\u00e9ative r\u00e9siste \u00e0 la crise, cr\u00e9ant des emplois dans les industries culturelles et cr\u00e9atives.\n\nLa culture est-elle devenue un enjeu cl\u00e9 du d\u00e9veloppement? Elle fait \u00e9galement partie des strat\u00e9gies pour sortir de la crise et comme projet f\u00e9d\u00e9rateur pour restaurer la dignit\u00e9 et la confiance dans l'avenir. Le projet de r\u00e9novation du Moulin Arnaud, de la propri\u00e9t\u00e9 Mentor et du futur mus\u00e9e repose sur le m\u00eame principe. Dans le pass\u00e9, le secteur culturel n'a pas toujours \u00e9t\u00e9 au centre des strat\u00e9gies de d\u00e9veloppement rapide, mais lorsqu'il s'agit de construire un d\u00e9veloppement durable, la culture pr\u00e9sente de nombreux avantages.\n\nL'\u00e9conomie de la culture et surtout une nouvelle vision de son r\u00f4le dans nos soci\u00e9t\u00e9s \u00e9merge. Premi\u00e8rement, il y a une extension de la vision traditionnelle de l'\u00e9conomie de la culture, vue comme un loisir, \u00e0 une approche nouvelle et plus large qui int\u00e8gre les m\u00e9tiers de la cr\u00e9ation.\n\nA Solli\u00e8s Toucas nous avons la mati\u00e8re avec le peintre et sculpteur contemporain Blasco Mentor qui a v\u00e9cu plus de 60 ans dans notre commune. C'est \u00e0 nous de le mettre en \u0153uvre.\n\nLe travail des Amis de Blasco Mentor a choisi de cr\u00e9er ce site car c'est aujourd'hui le moyen de communiquer avec le monde qui s'int\u00e9resse \u00e0 ses peintures et sculptures et s'int\u00e9resse \u00e0 conna\u00eetre son travail et \u00e0 accro\u00eetre sa notori\u00e9t\u00e9.\n\nNous vous informerons des \u00e9v\u00e9nements li\u00e9s \u00e0 l'exposition de ses \u0153uvres, de l'avancement du projet du futur Mus\u00e9e Mentor et des travaux entrepris pour r\u00e9habiliter sa propri\u00e9t\u00e9 abandonn\u00e9e depuis des ann\u00e9es.<\/span><\/pre>\n<p>&nbsp;<\/p>\n<p>&nbsp;<\/p>\n<p style=\"text-align: left;\">&nbsp;&nbsp;&nbsp;&nbsp;&nbsp;&nbsp;&nbsp;&nbsp;&nbsp;&nbsp;&nbsp;&nbsp;&nbsp;&nbsp;&nbsp;&nbsp;&nbsp;&nbsp;&nbsp;&nbsp;&nbsp;&nbsp;&nbsp;&nbsp;&nbsp;&nbsp;&nbsp;&nbsp;&nbsp;&nbsp;&nbsp;&nbsp;&nbsp;&nbsp;&nbsp;&nbsp;&nbsp;&nbsp;&nbsp;&nbsp;&nbsp;&nbsp;&nbsp;&nbsp;&nbsp;&nbsp;&nbsp;&nbsp;&nbsp;&nbsp;&nbsp;&nbsp;&nbsp;&nbsp;&nbsp;&nbsp; <style type=\"text\/css\">.easingslider-2459 { max-width: 500px; }.easingslider-2459 .easingslider-image { max-height: 300px; max-width: 500px; }.easingslider-2459 .easingslider-fade-in, .easingslider-fade-out { -webkit-animation-duration: 400ms; -moz-animation-duration: 400ms; animation-duration: 400ms; }<\/style><script type=\"text\/javascript\">window.EasingSlider2459 = {\"width\":500,\"height\":300,\"singleItem\":true,\"items\":1,\"itemsDesktop\":false,\"itemsDesktopSmall\":false,\"itemsTablet\":false,\"itemsTabletSmall\":false,\"itemsMobile\":false,\"responsive\":true,\"lazyLoad\":true,\"autoPlay\":4000,\"slideSpeed\":400,\"navigation\":true,\"navigationText\":[\"\",\"\"],\"pagination\":false,\"autoHeight\":false,\"mouseDrag\":false,\"touchDrag\":false,\"addClassActive\":true,\"transitionStyle\":false};<\/script><div data-id=\"2459\" class=\"easingslider easingslider-2459 easingslider-container easingslider-resizing-enabled easingslider-aspect-ratio easingslider-arrows-inside\"><div class=\"easingslider-slide\"><img decoding=\"async\" src=\"https:\/\/blasco-mentor-solliestoucas.fr\/wp-content\/plugins\/easing-slider\/assets\/images\/placeholder-pixel.png\" data-src=\"https:\/\/blasco-mentor-solliestoucas.fr\/wp-content\/uploads\/2018\/12\/P1050175-500x300.jpg\" alt=\"\" title=\"\" class=\"easingslider-image easingslider-lazy\" \/><\/div><div class=\"easingslider-slide\"><img decoding=\"async\" src=\"https:\/\/blasco-mentor-solliestoucas.fr\/wp-content\/plugins\/easing-slider\/assets\/images\/placeholder-pixel.png\" data-src=\"https:\/\/blasco-mentor-solliestoucas.fr\/wp-content\/uploads\/2018\/12\/P1050176-500x300.jpg\" alt=\"\" title=\"\" class=\"easingslider-image easingslider-lazy\" \/><\/div><div class=\"easingslider-slide\"><img decoding=\"async\" src=\"https:\/\/blasco-mentor-solliestoucas.fr\/wp-content\/plugins\/easing-slider\/assets\/images\/placeholder-pixel.png\" data-src=\"https:\/\/blasco-mentor-solliestoucas.fr\/wp-content\/uploads\/2018\/12\/P1050177-500x300.jpg\" alt=\"\" title=\"\" class=\"easingslider-image easingslider-lazy\" \/><\/div><div class=\"easingslider-slide\"><img decoding=\"async\" src=\"https:\/\/blasco-mentor-solliestoucas.fr\/wp-content\/plugins\/easing-slider\/assets\/images\/placeholder-pixel.png\" data-src=\"https:\/\/blasco-mentor-solliestoucas.fr\/wp-content\/uploads\/2018\/12\/P1050178-500x300.jpg\" alt=\"\" title=\"\" class=\"easingslider-image easingslider-lazy\" \/><\/div><div class=\"easingslider-slide\"><img decoding=\"async\" src=\"https:\/\/blasco-mentor-solliestoucas.fr\/wp-content\/plugins\/easing-slider\/assets\/images\/placeholder-pixel.png\" data-src=\"https:\/\/blasco-mentor-solliestoucas.fr\/wp-content\/uploads\/2018\/12\/P1050179-500x300.jpg\" alt=\"\" title=\"\" class=\"easingslider-image easingslider-lazy\" \/><\/div><div class=\"easingslider-slide\"><img decoding=\"async\" src=\"https:\/\/blasco-mentor-solliestoucas.fr\/wp-content\/plugins\/easing-slider\/assets\/images\/placeholder-pixel.png\" data-src=\"https:\/\/blasco-mentor-solliestoucas.fr\/wp-content\/uploads\/2018\/12\/P1050180-500x300.jpg\" alt=\"\" title=\"\" class=\"easingslider-image easingslider-lazy\" \/><\/div><div class=\"easingslider-slide\"><img decoding=\"async\" src=\"https:\/\/blasco-mentor-solliestoucas.fr\/wp-content\/plugins\/easing-slider\/assets\/images\/placeholder-pixel.png\" data-src=\"https:\/\/blasco-mentor-solliestoucas.fr\/wp-content\/uploads\/2018\/12\/P1050181-500x300.jpg\" alt=\"\" title=\"\" class=\"easingslider-image easingslider-lazy\" \/><\/div><div class=\"easingslider-slide\"><img decoding=\"async\" src=\"https:\/\/blasco-mentor-solliestoucas.fr\/wp-content\/plugins\/easing-slider\/assets\/images\/placeholder-pixel.png\" data-src=\"https:\/\/blasco-mentor-solliestoucas.fr\/wp-content\/uploads\/2018\/12\/P1050182-500x300.jpg\" alt=\"\" title=\"\" class=\"easingslider-image easingslider-lazy\" \/><\/div><div class=\"easingslider-slide\"><img decoding=\"async\" src=\"https:\/\/blasco-mentor-solliestoucas.fr\/wp-content\/plugins\/easing-slider\/assets\/images\/placeholder-pixel.png\" data-src=\"https:\/\/blasco-mentor-solliestoucas.fr\/wp-content\/uploads\/2018\/12\/P1050184-500x300.jpg\" alt=\"\" title=\"\" class=\"easingslider-image easingslider-lazy\" \/><\/div><div class=\"easingslider-slide\"><img decoding=\"async\" src=\"https:\/\/blasco-mentor-solliestoucas.fr\/wp-content\/plugins\/easing-slider\/assets\/images\/placeholder-pixel.png\" data-src=\"https:\/\/blasco-mentor-solliestoucas.fr\/wp-content\/uploads\/2018\/12\/P1050186-500x300.jpg\" alt=\"\" title=\"\" class=\"easingslider-image easingslider-lazy\" \/><\/div><div class=\"easingslider-slide\"><img decoding=\"async\" src=\"https:\/\/blasco-mentor-solliestoucas.fr\/wp-content\/plugins\/easing-slider\/assets\/images\/placeholder-pixel.png\" data-src=\"https:\/\/blasco-mentor-solliestoucas.fr\/wp-content\/uploads\/2019\/02\/P1050150-500x300.jpg\" alt=\"\" title=\"\" class=\"easingslider-image easingslider-lazy\" \/><\/div><div class=\"easingslider-slide\"><img decoding=\"async\" src=\"https:\/\/blasco-mentor-solliestoucas.fr\/wp-content\/plugins\/easing-slider\/assets\/images\/placeholder-pixel.png\" data-src=\"https:\/\/blasco-mentor-solliestoucas.fr\/wp-content\/uploads\/2019\/02\/P1050151-500x300.jpg\" alt=\"\" title=\"\" class=\"easingslider-image easingslider-lazy\" \/><\/div><div class=\"easingslider-slide\"><img decoding=\"async\" src=\"https:\/\/blasco-mentor-solliestoucas.fr\/wp-content\/plugins\/easing-slider\/assets\/images\/placeholder-pixel.png\" data-src=\"https:\/\/blasco-mentor-solliestoucas.fr\/wp-content\/uploads\/2019\/02\/P1050155-500x300.jpg\" alt=\"\" title=\"\" class=\"easingslider-image easingslider-lazy\" \/><\/div><div class=\"easingslider-slide\"><img decoding=\"async\" src=\"https:\/\/blasco-mentor-solliestoucas.fr\/wp-content\/plugins\/easing-slider\/assets\/images\/placeholder-pixel.png\" data-src=\"https:\/\/blasco-mentor-solliestoucas.fr\/wp-content\/uploads\/2019\/02\/P1050157-500x300.jpg\" alt=\"\" title=\"\" class=\"easingslider-image easingslider-lazy\" \/><\/div><div class=\"easingslider-slide\"><img decoding=\"async\" src=\"https:\/\/blasco-mentor-solliestoucas.fr\/wp-content\/plugins\/easing-slider\/assets\/images\/placeholder-pixel.png\" data-src=\"https:\/\/blasco-mentor-solliestoucas.fr\/wp-content\/uploads\/2019\/02\/P1050162-500x300.jpg\" alt=\"\" title=\"\" class=\"easingslider-image easingslider-lazy\" \/><\/div><div class=\"easingslider-slide\"><img decoding=\"async\" src=\"https:\/\/blasco-mentor-solliestoucas.fr\/wp-content\/plugins\/easing-slider\/assets\/images\/placeholder-pixel.png\" data-src=\"https:\/\/blasco-mentor-solliestoucas.fr\/wp-content\/uploads\/2019\/02\/P1050167-500x300.jpg\" alt=\"\" title=\"\" class=\"easingslider-image easingslider-lazy\" \/><\/div><\/div><\/p>\n\n\n<p><\/p>\n","protected":false},"excerpt":{"rendered":"<p>A website is now the way to communicate with the world. The friends of Blasco Mentor&rsquo;s work have chosen to create this site to introduce as many people as possible to this contemporary painter and sculptor who has lived in &hellip; <a href=\"https:\/\/blasco-mentor-solliestoucas.fr\/index.php\/biography\/\">Continuer la lecture <span class=\"meta-nav\">&rarr;<\/span><\/a><\/p>\n","protected":false},"author":2,"featured_media":0,"parent":0,"menu_order":0,"comment_status":"closed","ping_status":"closed","template":"onecolumn-page.php","meta":{"ngg_post_thumbnail":0,"footnotes":""},"categories":[],"tags":[],"class_list":["post-2877","page","type-page","status-publish","hentry"],"lang":"fr","translations":{"fr":2877},"pll_sync_post":[],"_links":{"self":[{"href":"https:\/\/blasco-mentor-solliestoucas.fr\/index.php\/wp-json\/wp\/v2\/pages\/2877","targetHints":{"allow":["GET"]}}],"collection":[{"href":"https:\/\/blasco-mentor-solliestoucas.fr\/index.php\/wp-json\/wp\/v2\/pages"}],"about":[{"href":"https:\/\/blasco-mentor-solliestoucas.fr\/index.php\/wp-json\/wp\/v2\/types\/page"}],"author":[{"embeddable":true,"href":"https:\/\/blasco-mentor-solliestoucas.fr\/index.php\/wp-json\/wp\/v2\/users\/2"}],"replies":[{"embeddable":true,"href":"https:\/\/blasco-mentor-solliestoucas.fr\/index.php\/wp-json\/wp\/v2\/comments?post=2877"}],"version-history":[{"count":6,"href":"https:\/\/blasco-mentor-solliestoucas.fr\/index.php\/wp-json\/wp\/v2\/pages\/2877\/revisions"}],"predecessor-version":[{"id":3272,"href":"https:\/\/blasco-mentor-solliestoucas.fr\/index.php\/wp-json\/wp\/v2\/pages\/2877\/revisions\/3272"}],"wp:attachment":[{"href":"https:\/\/blasco-mentor-solliestoucas.fr\/index.php\/wp-json\/wp\/v2\/media?parent=2877"}],"wp:term":[{"taxonomy":"category","embeddable":true,"href":"https:\/\/blasco-mentor-solliestoucas.fr\/index.php\/wp-json\/wp\/v2\/categories?post=2877"},{"taxonomy":"post_tag","embeddable":true,"href":"https:\/\/blasco-mentor-solliestoucas.fr\/index.php\/wp-json\/wp\/v2\/tags?post=2877"}],"curies":[{"name":"wp","href":"https:\/\/api.w.org\/{rel}","templated":true}]}}