{"id":3311,"date":"2021-01-14T17:36:41","date_gmt":"2021-01-14T16:36:41","guid":{"rendered":"https:\/\/blasco-mentor-solliestoucas.fr\/?page_id=3311"},"modified":"2023-05-23T16:53:16","modified_gmt":"2023-05-23T14:53:16","slug":"temoignages","status":"publish","type":"page","link":"https:\/\/blasco-mentor-solliestoucas.fr\/index.php\/temoignages\/","title":{"rendered":"T\u00e9moignages"},"content":{"rendered":"\n<hr class=\"wp-block-separator has-text-color has-blue-color has-css-opacity has-blue-background-color has-background is-style-wide\"\/>\n\n\n\n<hr class=\"wp-block-separator has-alpha-channel-opacity is-style-wide\"\/>\n\n\n\n<p><strong>T\u00e9moignages sur l\u2019\u0153uvre de Blasco Mentor par Daniel SIMONIN<br><\/strong><\/p>\n<p><strong>&nbsp;&nbsp;&nbsp;&nbsp;&nbsp;&nbsp;&nbsp;&nbsp;&nbsp;&nbsp;&nbsp;&nbsp;&nbsp;&nbsp;&nbsp;&nbsp;&nbsp;&nbsp;&nbsp;&nbsp;&nbsp;&nbsp;&nbsp;&nbsp;&nbsp;&nbsp;&nbsp;&nbsp;&nbsp;&nbsp;&nbsp;&nbsp;&nbsp;&nbsp;&nbsp;&nbsp;&nbsp;&nbsp;&nbsp;&nbsp;&nbsp;&nbsp;&nbsp;&nbsp;&nbsp;&nbsp;&nbsp;&nbsp;&nbsp;&nbsp;&nbsp;&nbsp;&nbsp;&nbsp;&nbsp;&nbsp;&nbsp;&nbsp;&nbsp;&nbsp;&nbsp;&nbsp; &#8212;&#8212;&#8212;&#8212;&#8212;&#8212;&#8212;&#8212;&#8212;&#8212;-<\/strong><\/p>\n<p style=\"text-align: justify;\"><a href=\"https:\/\/blasco-mentor-solliestoucas.fr\/wp-content\/uploads\/2018\/11\/cropped-logo.png\"><img loading=\"lazy\" decoding=\"async\" class=\"size-full wp-image-2034 alignleft\" src=\"https:\/\/blasco-mentor-solliestoucas.fr\/wp-content\/uploads\/2018\/11\/cropped-logo.png\" alt=\"\" width=\"114\" height=\"114\" srcset=\"https:\/\/blasco-mentor-solliestoucas.fr\/wp-content\/uploads\/2018\/11\/cropped-logo.png 114w, https:\/\/blasco-mentor-solliestoucas.fr\/wp-content\/uploads\/2018\/11\/cropped-logo-60x60.png 60w\" sizes=\"auto, (max-width: 114px) 100vw, 114px\" \/><\/a>Ma maison et mon \u0153uvre refl\u00e8tent la m\u00eame vision&nbsp;: le go\u00fbt de la f\u00eate et de la d\u00e9rision \u2013 Citation de Mentor dans la revue \u00ab&nbsp;R\u00e9sidence&nbsp;\u00bb num\u00e9ro 5 de mars-avril 1955 p.82 ou 8 pages sont consacr\u00e9es \u00e0 la demeure d\u2019un conquistador.<\/p>\n<p style=\"text-align: justify;\">Une peinture n\u2019existe que par vous et autant de fois que votre regard se pose sur elle \u2013 Citation de&nbsp;Mentor sur la page de couverture d\u2019un livre d\u2019Art par Osvaldo Patani , opere dal 1935al 1986 \u00e9dit\u00e9 en 1986 \u00e0 Milan.<\/p>\n<p style=\"text-align: justify;\">&nbsp;&nbsp;&nbsp;&nbsp;&nbsp;&nbsp;&nbsp;&nbsp;&nbsp;&nbsp;&nbsp;&nbsp;&nbsp;&nbsp;&nbsp;&nbsp;&nbsp;&nbsp;&nbsp;&nbsp;&nbsp;&nbsp;&nbsp;&nbsp;&nbsp;&nbsp;&nbsp;&nbsp;&nbsp;&nbsp;&nbsp;&nbsp;&nbsp;&nbsp;&nbsp;&nbsp;&nbsp;&nbsp;&nbsp;&nbsp;&nbsp;&nbsp;&nbsp;&nbsp;&nbsp;&nbsp;&nbsp;&nbsp;&nbsp;&nbsp;&nbsp;&nbsp;&nbsp;&nbsp;&nbsp;&nbsp;&nbsp;&nbsp;&nbsp;&nbsp;&nbsp;&nbsp; &#8212;&#8212;&#8212;&#8212;&#8212;&#8212;&#8212;&#8212;&#8212;&#8212;-<\/p>\n<p style=\"text-align: justify;\">Blasco Mentor, n\u00e9 en 1919 \u00e9tudie la peinture \u00e0 l\u2019Ecole des Beaux-Arts de Barcelone, \u00e9l\u00e8ve exceptionnel, il peint \u00e0 seize ans le portrait de son fr\u00e8re nu et en habit d\u2019Arlequin.<\/p>\n<p style=\"text-align: justify;\">R\u00e9fugi\u00e9 en France, fuyant la guerre d\u2019Espagne, il rejoint l\u2019Ecole de Paris et d\u00e8s l\u2019apr\u00e8s &#8211; guerre il est soutenu par de grands critiques d\u2019art qui voyaient en lui un grand cr\u00e9ateur, un observateur de la com\u00e9die humaine \u00e0 l\u2019\u00e9poque o\u00f9 la peinture occidentale d\u00e9laissait la repr\u00e9sentation de l\u2019homme.<\/p>\n<p style=\"text-align: justify;\">Pour Waldemar George (1893-1970) Critique et historien d\u2019Art, r\u00e9dacteur en chef de revues litt\u00e9raires, le&nbsp;monde de Mentor s\u2019impose \u00e0 la fois par l\u2019extr\u00eame rigueur de sa cadence, par ses formes projet\u00e9es en gros plan et par son imagerie mais aussi par le go\u00fbt de la f\u00e9erie et le sentiment de la r\u00e9alit\u00e9 qui coexistent dans son \u0153uvre.&nbsp;<\/p>\n<p style=\"text-align: justify;\">Pour ce dernier \u00ab&nbsp;La F\u00eate \u00e0 Solli\u00e8s-Toucas&nbsp;\u00bb, peinte en 1960 est l\u2019\u0153uvre maitresse de Mentor.<\/p>\n<p style=\"text-align: justify;\">&nbsp;H\u00e9ritier de par ses racines espagnoles de l\u2019univers de Goya et des r\u00e9cits picaresques, Mentor a peint le spectacle du th\u00e9\u00e2tre humain et de ses souffrances comme les tableaux \u00ab&nbsp;Espagne 36-39&nbsp;\u00bb et \u00ab&nbsp;Bombardement au Viet Nam&nbsp;\u00bb&nbsp;en sont le t\u00e9moignage.<\/p>\n<p style=\"text-align: justify;\">Le critique d\u2019Art Jean Rollin (1922-2006) devient l\u2019ami de Mentor et gr\u00e2ce \u00e0 lui il peint une fresque murale monumentale de 400 m2 \u00e0 La Courneuve, con\u00e7ue sur le th\u00e8me de \u00ab&nbsp;La Conqu\u00eate du Bonheur&nbsp;\u00bb.<\/p>\n<p style=\"text-align: justify;\">Chaleureusement accueilli en Italie, il compose en 1973 une fresque monumentale au Palais Castiglione \u00e0 Milan intitul\u00e9 \u00ab&nbsp;La Grande F\u00eate \u00ab&nbsp;<\/p>\n<p style=\"text-align: justify;\">L\u2019\u0153uvre de Mentor s\u2019adresse aux amoureux de la couleur et de la f\u00eate, ainsi dans les tableaux de \u00ab&nbsp;La Grande Parade&nbsp;\u00bb &nbsp;il brosse avec d\u00e9lice une satire de la soci\u00e9t\u00e9 humaine , de ses vices et de ses excentricit\u00e9s et dans les grandes toiles consacr\u00e9es \u00e0 \u00ab&nbsp;la Tauromachie&nbsp;\u00bb&nbsp;l\u2019homme est plac\u00e9 dans un monde tragique et d\u00e9risoire , il est tant\u00f4t peintre , musicien , tor\u00e9ro, se travestit , combat des taureaux \u00e0 roulettes , chevauche&nbsp; de magnifiques destriers\u2026 de man\u00e8ge , si bien que certains ont consid\u00e9r\u00e9 que son art faisait penser \u00e0 Fellini .<\/p>\n<p style=\"text-align: justify;\">Une importante exposition \u00ab&nbsp;la Minotauromachie&nbsp;\u00bb&nbsp;\u00e0 la galerie Artcurial fut c\u00e9l\u00e9br\u00e9e comme la mise en sc\u00e8ne pleine d\u2019inventivit\u00e9 et de richesse de la com\u00e9die humaine.<\/p>\n<p style=\"text-align: justify;\">L\u2019exposition \u00ab&nbsp;Divertimento \u00ab&nbsp;est une parodie du cirque o\u00f9 les animaux sauvages, \u00e9l\u00e9phants rhinoc\u00e9ros, lions sont apprivois\u00e9s et s\u2019amusent \u00e0 la folie, et o\u00f9 les douces colombes diffusent une po\u00e9sie sublime.<\/p>\n<p style=\"text-align: justify;\">Mentor fut reconnu par la classe politique de son temps&nbsp;:&nbsp; une r\u00e9trospective de son \u0153uvre \u00e0 la Fondation Vasarely sera inaugur\u00e9e par le Ministre de la Culture et en 1991, \u00e0 l\u2019invitation de la Mairie de Paris ses \u0153uvres seront expos\u00e9es au Mus\u00e9e Bourdelle.<\/p>\n<p style=\"text-align: justify;\">Peintre de la galerie Guign\u00e9, Mentor multiplie les expositions dans les ann\u00e9es 1990, avec une palette qui n\u2019a cess\u00e9 d\u2019\u00e9voluer vers des teintes claires et une libert\u00e9 d\u2019expression due peut-\u00eatre \u00e0 la d\u00e9couverte et \u00e0 la pratique de la sculpture.<\/p>\n<p style=\"text-align: justify;\">&nbsp;\u00ab&nbsp;Le Carnaval \u00e0 l\u2019oiseau&nbsp;\u00bb&nbsp;est un hommage \u00e0 Venise, mais aussi \u00e0 la Femme qui durant toute sa vie a \u00e9t\u00e9 un mod\u00e8le pour les toiles de Mentor. Le plus souvent les femmes sont peintes bien en chair, parfois mamelues et callipyges. Dans le Carnaval de Venise les oiseaux portent des masques v\u00e9nitiens et les femmes nues se d\u00e9tachent plus que jamais en volume.<\/p>\n<p style=\"text-align: justify;\">Mais l\u2019\u00e9ternel f\u00e9minin selon Mentor, c\u2019est un visage parfois hautain et fier, une expression moqueuse, ou d\u00e9daigneuse, insensible \u00e0 l\u2019amour de l\u2019homme&nbsp;qui lui fait la cour, tout \u00e0 l\u2019oppos\u00e9 de la sensualit\u00e9 d\u00e9gag\u00e9e par un corps toujours voluptueux.<\/p>\n<p style=\"text-align: justify;\">\u00ab&nbsp;Les Concertistes&nbsp;\u00bb&nbsp;c\u2019est du r\u00eave en peinture poudr\u00e9e, une f\u00eate de l\u2019esprit et de la couleur diront les critiques.<\/p>\n<p style=\"text-align: justify;\">Dans \u00ab&nbsp;La Fenice&nbsp;\u00bb, sa derni\u00e8re exposition, Mentor donne une vision sensuelle de la ville la plus c\u00e9l\u00e8bre du monde, toujours avec ce foisonnement de couleurs, cette f\u00e9erie exub\u00e9rante et cette po\u00e9sie qui a fait de Mentor, selon Herv\u00e9 Bazin&nbsp;:<\/p>\n<p style=\"text-align: justify;\">Le grand peintre du baroque, et un des derniers princes catalans de la peinture, que Picasso consid\u00e9rait comme un de ses l\u00e9gataires de l\u2019art moderne.<\/p>\n<p style=\"text-align: justify;\">Source&nbsp;: Daniel SIMONIN (les amis de l\u2019\u0153uvre Blasco Mentor)<\/p>\n","protected":false},"excerpt":{"rendered":"<p>T\u00e9moignages sur l\u2019\u0153uvre de Blasco Mentor par Daniel SIMONIN &nbsp;&nbsp;&nbsp;&nbsp;&nbsp;&nbsp;&nbsp;&nbsp;&nbsp;&nbsp;&nbsp;&nbsp;&nbsp;&nbsp;&nbsp;&nbsp;&nbsp;&nbsp;&nbsp;&nbsp;&nbsp;&nbsp;&nbsp;&nbsp;&nbsp;&nbsp;&nbsp;&nbsp;&nbsp;&nbsp;&nbsp;&nbsp;&nbsp;&nbsp;&nbsp;&nbsp;&nbsp;&nbsp;&nbsp;&nbsp;&nbsp;&nbsp;&nbsp;&nbsp;&nbsp;&nbsp;&nbsp;&nbsp;&nbsp;&nbsp;&nbsp;&nbsp;&nbsp;&nbsp;&nbsp;&nbsp;&nbsp;&nbsp;&nbsp;&nbsp;&nbsp;&nbsp; &#8212;&#8212;&#8212;&#8212;&#8212;&#8212;&#8212;&#8212;&#8212;&#8212;- Ma maison et mon \u0153uvre refl\u00e8tent la m\u00eame vision&nbsp;: le go\u00fbt de la f\u00eate et de la d\u00e9rision \u2013 Citation de Mentor dans la revue \u00ab&nbsp;R\u00e9sidence&nbsp;\u00bb num\u00e9ro 5 de &hellip; <a href=\"https:\/\/blasco-mentor-solliestoucas.fr\/index.php\/temoignages\/\">Continuer la lecture <span class=\"meta-nav\">&rarr;<\/span><\/a><\/p>\n","protected":false},"author":2,"featured_media":0,"parent":0,"menu_order":0,"comment_status":"closed","ping_status":"closed","template":"","meta":{"ngg_post_thumbnail":0,"footnotes":""},"categories":[445,444],"tags":[],"class_list":["post-3311","page","type-page","status-publish","hentry","category-actualites-2021","category-temoignages"],"lang":"fr","translations":{"fr":3311},"pll_sync_post":[],"_links":{"self":[{"href":"https:\/\/blasco-mentor-solliestoucas.fr\/index.php\/wp-json\/wp\/v2\/pages\/3311","targetHints":{"allow":["GET"]}}],"collection":[{"href":"https:\/\/blasco-mentor-solliestoucas.fr\/index.php\/wp-json\/wp\/v2\/pages"}],"about":[{"href":"https:\/\/blasco-mentor-solliestoucas.fr\/index.php\/wp-json\/wp\/v2\/types\/page"}],"author":[{"embeddable":true,"href":"https:\/\/blasco-mentor-solliestoucas.fr\/index.php\/wp-json\/wp\/v2\/users\/2"}],"replies":[{"embeddable":true,"href":"https:\/\/blasco-mentor-solliestoucas.fr\/index.php\/wp-json\/wp\/v2\/comments?post=3311"}],"version-history":[{"count":14,"href":"https:\/\/blasco-mentor-solliestoucas.fr\/index.php\/wp-json\/wp\/v2\/pages\/3311\/revisions"}],"predecessor-version":[{"id":4684,"href":"https:\/\/blasco-mentor-solliestoucas.fr\/index.php\/wp-json\/wp\/v2\/pages\/3311\/revisions\/4684"}],"wp:attachment":[{"href":"https:\/\/blasco-mentor-solliestoucas.fr\/index.php\/wp-json\/wp\/v2\/media?parent=3311"}],"wp:term":[{"taxonomy":"category","embeddable":true,"href":"https:\/\/blasco-mentor-solliestoucas.fr\/index.php\/wp-json\/wp\/v2\/categories?post=3311"},{"taxonomy":"post_tag","embeddable":true,"href":"https:\/\/blasco-mentor-solliestoucas.fr\/index.php\/wp-json\/wp\/v2\/tags?post=3311"}],"curies":[{"name":"wp","href":"https:\/\/api.w.org\/{rel}","templated":true}]}}