{"id":3402,"date":"2021-02-18T17:44:16","date_gmt":"2021-02-18T16:44:16","guid":{"rendered":"https:\/\/blasco-mentor-solliestoucas.fr\/?page_id=3402"},"modified":"2023-11-27T19:13:46","modified_gmt":"2023-11-27T18:13:46","slug":"memoires-temoignages","status":"publish","type":"page","link":"https:\/\/blasco-mentor-solliestoucas.fr\/index.php\/memoires-temoignages\/","title":{"rendered":"M\u00e9moires &#038; T\u00e9moignages"},"content":{"rendered":"\n<p><img loading=\"lazy\" decoding=\"async\" class=\"alignnone wp-image-4845 \" src=\"https:\/\/blasco-mentor-solliestoucas.fr\/wp-content\/uploads\/2023\/11\/memoires-036-218x300.jpg\" alt=\"\" width=\"292\" height=\"402\" srcset=\"https:\/\/blasco-mentor-solliestoucas.fr\/wp-content\/uploads\/2023\/11\/memoires-036-218x300.jpg 218w, https:\/\/blasco-mentor-solliestoucas.fr\/wp-content\/uploads\/2023\/11\/memoires-036-744x1024.jpg 744w, https:\/\/blasco-mentor-solliestoucas.fr\/wp-content\/uploads\/2023\/11\/memoires-036-768x1057.jpg 768w, https:\/\/blasco-mentor-solliestoucas.fr\/wp-content\/uploads\/2023\/11\/memoires-036-1116x1536.jpg 1116w, https:\/\/blasco-mentor-solliestoucas.fr\/wp-content\/uploads\/2023\/11\/memoires-036.jpg 1275w\" sizes=\"auto, (max-width: 292px) 100vw, 292px\" \/><\/p>\n<p>&nbsp;<\/p>\n<p>&nbsp;<\/p>\n<ul>\n<li>\n<h1><strong>M\u00e9moires&nbsp;&nbsp;&nbsp; <\/strong><\/h1>\n<p>Monographie consacr\u00e9e au peintre Mentor, \u00e9dit\u00e9e par les \u00e9ditions Le L\u00e9opard d\u2019or \u00e0 Paris en 1993. <br><br><\/p>\n<p>Patrice de La Perri\u00e8re, critique d\u2019art, \u00e9diteur, directeur du magazine <em>Univers des arts<\/em> et commissaire d\u2019exposition, fait la connaissance de Blasco Mentor en 1982. Collaborant en plusieurs occasions, les deux hommes se lient d\u2019une amiti\u00e9 qui perdurera jusqu\u2019\u00e0 la mort de Mentor en 2003. &nbsp;<\/p>\n<p>En 1993, la pr\u00e9paration d\u2019une importante exposition personnelle de l\u2019artiste \u00e0 la galerie Guign\u00e9 alors sise au 89, rue du Faubourg-Saint-Honor\u00e9, impose l\u2019id\u00e9e de mettre sur pied un ouvrage-r\u00e9f\u00e9rence sur la vie et l\u2019\u0153uvre de Blasco Mentor. L\u2019ouvrage, r\u00e9alis\u00e9 en \u00e9troite collaboration entre l\u2019artiste et son \u00e9diteur et ami, donne naissance \u00e0 cette monographie particuli\u00e8rement recherch\u00e9e des collectionneurs.<\/p>\n<p>&nbsp;<\/p>\n<p>L\u2019ouvrage comprend 124 photos couleurs et 81 photos noir et blanc extraites des archives de l&rsquo;artiste. Textes de l&rsquo;artiste et de Patrice de La Perri\u00e8re. Format 24 x 32 cm. 200 pages. Reli\u00e9 sous jaquette couleur.<\/p>\n<p>Disponible \u00e0 la commande aupr\u00e8s de l\u2019\u00e9diteur&nbsp;sur ce lien&nbsp;:<\/p>\n<p><a href=\"https:\/\/www.leopardor.fr\/index.php\/monographie-consacree-au-peintre-mentor.html\" target=\"_blank\" rel=\"noopener\">https:\/\/www.leopardor.fr\/index.php\/monographie-consacree-au-peintre-mentor.html<\/a><\/p>\n<p>Editions Le L\u00e9opard d\u2019or<\/p>\n<p>8, rue du Cou\u00ebdic 75014 Paris<\/p>\n<p><a href=\"https:\/\/www.leopardor.fr\/\" target=\"_blank\" rel=\"noopener\">https:\/\/www.leopardor.fr\/<\/a><\/p>\n<\/li>\n<li>\n<h1><a href=\"https:\/\/blasco-mentor-solliestoucas.fr\/index.php\/temoignages\/\"><strong>T\u00e9moignages<\/strong><\/a><\/h1>\n<\/li>\n<\/ul>\n\n\n\n<p>Nous recueillons des t\u00e9moignages locaux et spontan\u00e9s, afin d&rsquo;enrichir notre connaissance des relations que les toucassins et autres&nbsp;entretenaient avec Mentor et Neige ainsi que le regard qu&rsquo;ils portaient sur cet artiste, sa vie, sa propri\u00e9t\u00e9, son \u0153uvre. Nous souhaitons ainsi \u00e9toffer les informations que nous poss\u00e9dons sur sa vie quotidienne parmi nous. Dans ce contexte, les propos tenus par les t\u00e9moignants n\u2019engagent que leur seule responsabilit\u00e9 et ne repr\u00e9sente pas une opinion de l\u2019association. Ce travail fait enti\u00e8rement partie de l&rsquo;objet de notre association.<\/p>\n","protected":false},"excerpt":{"rendered":"<p>&nbsp; &nbsp; M\u00e9moires&nbsp;&nbsp;&nbsp; Monographie consacr\u00e9e au peintre Mentor, \u00e9dit\u00e9e par les \u00e9ditions Le L\u00e9opard d\u2019or \u00e0 Paris en 1993. Patrice de La Perri\u00e8re, critique d\u2019art, \u00e9diteur, directeur du magazine Univers des arts et commissaire d\u2019exposition, fait la connaissance de Blasco &hellip; <a href=\"https:\/\/blasco-mentor-solliestoucas.fr\/index.php\/memoires-temoignages\/\">Continuer la lecture <span class=\"meta-nav\">&rarr;<\/span><\/a><\/p>\n","protected":false},"author":2,"featured_media":0,"parent":0,"menu_order":0,"comment_status":"closed","ping_status":"closed","template":"","meta":{"ngg_post_thumbnail":0,"footnotes":""},"categories":[],"tags":[],"class_list":["post-3402","page","type-page","status-publish","hentry"],"lang":"fr","translations":{"fr":3402},"pll_sync_post":[],"_links":{"self":[{"href":"https:\/\/blasco-mentor-solliestoucas.fr\/index.php\/wp-json\/wp\/v2\/pages\/3402","targetHints":{"allow":["GET"]}}],"collection":[{"href":"https:\/\/blasco-mentor-solliestoucas.fr\/index.php\/wp-json\/wp\/v2\/pages"}],"about":[{"href":"https:\/\/blasco-mentor-solliestoucas.fr\/index.php\/wp-json\/wp\/v2\/types\/page"}],"author":[{"embeddable":true,"href":"https:\/\/blasco-mentor-solliestoucas.fr\/index.php\/wp-json\/wp\/v2\/users\/2"}],"replies":[{"embeddable":true,"href":"https:\/\/blasco-mentor-solliestoucas.fr\/index.php\/wp-json\/wp\/v2\/comments?post=3402"}],"version-history":[{"count":7,"href":"https:\/\/blasco-mentor-solliestoucas.fr\/index.php\/wp-json\/wp\/v2\/pages\/3402\/revisions"}],"predecessor-version":[{"id":4848,"href":"https:\/\/blasco-mentor-solliestoucas.fr\/index.php\/wp-json\/wp\/v2\/pages\/3402\/revisions\/4848"}],"wp:attachment":[{"href":"https:\/\/blasco-mentor-solliestoucas.fr\/index.php\/wp-json\/wp\/v2\/media?parent=3402"}],"wp:term":[{"taxonomy":"category","embeddable":true,"href":"https:\/\/blasco-mentor-solliestoucas.fr\/index.php\/wp-json\/wp\/v2\/categories?post=3402"},{"taxonomy":"post_tag","embeddable":true,"href":"https:\/\/blasco-mentor-solliestoucas.fr\/index.php\/wp-json\/wp\/v2\/tags?post=3402"}],"curies":[{"name":"wp","href":"https:\/\/api.w.org\/{rel}","templated":true}]}}