{"id":3499,"date":"2021-09-15T17:10:28","date_gmt":"2021-09-15T15:10:28","guid":{"rendered":"https:\/\/blasco-mentor-solliestoucas.fr\/index.php\/accueil-espanol\/"},"modified":"2023-11-19T19:35:20","modified_gmt":"2023-11-19T18:35:20","slug":"accueil-espanol","status":"publish","type":"page","link":"https:\/\/blasco-mentor-solliestoucas.fr\/index.php\/es\/accueil-espanol\/","title":{"rendered":"Bienvenida"},"content":{"rendered":"\n\n\n<h2 style=\"text-align: justify;\"><strong><span class=\"Y2IQFc\" lang=\"es\">Amigos de la obra de Blasco Mentor han creado esta web para que el mayor n\u00famero posible de personas conozcan la vida y obra del pintor y escultor Blasco Mentor que vivi\u00f3 durante m\u00e1s de 60 a\u00f1os en nuestra localidad (1919\/2003)<\/span><\/strong><\/h2>\n\n\n\n<p id=\"tw-target-text\" class=\"tw-data-text tw-text-large XcVN5d tw-ta\" dir=\"ltr\" style=\"text-align: center;\" data-placeholder=\"Traduction\"><strong><span class=\"Y2IQFc\" lang=\"es\">Solli\u00e8s Toucas y cultura <\/span><\/strong><\/p>\n<div id=\"attachment_2591\" style=\"width: 179px\" class=\"wp-caption alignleft\"><a href=\"https:\/\/blasco-mentor-solliestoucas.fr\/wp-content\/uploads\/2019\/03\/Mentor-dans-son-atelier-parisien.jpg\" target=\"_blank\" rel=\"noopener\"><img loading=\"lazy\" decoding=\"async\" aria-describedby=\"caption-attachment-2591\" class=\"wp-image-2591 size-medium\" src=\"https:\/\/blasco-mentor-solliestoucas.fr\/wp-content\/uploads\/2019\/03\/Mentor-dans-son-atelier-parisien-169x300.jpg\" alt=\"\" width=\"169\" height=\"300\" srcset=\"https:\/\/blasco-mentor-solliestoucas.fr\/wp-content\/uploads\/2019\/03\/Mentor-dans-son-atelier-parisien-169x300.jpg 169w, https:\/\/blasco-mentor-solliestoucas.fr\/wp-content\/uploads\/2019\/03\/Mentor-dans-son-atelier-parisien-768x1365.jpg 768w, https:\/\/blasco-mentor-solliestoucas.fr\/wp-content\/uploads\/2019\/03\/Mentor-dans-son-atelier-parisien-576x1024.jpg 576w, https:\/\/blasco-mentor-solliestoucas.fr\/wp-content\/uploads\/2019\/03\/Mentor-dans-son-atelier-parisien-34x60.jpg 34w, https:\/\/blasco-mentor-solliestoucas.fr\/wp-content\/uploads\/2019\/03\/Mentor-dans-son-atelier-parisien-1320x2347.jpg 1320w, https:\/\/blasco-mentor-solliestoucas.fr\/wp-content\/uploads\/2019\/03\/Mentor-dans-son-atelier-parisien.jpg 1836w\" sizes=\"auto, (max-width: 169px) 100vw, 169px\" \/><\/a><p id=\"caption-attachment-2591\" class=\"wp-caption-text\">Formas en el lienzo. Aparece una l\u00ednea, un c\u00edrculo rodeado de formas imaginarias o monumentales. Una vez terminada la obra puede ser seria, caprichosa, dulce o grandiosa, sensual o tr\u00e1gica pero siempre indicando la importancia del campo de las ideas.<\/p><\/div>\n<p class=\"tw-data-text tw-text-large XcVN5d tw-ta\" dir=\"ltr\" style=\"text-align: justify;\" data-placeholder=\"Traduction\"><span class=\"Y2IQFc\" lang=\"es\">La gran fuerza de la cultura es que es un vector tanto econ\u00f3mico como social. El sector cultural crea puestos de trabajo, desarrolla habilidades; tambi\u00e9n es un v\u00ednculo de cohesi\u00f3n social, que lleva valores y crea identidades fuertes.<\/span><\/p>\n<p class=\"tw-data-text tw-text-large XcVN5d tw-ta\" dir=\"ltr\" style=\"text-align: justify;\" data-placeholder=\"Traduction\"><span class=\"Y2IQFc\" lang=\"es\">Hoy la cultura se ha convertido en un tema clave para el crecimiento econ\u00f3mico, ya sea local, regional o nacional. El sector cultural ya no se reduce a una actividad de ocio, sino que representa un activo importante en nuestras sociedades actuales. Federador de proyectos socioculturales, creaci\u00f3n de empleo en los campos de la creaci\u00f3n, la cultura y la comunicaci\u00f3n, la cultura es fundamental para el funcionamiento de nuestras econom\u00edas y nos da confianza en el futuro. <\/span><\/p>\n<p class=\"tw-data-text tw-text-large XcVN5d tw-ta\" dir=\"ltr\" style=\"text-align: justify;\" data-placeholder=\"Traduction\"><span class=\"Y2IQFc\" lang=\"es\">Es con esto en mente que el trabajo de Amigos de Blasco Mentor se est\u00e1 movilizando para dar a conocer el potencial de desarrollo cultural de la obra de Mentor y su propiedad, Casa Nieves. Su casa y gran parte de su obra (m\u00e1s de 450 pinturas, esculturas, dibujos, grabados, etc.) son propiedad de nuestro municipio y pueden ser un motor de desarrollo sostenible y contribuir as\u00ed a su desarrollo econ\u00f3mico. <\/span><\/p>\n<p class=\"tw-data-text tw-text-large XcVN5d tw-ta\" dir=\"ltr\" style=\"text-align: justify;\" data-placeholder=\"Traduction\"><span class=\"Y2IQFc\" lang=\"es\">Los proyectos de renovaci\u00f3n del Moulin Arnaud, la propiedad Mentor y el del futuro museo que se le dedicar\u00e1, forman parte de esta estrategia.<\/span><\/p>\n<p class=\"tw-data-text tw-text-large XcVN5d tw-ta\" dir=\"ltr\" style=\"text-align: justify;\" data-placeholder=\"Traduction\"><span class=\"Y2IQFc\" lang=\"es\">A trav\u00e9s de este sitio, los amigos del trabajo de Blasco Mentor quieren dar a conocer su trabajo al mayor n\u00famero de personas posible y aumentar su notoriedad. Mantenerlo informado de los eventos relacionados con su obra, de los avances del futuro proyecto del Museo Mentor, as\u00ed como de la renovaci\u00f3n de su propiedad, Casa Nieves, tambi\u00e9n es parte de nuestras intenciones.<\/span><\/p>\n\n\n\nngg_shortcode_0_placeholder\n","protected":false},"excerpt":{"rendered":"<p>Amigos de la obra de Blasco Mentor han creado esta web para que el mayor n\u00famero posible de personas conozcan la vida y obra del pintor y escultor Blasco Mentor que vivi\u00f3 durante m\u00e1s de 60 a\u00f1os en nuestra localidad &hellip; <a href=\"https:\/\/blasco-mentor-solliestoucas.fr\/index.php\/es\/accueil-espanol\/\">Continuer la lecture <span class=\"meta-nav\">&rarr;<\/span><\/a><\/p>\n","protected":false},"author":1,"featured_media":0,"parent":0,"menu_order":0,"comment_status":"closed","ping_status":"closed","template":"","meta":{"ngg_post_thumbnail":0,"footnotes":""},"categories":[],"tags":[],"class_list":["post-3499","page","type-page","status-publish","hentry"],"lang":"es","translations":{"es":3499,"fr":2675,"en":3500},"pll_sync_post":[],"_links":{"self":[{"href":"https:\/\/blasco-mentor-solliestoucas.fr\/index.php\/wp-json\/wp\/v2\/pages\/3499","targetHints":{"allow":["GET"]}}],"collection":[{"href":"https:\/\/blasco-mentor-solliestoucas.fr\/index.php\/wp-json\/wp\/v2\/pages"}],"about":[{"href":"https:\/\/blasco-mentor-solliestoucas.fr\/index.php\/wp-json\/wp\/v2\/types\/page"}],"author":[{"embeddable":true,"href":"https:\/\/blasco-mentor-solliestoucas.fr\/index.php\/wp-json\/wp\/v2\/users\/1"}],"replies":[{"embeddable":true,"href":"https:\/\/blasco-mentor-solliestoucas.fr\/index.php\/wp-json\/wp\/v2\/comments?post=3499"}],"version-history":[{"count":8,"href":"https:\/\/blasco-mentor-solliestoucas.fr\/index.php\/wp-json\/wp\/v2\/pages\/3499\/revisions"}],"predecessor-version":[{"id":4806,"href":"https:\/\/blasco-mentor-solliestoucas.fr\/index.php\/wp-json\/wp\/v2\/pages\/3499\/revisions\/4806"}],"wp:attachment":[{"href":"https:\/\/blasco-mentor-solliestoucas.fr\/index.php\/wp-json\/wp\/v2\/media?parent=3499"}],"wp:term":[{"taxonomy":"category","embeddable":true,"href":"https:\/\/blasco-mentor-solliestoucas.fr\/index.php\/wp-json\/wp\/v2\/categories?post=3499"},{"taxonomy":"post_tag","embeddable":true,"href":"https:\/\/blasco-mentor-solliestoucas.fr\/index.php\/wp-json\/wp\/v2\/tags?post=3499"}],"curies":[{"name":"wp","href":"https:\/\/api.w.org\/{rel}","templated":true}]}}