{"id":3619,"date":"2018-12-10T05:23:37","date_gmt":"2018-12-10T04:23:37","guid":{"rendered":"https:\/\/blasco-mentor-solliestoucas.fr\/?page_id=3619"},"modified":"2021-09-21T15:09:43","modified_gmt":"2021-09-21T13:09:43","slug":"por-que-un-museo-mentor-en-sollies-toucas","status":"publish","type":"page","link":"https:\/\/blasco-mentor-solliestoucas.fr\/index.php\/es\/lassociation\/por-que-un-museo-mentor-en-sollies-toucas\/","title":{"rendered":"Por qu\u00e9 un Museo Mentor en  Sollies-Toucas"},"content":{"rendered":"<p><img loading=\"lazy\" decoding=\"async\" class=\"alignnone size-full wp-image-21\" src=\"http:\/\/blasco-mentor-solliestoucas.fr\/wp-content\/uploads\/2018\/11\/logo.png\" alt=\"\" width=\"114\" height=\"114\" srcset=\"https:\/\/blasco-mentor-solliestoucas.fr\/wp-content\/uploads\/2018\/11\/logo.png 114w, https:\/\/blasco-mentor-solliestoucas.fr\/wp-content\/uploads\/2018\/11\/logo-60x60.png 60w\" sizes=\"auto, (max-width: 114px) 100vw, 114px\" \/><\/p>\n<p id=\"tw-target-text\" class=\"tw-data-text tw-text-large XcVN5d tw-ta\" dir=\"ltr\" style=\"text-align: justify;\" data-placeholder=\"Traduction\"><span class=\"Y2IQFc\" lang=\"es\">En la obra de Mentor, el gusto por el pa\u00eds de las hadas y el sentido de la realidad coexisten. Ricas composiciones, desnudos con formas llenas, ramos de flores pegadas entre s\u00ed, un arte diverso, un material \u00e1spero, grueso, a veces liso y ligero: no hay espacio para el vac\u00edo. Una sensualidad, un arte sin concesiones ni artificios. El dibujo firme, la pintura en colores c\u00e1lidos y el suntuoso empaste, contribuyen tanto a la fantas\u00eda como a la gravedad de los sujetos gracias a una t\u00e9cnica cuidadosamente elaborada. <\/span><\/p>\n<p class=\"tw-data-text tw-text-large XcVN5d tw-ta\" dir=\"ltr\" style=\"text-align: justify;\" data-placeholder=\"Traduction\"><span class=\"Y2IQFc\" lang=\"es\">Esta es la obra, poco conocida hoy por los Toucassines y Toucassins, de un artista que pas\u00f3 la mayor parte de su vida en nuestro pueblo. <\/span><\/p>\n<p class=\"tw-data-text tw-text-large XcVN5d tw-ta\" dir=\"ltr\" style=\"text-align: justify;\" data-placeholder=\"Traduction\"><span class=\"Y2IQFc\" lang=\"es\">La muerte de Mentor, por supuesto, deja un gran vac\u00edo cultural, pero tambi\u00e9n un legado moral. Todos somos portadores y custodios de su obra.<\/span><\/p>\n<p class=\"tw-data-text tw-text-large XcVN5d tw-ta\" dir=\"ltr\" style=\"text-align: justify;\" data-placeholder=\"Traduction\"><span class=\"Y2IQFc\" lang=\"es\">Tal patrimonio no solo pertenece a nuestro municipio, participa en el patrimonio colectivo, es decir en la memoria de cada uno. Es importante conservarlo para que todos puedan descubrirlo. <\/span><\/p>\n<p class=\"tw-data-text tw-text-large XcVN5d tw-ta\" dir=\"ltr\" style=\"text-align: justify;\" data-placeholder=\"Traduction\"><span class=\"Y2IQFc\" lang=\"es\">La obra de Mentor tiene, por tanto, su lugar en un museo, un lugar de conservaci\u00f3n de nuestro patrimonio, que contribuir\u00e1 a la puesta en valor de sus obras, al desarrollo de acciones educativas y de divulgaci\u00f3n encaminadas a garantizar la igualdad de derechos para todos, el acceso a la cultura. Podr\u00e1 ofrecer diversas exposiciones y eventos relacionados con Mentor y promover\u00e1 Solli\u00e8s-Toucas en toda la regi\u00f3n y m\u00e1s all\u00e1. <\/span><\/p>\n<p class=\"tw-data-text tw-text-large XcVN5d tw-ta\" dir=\"ltr\" style=\"text-align: justify;\" data-placeholder=\"Traduction\"><span class=\"Y2IQFc\" lang=\"es\">Un museo es una instituci\u00f3n permanente, sin fines de lucro, al servicio de la sociedad y su desarrollo, abierta al p\u00fablico, que adquiere, conserva, estudia, exhibe y transmite el patrimonio material e inmaterial de la humanidad y su entorno con fines de estudio, educaci\u00f3n. y disfrute.<\/span><\/p>\n<p class=\"tw-data-text tw-text-large XcVN5d tw-ta\" dir=\"ltr\" style=\"text-align: justify;\" data-placeholder=\"Traduction\"><span class=\"Y2IQFc\" lang=\"es\">La asociaci\u00f3n \u00ab\u00a0<strong>Les Amis de l&rsquo;Oeuvre de Blasco MENTOR<\/strong>\u00a0\u00bb se ha marcado, entre otros objetivos, apoyar y acompa\u00f1ar la creaci\u00f3n de un museo dedicado a Blasco MENTOR en Solli\u00e8s-Toucas, con el fin de perpetuar y participar en la difusi\u00f3n, para el conocimiento de su trabajo.<\/span><\/p>\n","protected":false},"excerpt":{"rendered":"<p>En la obra de Mentor, el gusto por el pa\u00eds de las hadas y el sentido de la realidad coexisten. Ricas composiciones, desnudos con formas llenas, ramos de flores pegadas entre s\u00ed, un arte diverso, un material \u00e1spero, grueso, a &hellip; <a href=\"https:\/\/blasco-mentor-solliestoucas.fr\/index.php\/es\/lassociation\/por-que-un-museo-mentor-en-sollies-toucas\/\">Continuer la lecture <span class=\"meta-nav\">&rarr;<\/span><\/a><\/p>\n","protected":false},"author":2,"featured_media":0,"parent":1978,"menu_order":0,"comment_status":"closed","ping_status":"closed","template":"onecolumn-page.php","meta":{"ngg_post_thumbnail":0,"footnotes":""},"categories":[],"tags":[],"class_list":["post-3619","page","type-page","status-publish","hentry"],"lang":"es","translations":{"es":3619},"pll_sync_post":[],"_links":{"self":[{"href":"https:\/\/blasco-mentor-solliestoucas.fr\/index.php\/wp-json\/wp\/v2\/pages\/3619","targetHints":{"allow":["GET"]}}],"collection":[{"href":"https:\/\/blasco-mentor-solliestoucas.fr\/index.php\/wp-json\/wp\/v2\/pages"}],"about":[{"href":"https:\/\/blasco-mentor-solliestoucas.fr\/index.php\/wp-json\/wp\/v2\/types\/page"}],"author":[{"embeddable":true,"href":"https:\/\/blasco-mentor-solliestoucas.fr\/index.php\/wp-json\/wp\/v2\/users\/2"}],"replies":[{"embeddable":true,"href":"https:\/\/blasco-mentor-solliestoucas.fr\/index.php\/wp-json\/wp\/v2\/comments?post=3619"}],"version-history":[{"count":1,"href":"https:\/\/blasco-mentor-solliestoucas.fr\/index.php\/wp-json\/wp\/v2\/pages\/3619\/revisions"}],"predecessor-version":[{"id":3621,"href":"https:\/\/blasco-mentor-solliestoucas.fr\/index.php\/wp-json\/wp\/v2\/pages\/3619\/revisions\/3621"}],"up":[{"embeddable":true,"href":"https:\/\/blasco-mentor-solliestoucas.fr\/index.php\/wp-json\/wp\/v2\/pages\/1978"}],"wp:attachment":[{"href":"https:\/\/blasco-mentor-solliestoucas.fr\/index.php\/wp-json\/wp\/v2\/media?parent=3619"}],"wp:term":[{"taxonomy":"category","embeddable":true,"href":"https:\/\/blasco-mentor-solliestoucas.fr\/index.php\/wp-json\/wp\/v2\/categories?post=3619"},{"taxonomy":"post_tag","embeddable":true,"href":"https:\/\/blasco-mentor-solliestoucas.fr\/index.php\/wp-json\/wp\/v2\/tags?post=3619"}],"curies":[{"name":"wp","href":"https:\/\/api.w.org\/{rel}","templated":true}]}}