{"id":3652,"date":"2018-12-10T05:25:07","date_gmt":"2018-12-10T04:25:07","guid":{"rendered":"https:\/\/blasco-mentor-solliestoucas.fr\/?page_id=3652"},"modified":"2021-09-21T16:48:55","modified_gmt":"2021-09-21T14:48:55","slug":"estatutos-de-la-asociacion","status":"publish","type":"page","link":"https:\/\/blasco-mentor-solliestoucas.fr\/index.php\/es\/lassociation\/estatutos-de-la-asociacion\/","title":{"rendered":"Estatutos de la asociacion"},"content":{"rendered":"\n<p id=\"tw-target-text\" class=\"tw-data-text tw-text-large XcVN5d tw-ta\" dir=\"ltr\" data-placeholder=\"Traduction\"><strong><span class=\"Y2IQFc\" lang=\"es\">ESTATUTOS de la Asociaci\u00f3n aprobados por la AGO de 27 de abril de 2019 <\/span><\/strong><\/p>\n<p class=\"tw-data-text tw-text-large XcVN5d tw-ta\" dir=\"ltr\" data-placeholder=\"Traduction\"><strong><span class=\"Y2IQFc\" lang=\"es\">Amigos de Blasco Mentor&rsquo;s Work <\/span><\/strong><\/p>\n<p class=\"tw-data-text tw-text-large XcVN5d tw-ta\" dir=\"ltr\" data-placeholder=\"Traduction\"><strong><span class=\"Y2IQFc\" lang=\"es\">ART\u00cdCULO 1 &#8211; NOMBRE <\/span><\/strong><\/p>\n<p class=\"tw-data-text tw-text-large XcVN5d tw-ta\" dir=\"ltr\" data-placeholder=\"Traduction\"><span class=\"Y2IQFc\" lang=\"es\">Asociaci\u00f3n regida por la ley del 1 de julio de 1901 y el decreto del 16 de agosto de 1901, bajo el t\u00edtulo: <\/span><\/p>\n<p class=\"tw-data-text tw-text-large XcVN5d tw-ta\" dir=\"ltr\" data-placeholder=\"Traduction\"><strong><span class=\"Y2IQFc\" lang=\"es\">Amigos de la Obra de Blasco Mentor <\/span><\/strong><\/p>\n<p class=\"tw-data-text tw-text-large XcVN5d tw-ta\" dir=\"ltr\" style=\"text-align: justify;\" data-placeholder=\"Traduction\"><strong><span class=\"Y2IQFc\" lang=\"es\">ART\u00cdCULO 2 &#8211; FINALIDAD &#8211; FINALIDAD <\/span><\/strong><\/p>\n<p class=\"tw-data-text tw-text-large XcVN5d tw-ta\" dir=\"ltr\" style=\"text-align: justify;\" data-placeholder=\"Traduction\"><span class=\"Y2IQFc\" lang=\"es\">El prop\u00f3sito de esta asociaci\u00f3n es: <\/span><\/p>\n<p class=\"tw-data-text tw-text-large XcVN5d tw-ta\" dir=\"ltr\" style=\"text-align: justify;\" data-placeholder=\"Traduction\"><span class=\"Y2IQFc\" lang=\"es\">apoyar y acompa\u00f1ar la creaci\u00f3n de un museo dedicado a Blasco Mentor (su vida, su obra, su influencia) en Solli\u00e8s Toucas con el fin de perpetuar y participar de la influencia de la obra de este artista, <\/span><\/p>\n<p class=\"tw-data-text tw-text-large XcVN5d tw-ta\" dir=\"ltr\" style=\"text-align: justify;\" data-placeholder=\"Traduction\"><span class=\"Y2IQFc\" lang=\"es\">promover encuentros entre actores del mundo de la cultura en torno al trabajo de Mentor <\/span><\/p>\n<p class=\"tw-data-text tw-text-large XcVN5d tw-ta\" dir=\"ltr\" style=\"text-align: justify;\" data-placeholder=\"Traduction\"><span class=\"Y2IQFc\" lang=\"es\">para permitir una mejor comprensi\u00f3n de su trabajo, <\/span><\/p>\n<p class=\"tw-data-text tw-text-large XcVN5d tw-ta\" dir=\"ltr\" style=\"text-align: justify;\" data-placeholder=\"Traduction\"><span class=\"Y2IQFc\" lang=\"es\">Fomentar el debate sobre su trabajo, el enfrentamiento de puntos de vista, para convertirse en una plataforma de propuestas innovadoras y concretas con visi\u00f3n de futuro a nivel regional, nacional e internacional, <\/span><\/p>\n<p class=\"tw-data-text tw-text-large XcVN5d tw-ta\" dir=\"ltr\" style=\"text-align: justify;\" data-placeholder=\"Traduction\"><span class=\"Y2IQFc\" lang=\"es\">La asociaci\u00f3n <strong>Amigos del trabajo de Blasco Mentor<\/strong> tiene como objetivo complementar las acciones de fondo de la dotaci\u00f3n Univers Mentor (publicada el 24\/09\/2011 en el Diario Oficial), que por s\u00ed sola cuenta con el marco legal que permite la promoci\u00f3n de la obra. realizaci\u00f3n del museo, expresando los deseos de los habitantes de Solli\u00e8s Toucas interesados \u200b\u200ben c\u00f3mo poner de relieve el legado del artista. <\/span><\/p>\n<p class=\"tw-data-text tw-text-large XcVN5d tw-ta\" dir=\"ltr\" style=\"text-align: justify;\" data-placeholder=\"Traduction\"><strong><span class=\"Y2IQFc\" lang=\"es\">ART\u00cdCULO 3 &#8211; OFICINA REGISTRADA <\/span><\/strong><\/p>\n<p class=\"tw-data-text tw-text-large XcVN5d tw-ta\" dir=\"ltr\" style=\"text-align: justify;\" data-placeholder=\"Traduction\"><span class=\"Y2IQFc\" lang=\"es\">El domicilio social se encuentra en el Ayuntamiento de Solli\u00e8s Toucas 83210 Place Cl\u00e9ment Balestra Monsieur Alain de Lespinois. Podr\u00e1 ser cedido por simple decisi\u00f3n del consejo ratificada por la junta general. <\/span><\/p>\n<p class=\"tw-data-text tw-text-large XcVN5d tw-ta\" dir=\"ltr\" style=\"text-align: justify;\" data-placeholder=\"Traduction\"><strong><span class=\"Y2IQFc\" lang=\"es\">ART\u00cdCULO 4 &#8211; DURACI\u00d3N <\/span><\/strong><\/p>\n<p class=\"tw-data-text tw-text-large XcVN5d tw-ta\" dir=\"ltr\" style=\"text-align: justify;\" data-placeholder=\"Traduction\"><span class=\"Y2IQFc\" lang=\"es\">La duraci\u00f3n de la asociaci\u00f3n es ilimitada.<\/span><\/p>\n<p id=\"tw-target-text\" class=\"tw-data-text tw-text-large XcVN5d tw-ta\" dir=\"ltr\" data-placeholder=\"Traduction\"><strong><span class=\"Y2IQFc\" lang=\"es\">ART\u00cdCULO 5 &#8211; COMPOSICI\u00d3N <\/span><\/strong><\/p>\n<p class=\"tw-data-text tw-text-large XcVN5d tw-ta\" dir=\"ltr\" data-placeholder=\"Traduction\"><span class=\"Y2IQFc\" lang=\"es\">La asociaci\u00f3n est\u00e1 formada por personas jur\u00eddicas y f\u00edsicas: <\/span><\/p>\n<ul>\n<li class=\"tw-data-text tw-text-large XcVN5d tw-ta\" dir=\"ltr\" data-placeholder=\"Traduction\"><span class=\"Y2IQFc\" lang=\"es\">a) Miembros honorarios <\/span><\/li>\n<li class=\"tw-data-text tw-text-large XcVN5d tw-ta\" dir=\"ltr\" data-placeholder=\"Traduction\"><span class=\"Y2IQFc\" lang=\"es\">b) Socios benefactores (personas f\u00edsicas o jur\u00eddicas) o patrocinadores o socios<\/span><\/li>\n<li class=\"tw-data-text tw-text-large XcVN5d tw-ta\" dir=\"ltr\" data-placeholder=\"Traduction\"><span class=\"Y2IQFc\" lang=\"es\">c) Miembros activos o adherentes <\/span><\/li>\n<li class=\"tw-data-text tw-text-large XcVN5d tw-ta\" dir=\"ltr\" data-placeholder=\"Traduction\"><span class=\"Y2IQFc\" lang=\"es\">d) Personalidades calificadas <\/span><\/li>\n<\/ul>\n<p class=\"tw-data-text tw-text-large XcVN5d tw-ta\" dir=\"ltr\" data-placeholder=\"Traduction\"><strong><span class=\"Y2IQFc\" lang=\"es\">ART\u00cdCULO 6 &#8211; ADMISI\u00d3N <\/span><\/strong><\/p>\n<p class=\"tw-data-text tw-text-large XcVN5d tw-ta\" dir=\"ltr\" style=\"text-align: justify;\" data-placeholder=\"Traduction\"><span class=\"Y2IQFc\" lang=\"es\">La asociaci\u00f3n est\u00e1 abierta a cualquier p\u00fablico que haya expresado expl\u00edcitamente su inter\u00e9s y motivaciones por el trabajo de la asociaci\u00f3n. <\/span><\/p>\n<p class=\"tw-data-text tw-text-large XcVN5d tw-ta\" dir=\"ltr\" style=\"text-align: justify;\" data-placeholder=\"Traduction\"><strong><span class=\"Y2IQFc\" lang=\"es\">ART\u00cdCULO 7 &#8211; MIEMBROS &#8211; TARIFAS <\/span><\/strong><\/p>\n<p class=\"tw-data-text tw-text-large XcVN5d tw-ta\" dir=\"ltr\" style=\"text-align: justify;\" data-placeholder=\"Traduction\"><span class=\"Y2IQFc\" lang=\"es\">Los miembros activos son personas f\u00edsicas o jur\u00eddicas que pagan una cotizaci\u00f3n. El monto de las contribuciones es fijado cada a\u00f1o por la asamblea general a propuesta del consejo. El monto inicial se fijar\u00e1 en la asamblea constituyente. Se especifica que los miembros definidos en el art\u00edculo 5 p\u00e1rrafo b anterior est\u00e1n invitados de pleno derecho a todos los eventos de la asociaci\u00f3n. <\/span><\/p>\n<p class=\"tw-data-text tw-text-large XcVN5d tw-ta\" dir=\"ltr\" data-placeholder=\"Traduction\"><strong><span class=\"Y2IQFc\" lang=\"es\">ART\u00cdCULO 8 &#8211; CANCELACIONES <\/span><\/strong><\/p>\n<p class=\"tw-data-text tw-text-large XcVN5d tw-ta\" dir=\"ltr\" data-placeholder=\"Traduction\"><span class=\"Y2IQFc\" lang=\"es\">La membres\u00eda se pierde por: <\/span><\/p>\n<ul>\n<li class=\"tw-data-text tw-text-large XcVN5d tw-ta\" dir=\"ltr\" data-placeholder=\"Traduction\"><span class=\"Y2IQFc\" lang=\"es\">Renuncia;<\/span><\/li>\n<li class=\"tw-data-text tw-text-large XcVN5d tw-ta\" dir=\"ltr\" data-placeholder=\"Traduction\"><span class=\"Y2IQFc\" lang=\"es\">Muerte; <\/span><\/li>\n<li class=\"tw-data-text tw-text-large XcVN5d tw-ta\" dir=\"ltr\" data-placeholder=\"Traduction\"><span class=\"Y2IQFc\" lang=\"es\">Cancelaci\u00f3n pronunciada por el ayuntamiento por impago de la suscripci\u00f3n o por causa grave, habiendo sido invitado el interesado por carta certificada a dar explicaciones al ayuntamiento y \/ o por escrito. La exclusi\u00f3n de la lista debe ser confirmada por la junta general;<\/span><\/li>\n<\/ul>\n<p class=\"tw-data-text tw-text-large XcVN5d tw-ta\" dir=\"ltr\" data-placeholder=\"Traduction\"><span class=\"Y2IQFc\" lang=\"es\"><strong>ART\u00cdCULO 9 &#8211; AFILIACI\u00d3N<\/strong> <\/span><\/p>\n<p class=\"tw-data-text tw-text-large XcVN5d tw-ta\" dir=\"ltr\" data-placeholder=\"Traduction\"><span class=\"Y2IQFc\" lang=\"es\">Esta asociaci\u00f3n puede unirse a otras asociaciones, sindicatos o grupos por decisi\u00f3n de la junta confirmada por la asamblea general.<\/span><\/p>\n<p>&nbsp;<\/p>\n<p id=\"tw-target-text\" class=\"tw-data-text tw-text-large XcVN5d tw-ta\" dir=\"ltr\" data-placeholder=\"Traduction\"><strong><span class=\"Y2IQFc\" lang=\"es\">ART\u00cdCULO 10 &#8211; RECURSOS <\/span><\/strong><\/p>\n<p class=\"tw-data-text tw-text-large XcVN5d tw-ta\" dir=\"ltr\" data-placeholder=\"Traduction\"><span class=\"Y2IQFc\" lang=\"es\">Los recursos de la asociaci\u00f3n incluyen:<\/span><\/p>\n<ul>\n<li class=\"tw-data-text tw-text-large XcVN5d tw-ta\" dir=\"ltr\" style=\"text-align: justify;\" data-placeholder=\"Traduction\"><span class=\"Y2IQFc\" lang=\"es\">El monto de las cuotas de inscripci\u00f3n y contribuciones; <\/span><\/li>\n<li class=\"tw-data-text tw-text-large XcVN5d tw-ta\" dir=\"ltr\" style=\"text-align: justify;\" data-placeholder=\"Traduction\"><span class=\"Y2IQFc\" lang=\"es\">Subvenciones del Estado, regiones, departamentos y municipios, o de Europa <\/span><\/li>\n<li class=\"tw-data-text tw-text-large XcVN5d tw-ta\" dir=\"ltr\" style=\"text-align: justify;\" data-placeholder=\"Traduction\"><span class=\"Y2IQFc\" lang=\"es\">Todos los recursos autorizados por las leyes y reglamentos vigentes; La asociaci\u00f3n podr\u00e1 realizar actividades econ\u00f3micas y en particular estudios por cuenta de administraciones, autoridades locales o nacionales o servicios relacionados con la organizaci\u00f3n de coloquios y conferencias definidos en su objeto; <\/span><\/li>\n<\/ul>\n<p class=\"tw-data-text tw-text-large XcVN5d tw-ta\" dir=\"ltr\" style=\"text-align: justify;\" data-placeholder=\"Traduction\"><strong><span class=\"Y2IQFc\" lang=\"es\">ART\u00cdCULO 11 &#8211; JUNTA GENERAL ORDINARIA <\/span><\/strong><\/p>\n<p class=\"tw-data-text tw-text-large XcVN5d tw-ta\" dir=\"ltr\" style=\"text-align: justify;\" data-placeholder=\"Traduction\"><span class=\"Y2IQFc\" lang=\"es\">La asamblea general ordinaria incluye a todos los miembros de la asociaci\u00f3n en cualquier condici\u00f3n que sean. <\/span><\/p>\n<p class=\"tw-data-text tw-text-large XcVN5d tw-ta\" dir=\"ltr\" style=\"text-align: justify;\" data-placeholder=\"Traduction\"><span class=\"Y2IQFc\" lang=\"es\">Se re\u00fane todos los a\u00f1os a m\u00e1s tardar el 30 de junio. <\/span><\/p>\n<p class=\"tw-data-text tw-text-large XcVN5d tw-ta\" dir=\"ltr\" style=\"text-align: justify;\" data-placeholder=\"Traduction\"><span class=\"Y2IQFc\" lang=\"es\">Al menos quince d\u00edas antes de la fecha fijada, los miembros de la asociaci\u00f3n son convocados por el presidente. La agenda aparece en los avisos. El presidente, asistido por el secretario y dos asesores elegidos por la asamblea, dirige la asamblea y explica la situaci\u00f3n moral o la actividad de la asociaci\u00f3n. El tesorero informa sobre su gesti\u00f3n y presenta las cuentas anuales (balance, cuenta de resultados y anexo) para la aprobaci\u00f3n de la asamblea. La asamblea general fija el monto de las cuotas anuales de membres\u00eda y la cuota de inscripci\u00f3n a pagar por las diferentes categor\u00edas de miembros.<\/span><\/p>\n<p class=\"tw-data-text tw-text-large XcVN5d tw-ta\" dir=\"ltr\" style=\"text-align: justify;\" data-placeholder=\"Traduction\"><span class=\"Y2IQFc\" lang=\"es\">Solo se pueden discutir los puntos del orden del d\u00eda. <\/span><\/p>\n<p class=\"tw-data-text tw-text-large XcVN5d tw-ta\" dir=\"ltr\" style=\"text-align: justify;\" data-placeholder=\"Traduction\"><span class=\"Y2IQFc\" lang=\"es\">Las decisiones se toman por mayor\u00eda de votos de los miembros presentes o representados. <\/span><\/p>\n<p class=\"tw-data-text tw-text-large XcVN5d tw-ta\" dir=\"ltr\" style=\"text-align: justify;\" data-placeholder=\"Traduction\"><span class=\"Y2IQFc\" lang=\"es\">Se mantienen actas de las reuniones. <\/span><span class=\"Y2IQFc\" lang=\"es\">El acta est\u00e1 firmada por el presidente y el secretario. <\/span><\/p>\n<p class=\"tw-data-text tw-text-large XcVN5d tw-ta\" dir=\"ltr\" style=\"text-align: justify;\" data-placeholder=\"Traduction\"><span class=\"Y2IQFc\" lang=\"es\">Se procede, una vez agotado el orden del d\u00eda, con la renovaci\u00f3n de los miembros salientes del consejo. <\/span><\/p>\n<p class=\"tw-data-text tw-text-large XcVN5d tw-ta\" dir=\"ltr\" style=\"text-align: justify;\" data-placeholder=\"Traduction\"><span class=\"Y2IQFc\" lang=\"es\">Todas las deliberaciones se toman a mano alzada. <\/span><\/p>\n<p class=\"tw-data-text tw-text-large XcVN5d tw-ta\" dir=\"ltr\" style=\"text-align: justify;\" data-placeholder=\"Traduction\"><span class=\"Y2IQFc\" lang=\"es\">Las decisiones de las juntas generales son vinculantes para todos los miembros, incluidos los ausentes o representados. <\/span><\/p>\n<p class=\"tw-data-text tw-text-large XcVN5d tw-ta\" dir=\"ltr\" style=\"text-align: justify;\" data-placeholder=\"Traduction\"><strong><span class=\"Y2IQFc\" lang=\"es\">ART\u00cdCULO 12 &#8211; JUNTA GENERAL EXTRAORDINARIA <\/span><\/strong><\/p>\n<p class=\"tw-data-text tw-text-large XcVN5d tw-ta\" dir=\"ltr\" style=\"text-align: justify;\" data-placeholder=\"Traduction\"><span class=\"Y2IQFc\" lang=\"es\">En caso de ser necesario, oa instancia de la mitad m\u00e1s uno de los miembros inscritos, el presidente podr\u00e1 convocar una junta general extraordinaria, seg\u00fan las modalidades previstas en estos estatutos y \u00fanicamente para la modificaci\u00f3n de los estatutos o la disoluci\u00f3n o para actos relacionados con la edificaci\u00f3n. . <\/span><\/p>\n<p class=\"tw-data-text tw-text-large XcVN5d tw-ta\" dir=\"ltr\" style=\"text-align: justify;\" data-placeholder=\"Traduction\"><span class=\"Y2IQFc\" lang=\"es\">Los procedimientos de convocatoria son los mismos que para la junta general ordinaria. <\/span><\/p>\n<p class=\"tw-data-text tw-text-large XcVN5d tw-ta\" dir=\"ltr\" style=\"text-align: justify;\" data-placeholder=\"Traduction\"><span class=\"Y2IQFc\" lang=\"es\">Las decisiones se toman por mayor\u00eda de los miembros presentes o representados.<\/span><\/p>\n<p id=\"tw-target-text\" class=\"tw-data-text tw-text-large XcVN5d tw-ta\" dir=\"ltr\" data-placeholder=\"Traduction\"><strong><span class=\"Y2IQFc\" lang=\"es\">ART\u00cdCULO 13 &#8211; GOBIERNO <\/span><\/strong><\/p>\n<p class=\"tw-data-text tw-text-large XcVN5d tw-ta\" dir=\"ltr\" data-placeholder=\"Traduction\"><span class=\"Y2IQFc\" lang=\"es\">La asociaci\u00f3n est\u00e1 dirigida por un consejo de 6 miembros, elegidos por 3 a\u00f1os por la asamblea general. Los miembros son elegibles para la reelecci\u00f3n. <\/span><\/p>\n<p class=\"tw-data-text tw-text-large XcVN5d tw-ta\" dir=\"ltr\" data-placeholder=\"Traduction\"><span class=\"Y2IQFc\" lang=\"es\">La junta se renueva cada a\u00f1o a la mitad, el primer a\u00f1o, los miembros salientes se eligen por sorteo. <\/span><\/p>\n<p class=\"tw-data-text tw-text-large XcVN5d tw-ta\" dir=\"ltr\" data-placeholder=\"Traduction\"><span class=\"Y2IQFc\" lang=\"es\">En caso de vacantes, el consejo prev\u00e9 temporalmente la sustituci\u00f3n de sus miembros. Son sustituidos definitivamente por la pr\u00f3xima junta general. Los poderes de los miembros as\u00ed elegidos finalizan con la expiraci\u00f3n del mandato de los miembros reemplazados.<\/span><\/p>\n<p class=\"tw-data-text tw-text-large XcVN5d tw-ta\" dir=\"ltr\" data-placeholder=\"Traduction\"><span class=\"Y2IQFc\" lang=\"es\">El consejo se re\u00fane al menos dos veces al a\u00f1o, y con la frecuencia necesaria, cuando sea convocado por el presidente, oa petici\u00f3n de una cuarta parte de sus miembros. Las reuniones de la junta se dejan a iniciativa del presidente. <\/span><\/p>\n<p class=\"tw-data-text tw-text-large XcVN5d tw-ta\" dir=\"ltr\" data-placeholder=\"Traduction\"><span class=\"Y2IQFc\" lang=\"es\">Las decisiones se toman por mayor\u00eda de votos; en caso de empate, el voto del presidente es decisivo. <\/span><\/p>\n<p class=\"tw-data-text tw-text-large XcVN5d tw-ta\" dir=\"ltr\" data-placeholder=\"Traduction\"><strong><span class=\"Y2IQFc\" lang=\"es\">ART\u00cdCULO 14 &#8211; EL CONSEJO<\/span><\/strong><\/p>\n<p class=\"tw-data-text tw-text-large XcVN5d tw-ta\" dir=\"ltr\" data-placeholder=\"Traduction\"><span class=\"Y2IQFc\" lang=\"es\">La asamblea general elige entre sus miembros un consejo compuesto por: <\/span><\/p>\n<ul>\n<li class=\"tw-data-text tw-text-large XcVN5d tw-ta\" dir=\"ltr\" data-placeholder=\"Traduction\"><span class=\"Y2IQFc\" lang=\"es\">1) Un presidente; <\/span><\/li>\n<li class=\"tw-data-text tw-text-large XcVN5d tw-ta\" dir=\"ltr\" data-placeholder=\"Traduction\"><span class=\"Y2IQFc\" lang=\"es\">2) un vicepresidente; <\/span><\/li>\n<li class=\"tw-data-text tw-text-large XcVN5d tw-ta\" dir=\"ltr\" data-placeholder=\"Traduction\"><span class=\"Y2IQFc\" lang=\"es\">3) una secretaria; <\/span><\/li>\n<li class=\"tw-data-text tw-text-large XcVN5d tw-ta\" dir=\"ltr\" data-placeholder=\"Traduction\"><span class=\"Y2IQFc\" lang=\"es\">4) Un secretario adjunto; <\/span><\/li>\n<li class=\"tw-data-text tw-text-large XcVN5d tw-ta\" dir=\"ltr\" data-placeholder=\"Traduction\"><span class=\"Y2IQFc\" lang=\"es\">5) un tesorero; <\/span><\/li>\n<li class=\"tw-data-text tw-text-large XcVN5d tw-ta\" dir=\"ltr\" data-placeholder=\"Traduction\"><span class=\"Y2IQFc\" lang=\"es\">6) Un tesorero asistente; Las funciones de presidente y tesorero o asistente del tesorero no se pueden combinar. <\/span><\/li>\n<\/ul>\n<p class=\"tw-data-text tw-text-large XcVN5d tw-ta\" dir=\"ltr\" data-placeholder=\"Traduction\"><strong><span class=\"Y2IQFc\" lang=\"es\">ART\u00cdCULO 15 &#8211; NORMAS INTERNAS<\/span><\/strong><\/p>\n<p class=\"tw-data-text tw-text-large XcVN5d tw-ta\" dir=\"ltr\" data-placeholder=\"Traduction\"><span class=\"Y2IQFc\" lang=\"es\">El reglamento interno ser\u00e1 propuesto por el consejo de administraci\u00f3n en la primera junta general. <\/span><\/p>\n<p class=\"tw-data-text tw-text-large XcVN5d tw-ta\" dir=\"ltr\" data-placeholder=\"Traduction\"><strong><span class=\"Y2IQFc\" lang=\"es\">ART\u00cdCULO 16 &#8211; DISOLUCI\u00d3N <\/span><\/strong><\/p>\n<p class=\"tw-data-text tw-text-large XcVN5d tw-ta\" dir=\"ltr\" style=\"text-align: justify;\" data-placeholder=\"Traduction\"><span class=\"Y2IQFc\" lang=\"es\">En caso de disoluci\u00f3n pronunciada seg\u00fan las modalidades previstas en el art\u00edculo 12, se nombran uno o m\u00e1s liquidadores, y el patrimonio neto, en su caso, se transfiere a una entidad sin \u00e1nimo de lucro de acuerdo con las decisiones de la junta general extraordinaria que decide sobre la disoluci\u00f3n. Los activos netos no pueden transferirse a un miembro de la asociaci\u00f3n, ni siquiera parcialmente, a menos que se retire una contribuci\u00f3n. <\/span><\/p>\n<p class=\"tw-data-text tw-text-large XcVN5d tw-ta\" dir=\"ltr\" data-placeholder=\"Traduction\"><strong><span class=\"Y2IQFc\" lang=\"es\">ART\u00cdCULO 17- AUDITOR\u00cdA DE CUENTAS <\/span><\/strong><\/p>\n<p id=\"tw-target-text\" class=\"tw-data-text tw-text-large XcVN5d tw-ta\" dir=\"ltr\" style=\"text-align: justify;\" data-placeholder=\"Traduction\"><span class=\"Y2IQFc\" lang=\"es\">La junta, a iniciativa del presidente, podr\u00e1 nombrar de entre los miembros de la asociaci\u00f3n, pero fuera de sus propias filas, de una a tres personas responsables del control de las cuentas anuales antes de que sean presentadas por el tesorero a la Junta General.<\/span><\/p>\n<p id=\"tw-target-text\" class=\"tw-data-text tw-text-large XcVN5d tw-ta\" dir=\"ltr\" data-placeholder=\"Traduction\"><strong><span class=\"Y2IQFc\" lang=\"es\">ART\u00cdCULO 18 &#8211; LIBERALIDADES<\/span><\/strong><\/p>\n<p class=\"tw-data-text tw-text-large XcVN5d tw-ta\" dir=\"ltr\" style=\"text-align: justify;\" data-placeholder=\"Traduction\"><span class=\"Y2IQFc\" lang=\"es\">Las donaciones y legados se aceptan por deliberaci\u00f3n del consejo en las condiciones del art\u00edculo 910 del c\u00f3digo civil.<\/span><\/p>\n<p class=\"tw-data-text tw-text-large XcVN5d tw-ta\" dir=\"ltr\" style=\"text-align: justify;\" data-placeholder=\"Traduction\"><span class=\"Y2IQFc\" lang=\"es\">El informe anual y las cuentas, tal como se definen en el art\u00edculo 11, se env\u00edan cada a\u00f1o al Prefecto del departamento. <\/span><\/p>\n<p class=\"tw-data-text tw-text-large XcVN5d tw-ta\" dir=\"ltr\" style=\"text-align: justify;\" data-placeholder=\"Traduction\"><span class=\"Y2IQFc\" lang=\"es\">La asociaci\u00f3n se compromete a presentar sus registros y documentos contables ante cualquier requerimiento de las autoridades administrativas en relaci\u00f3n con el uso de los obsequios que estar\u00eda autorizada a recibir, para permitir que sus establecimientos sean visitados por los representantes de estas autoridades. autoridades competentes e informarles sobre el funcionamiento de dichos establecimientos. <\/span><\/p>\n<p class=\"tw-data-text tw-text-large XcVN5d tw-ta\" dir=\"ltr\" data-placeholder=\"Traduction\"><span class=\"Y2IQFc\" lang=\"es\">Hecho en Solli\u00e8s Toucas, el 14 de junio de 2018 (V2) <\/span><\/p>\n<p class=\"tw-data-text tw-text-large XcVN5d tw-ta\" dir=\"ltr\" data-placeholder=\"Traduction\"><span class=\"Y2IQFc\" lang=\"es\">Alain de Lespinois&nbsp;&nbsp;&nbsp;&nbsp;&nbsp;&nbsp;&nbsp;&nbsp;&nbsp;&nbsp;&nbsp;&nbsp;&nbsp;&nbsp;&nbsp;&nbsp;&nbsp;&nbsp;&nbsp;&nbsp; Herv\u00e9 Martinole<\/span><\/p>\n<p class=\"tw-data-text tw-text-large XcVN5d tw-ta\" dir=\"ltr\" data-placeholder=\"Traduction\"><span class=\"Y2IQFc\" lang=\"es\">Presidente&nbsp;&nbsp;&nbsp;&nbsp;&nbsp;&nbsp;&nbsp;&nbsp;&nbsp;&nbsp;&nbsp;&nbsp;&nbsp;&nbsp;&nbsp;&nbsp;&nbsp;&nbsp;&nbsp;&nbsp;&nbsp;&nbsp;&nbsp;&nbsp;&nbsp;&nbsp;&nbsp;&nbsp;&nbsp;&nbsp;&nbsp;&nbsp;&nbsp; Vicesecretario Adjunto <\/span><\/p>\n<p class=\"tw-data-text tw-text-large XcVN5d tw-ta\" dir=\"ltr\" data-placeholder=\"Traduction\"><span class=\"Y2IQFc\" lang=\"es\">Anexo 1 lista de miembros del consejo <\/span><\/p>\n<p class=\"tw-data-text tw-text-large XcVN5d tw-ta\" dir=\"ltr\" data-placeholder=\"Traduction\"><span class=\"Y2IQFc\" lang=\"es\">Anexo N \u00b0 1<\/span><\/p>\n<p class=\"tw-data-text tw-text-large XcVN5d tw-ta\" dir=\"ltr\" data-placeholder=\"Traduction\"><span class=\"Y2IQFc\" lang=\"es\">Miembros de la junta al 19 de septiembre de 2020<\/span><\/p>\n<p>&nbsp;<\/p>\n<p>Pr\u00e9sidente :&nbsp;&nbsp;&nbsp;&nbsp;&nbsp;&nbsp;&nbsp;&nbsp;&nbsp;&nbsp;&nbsp;&nbsp;&nbsp;&nbsp;&nbsp;&nbsp;&nbsp;&nbsp;&nbsp;&nbsp;&nbsp;&nbsp;&nbsp;&nbsp;&nbsp;&nbsp;&nbsp;&nbsp;&nbsp;&nbsp;&nbsp; Alain de Lespinois<\/p>\n<p>Vicepr\u00e9sidente :&nbsp;&nbsp;&nbsp;&nbsp;&nbsp;&nbsp;&nbsp;&nbsp;&nbsp;&nbsp;&nbsp;&nbsp;&nbsp;&nbsp;&nbsp;&nbsp;&nbsp;&nbsp;&nbsp; &nbsp;Christine Sparaco&nbsp;<\/p>\n<p>Secre taria :&nbsp;&nbsp;&nbsp;&nbsp;&nbsp;&nbsp;&nbsp;&nbsp;&nbsp;&nbsp;&nbsp;&nbsp;&nbsp;&nbsp;&nbsp;&nbsp;&nbsp;&nbsp;&nbsp;&nbsp;&nbsp;&nbsp;&nbsp;&nbsp;&nbsp;&nbsp;&nbsp;&nbsp;&nbsp;&nbsp; Paule Forner<\/p>\n<p>Asistente secretaria :&nbsp;&nbsp;&nbsp;&nbsp;&nbsp;&nbsp;&nbsp;&nbsp;&nbsp;&nbsp;&nbsp;&nbsp;&nbsp;&nbsp;&nbsp;&nbsp; Herv\u00e9 Martinole<\/p>\n<p>Tesorero :&nbsp; &nbsp;&nbsp;&nbsp;&nbsp;&nbsp;&nbsp;&nbsp;&nbsp;&nbsp;&nbsp;&nbsp;&nbsp;&nbsp;&nbsp;&nbsp;&nbsp;&nbsp;&nbsp;&nbsp;&nbsp;&nbsp;&nbsp;&nbsp;&nbsp;&nbsp;&nbsp;&nbsp;&nbsp;&nbsp;&nbsp;&nbsp;Sandrine Martinole<\/p>\n<p>Tesorero adjunto : &nbsp;&nbsp;&nbsp;&nbsp;&nbsp;&nbsp;&nbsp;&nbsp;&nbsp;&nbsp;&nbsp;&nbsp;&nbsp;&nbsp;&nbsp;&nbsp;&nbsp;&nbsp;Jean Paul Kassagoye<\/p>\n","protected":false},"excerpt":{"rendered":"<p>ESTATUTOS de la Asociaci\u00f3n aprobados por la AGO de 27 de abril de 2019 Amigos de Blasco Mentor&rsquo;s Work ART\u00cdCULO 1 &#8211; NOMBRE Asociaci\u00f3n regida por la ley del 1 de julio de 1901 y el decreto del 16 de &hellip; <a href=\"https:\/\/blasco-mentor-solliestoucas.fr\/index.php\/es\/lassociation\/estatutos-de-la-asociacion\/\">Continuer la lecture <span class=\"meta-nav\">&rarr;<\/span><\/a><\/p>\n","protected":false},"author":2,"featured_media":0,"parent":1978,"menu_order":0,"comment_status":"closed","ping_status":"closed","template":"onecolumn-page.php","meta":{"ngg_post_thumbnail":0,"footnotes":""},"categories":[],"tags":[],"class_list":["post-3652","page","type-page","status-publish","hentry"],"lang":"es","translations":{"es":3652},"pll_sync_post":[],"_links":{"self":[{"href":"https:\/\/blasco-mentor-solliestoucas.fr\/index.php\/wp-json\/wp\/v2\/pages\/3652","targetHints":{"allow":["GET"]}}],"collection":[{"href":"https:\/\/blasco-mentor-solliestoucas.fr\/index.php\/wp-json\/wp\/v2\/pages"}],"about":[{"href":"https:\/\/blasco-mentor-solliestoucas.fr\/index.php\/wp-json\/wp\/v2\/types\/page"}],"author":[{"embeddable":true,"href":"https:\/\/blasco-mentor-solliestoucas.fr\/index.php\/wp-json\/wp\/v2\/users\/2"}],"replies":[{"embeddable":true,"href":"https:\/\/blasco-mentor-solliestoucas.fr\/index.php\/wp-json\/wp\/v2\/comments?post=3652"}],"version-history":[{"count":12,"href":"https:\/\/blasco-mentor-solliestoucas.fr\/index.php\/wp-json\/wp\/v2\/pages\/3652\/revisions"}],"predecessor-version":[{"id":3675,"href":"https:\/\/blasco-mentor-solliestoucas.fr\/index.php\/wp-json\/wp\/v2\/pages\/3652\/revisions\/3675"}],"up":[{"embeddable":true,"href":"https:\/\/blasco-mentor-solliestoucas.fr\/index.php\/wp-json\/wp\/v2\/pages\/1978"}],"wp:attachment":[{"href":"https:\/\/blasco-mentor-solliestoucas.fr\/index.php\/wp-json\/wp\/v2\/media?parent=3652"}],"wp:term":[{"taxonomy":"category","embeddable":true,"href":"https:\/\/blasco-mentor-solliestoucas.fr\/index.php\/wp-json\/wp\/v2\/categories?post=3652"},{"taxonomy":"post_tag","embeddable":true,"href":"https:\/\/blasco-mentor-solliestoucas.fr\/index.php\/wp-json\/wp\/v2\/tags?post=3652"}],"curies":[{"name":"wp","href":"https:\/\/api.w.org\/{rel}","templated":true}]}}