{"id":3688,"date":"2018-12-10T05:25:38","date_gmt":"2018-12-10T04:25:38","guid":{"rendered":"https:\/\/blasco-mentor-solliestoucas.fr\/?page_id=3688"},"modified":"2021-09-22T15:21:53","modified_gmt":"2021-09-22T13:21:53","slug":"reglamento-interno","status":"publish","type":"page","link":"https:\/\/blasco-mentor-solliestoucas.fr\/index.php\/es\/lassociation\/reglamento-interno\/","title":{"rendered":"Reglamento interno"},"content":{"rendered":"<p><strong><img loading=\"lazy\" decoding=\"async\" class=\"size-full wp-image-21 alignleft\" src=\"http:\/\/blasco-mentor-solliestoucas.fr\/wp-content\/uploads\/2018\/11\/logo.png\" alt=\"\" width=\"114\" height=\"114\" srcset=\"https:\/\/blasco-mentor-solliestoucas.fr\/wp-content\/uploads\/2018\/11\/logo.png 114w, https:\/\/blasco-mentor-solliestoucas.fr\/wp-content\/uploads\/2018\/11\/logo-60x60.png 60w\" sizes=\"auto, (max-width: 114px) 100vw, 114px\" \/><\/strong><\/p>\n<p id=\"tw-target-text\" class=\"tw-data-text tw-text-large XcVN5d tw-ta\" dir=\"ltr\" data-placeholder=\"Traduction\"><strong><span class=\"Y2IQFc\" lang=\"es\">Amigos del trabajo de Blasco Mentor <\/span><\/strong><\/p>\n<p class=\"tw-data-text tw-text-large XcVN5d tw-ta\" dir=\"ltr\" data-placeholder=\"Traduction\"><em><span class=\"Y2IQFc\" lang=\"es\">Asociaci\u00f3n regida por la ley del 1 de julio de 1901 <\/span><\/em><\/p>\n<p class=\"tw-data-text tw-text-large XcVN5d tw-ta\" dir=\"ltr\" data-placeholder=\"Traduction\"><em><span class=\"Y2IQFc\" lang=\"es\">Declaraci\u00f3n a la Prefectura de Var <\/span><\/em><\/p>\n<p class=\"tw-data-text tw-text-large XcVN5d tw-ta\" dir=\"ltr\" data-placeholder=\"Traduction\"><em><span class=\"Y2IQFc\" lang=\"es\">Publicaci\u00f3n en el Diario Oficial de asociaciones n\u00famero 0025 de 23 de junio de 2018 <\/span><\/em><\/p>\n<p class=\"tw-data-text tw-text-large XcVN5d tw-ta\" dir=\"ltr\" data-placeholder=\"Traduction\"><em><span class=\"Y2IQFc\" lang=\"es\">N\u00famero de registro nacional de asociaciones (RNA) W 832015615 <\/span><\/em><\/p>\n<p class=\"tw-data-text tw-text-large XcVN5d tw-ta\" dir=\"ltr\" data-placeholder=\"Traduction\"><em><span class=\"Y2IQFc\" lang=\"es\">Sede: Ayuntamiento de Solli\u00e8s-Toucas, Place Cl\u00e9ment Balestra, 83210 Solli\u00e8s-Toucas<\/span><\/em><\/p>\n<p class=\"tw-data-text tw-text-large XcVN5d tw-ta\" dir=\"ltr\" data-placeholder=\"Traduction\"><strong><span class=\"Y2IQFc\" lang=\"es\">Reglamento interno<\/span><\/strong><\/p>\n<p class=\"tw-data-text tw-text-large XcVN5d tw-ta\" dir=\"ltr\" data-placeholder=\"Traduction\"><span class=\"Y2IQFc\" lang=\"es\">Adoptado por la junta general del 27 de abril de 2019<\/span><\/p>\n<p class=\"tw-data-text tw-text-large XcVN5d tw-ta\" dir=\"ltr\" data-placeholder=\"Traduction\"><span class=\"Y2IQFc\" lang=\"es\">En este reglamento se especifican los estatutos de la asociaci\u00f3n \u00ab\u00a0<strong>Amigos del trabajo de Blasco Mentor<\/strong>\u00ab\u00a0. <\/span><\/p>\n<p class=\"tw-data-text tw-text-large XcVN5d tw-ta\" dir=\"ltr\" data-placeholder=\"Traduction\"><span class=\"Y2IQFc\" lang=\"es\">Se env\u00eda a todos los miembros y a cada nuevo miembro por v\u00eda electr\u00f3nica, en su defecto en soporte f\u00edsico. <\/span><\/p>\n<p class=\"tw-data-text tw-text-large XcVN5d tw-ta\" dir=\"ltr\" data-placeholder=\"Traduction\"><strong><span class=\"Y2IQFc\" lang=\"es\">Art\u00edculo 1- Sede de la asociaci\u00f3n <\/span><\/strong><\/p>\n<p class=\"tw-data-text tw-text-large XcVN5d tw-ta\" dir=\"ltr\" data-placeholder=\"Traduction\"><em><span class=\"Y2IQFc\" lang=\"es\">La asociaci\u00f3n tiene su sede en la siguiente direcci\u00f3n: <\/span><\/em><\/p>\n<p class=\"tw-data-text tw-text-large XcVN5d tw-ta\" dir=\"ltr\" data-placeholder=\"Traduction\"><em><span class=\"Y2IQFc\" lang=\"es\">Ayuntamiento de Solli\u00e8s-Toucas <\/span><\/em><\/p>\n<p class=\"tw-data-text tw-text-large XcVN5d tw-ta\" dir=\"ltr\" data-placeholder=\"Traduction\"><em><span class=\"Y2IQFc\" lang=\"es\">Plaza Clemente Balestra <\/span><\/em><\/p>\n<p class=\"tw-data-text tw-text-large XcVN5d tw-ta\" dir=\"ltr\" data-placeholder=\"Traduction\"><em><span class=\"Y2IQFc\" lang=\"es\">83210 Solli\u00e8s-Toucas<\/span><\/em><\/p>\n<p id=\"tw-target-text\" class=\"tw-data-text tw-text-large XcVN5d tw-ta\" dir=\"ltr\" data-placeholder=\"Traduction\"><span class=\"Y2IQFc\" lang=\"es\">Art\u00edculo 2- Contribuciones <\/span><\/p>\n<p class=\"tw-data-text tw-text-large XcVN5d tw-ta\" dir=\"ltr\" data-placeholder=\"Traduction\"><span class=\"Y2IQFc\" lang=\"es\">El monto de las contribuciones lo fija la asamblea general de acuerdo con la naturaleza de los miembros de la siguiente tabla: <\/span><\/p>\n<p class=\"tw-data-text tw-text-large XcVN5d tw-ta\" dir=\"ltr\" data-placeholder=\"Traduction\"><span class=\"Y2IQFc\" lang=\"es\">Personas fisicas <\/span><\/p>\n<ul>\n<li class=\"tw-data-text tw-text-large XcVN5d tw-ta\" dir=\"ltr\" data-placeholder=\"Traduction\"><span class=\"Y2IQFc\" lang=\"es\">Membres\u00eda individual: 20 euros <\/span><\/li>\n<li class=\"tw-data-text tw-text-large XcVN5d tw-ta\" dir=\"ltr\" data-placeholder=\"Traduction\"><span class=\"Y2IQFc\" lang=\"es\">Membres\u00eda pareja: 30 euros <\/span><\/li>\n<li class=\"tw-data-text tw-text-large XcVN5d tw-ta\" dir=\"ltr\" data-placeholder=\"Traduction\"><span class=\"Y2IQFc\" lang=\"es\">Benefactor o mecenas: gratis <\/span><\/li>\n<\/ul>\n<p class=\"tw-data-text tw-text-large XcVN5d tw-ta\" dir=\"ltr\" data-placeholder=\"Traduction\"><span class=\"Y2IQFc\" lang=\"es\">Personas morales <\/span><\/p>\n<ul>\n<li class=\"tw-data-text tw-text-large XcVN5d tw-ta\" dir=\"ltr\" data-placeholder=\"Traduction\"><span class=\"Y2IQFc\" lang=\"es\">Peque\u00f1a empresa y asociaci\u00f3n: 50 euros <\/span><\/li>\n<li class=\"tw-data-text tw-text-large XcVN5d tw-ta\" dir=\"ltr\" data-placeholder=\"Traduction\"><span class=\"Y2IQFc\" lang=\"es\">Empresa mediana: 100 euros <\/span><\/li>\n<li class=\"tw-data-text tw-text-large XcVN5d tw-ta\" dir=\"ltr\" data-placeholder=\"Traduction\"><span class=\"Y2IQFc\" lang=\"es\">Gran empresa: 150 euros <\/span><\/li>\n<li class=\"tw-data-text tw-text-large XcVN5d tw-ta\" dir=\"ltr\" data-placeholder=\"Traduction\"><span class=\"Y2IQFc\" lang=\"es\">Benefactor o mecenas: gratis <\/span><\/li>\n<li class=\"tw-data-text tw-text-large XcVN5d tw-ta\" dir=\"ltr\" data-placeholder=\"Traduction\"><span class=\"Y2IQFc\" lang=\"es\">Patrocinador: 150 euros <\/span><\/li>\n<\/ul>\n<p class=\"tw-data-text tw-text-large XcVN5d tw-ta\" dir=\"ltr\" style=\"text-align: justify;\" data-placeholder=\"Traduction\"><span class=\"Y2IQFc\" lang=\"es\">La contribuci\u00f3n debe pagarse a m\u00e1s tardar el 30 de junio del a\u00f1o al que se aplica. <\/span><\/p>\n<p class=\"tw-data-text tw-text-large XcVN5d tw-ta\" dir=\"ltr\" style=\"text-align: justify;\" data-placeholder=\"Traduction\"><span class=\"Y2IQFc\" lang=\"es\">Cualquier contribuci\u00f3n hecha a la asociaci\u00f3n por sentada. No se puede exigir el reembolso de las cuotas de membres\u00eda en caso de renuncia, exclusi\u00f3n o muerte de un miembro durante el a\u00f1o. <\/span><\/p>\n<p class=\"tw-data-text tw-text-large XcVN5d tw-ta\" dir=\"ltr\" data-placeholder=\"Traduction\"><span class=\"Y2IQFc\" lang=\"es\"><strong>Art\u00edculo 3 &#8211; Admisi\u00f3n de nuevos miembros<\/strong> <\/span><\/p>\n<p class=\"tw-data-text tw-text-large XcVN5d tw-ta\" dir=\"ltr\" style=\"text-align: justify;\" data-placeholder=\"Traduction\"><span class=\"Y2IQFc\" lang=\"es\">Las personas f\u00edsicas completan la solicitud de membres\u00eda y adjuntan el pago de la cuota de membres\u00eda correspondiente a su situaci\u00f3n. La membres\u00eda se valida por correo electr\u00f3nico y el env\u00edo de estos reglamentos y estatutos. <\/span><\/p>\n<p class=\"tw-data-text tw-text-large XcVN5d tw-ta\" dir=\"ltr\" style=\"text-align: justify;\" data-placeholder=\"Traduction\"><span class=\"Y2IQFc\" lang=\"es\">Las entidades legales solicitan membres\u00eda al presidente. El consejo decide en cada una de sus reuniones sobre las solicitudes de admisi\u00f3n presentadas. <\/span><\/p>\n<p class=\"tw-data-text tw-text-large XcVN5d tw-ta\" dir=\"ltr\" style=\"text-align: justify;\" data-placeholder=\"Traduction\"><span class=\"Y2IQFc\" lang=\"es\">La cuota de membres\u00eda se paga a la asociaci\u00f3n una vez que se notifica la decisi\u00f3n. Aquellos que deseen unirse deben completar un formulario de membres\u00eda.<\/span><\/p>\n<p id=\"tw-target-text\" class=\"tw-data-text tw-text-large XcVN5d tw-ta\" dir=\"ltr\" data-placeholder=\"Traduction\"><strong><span class=\"Y2IQFc\" lang=\"es\">Art\u00edculo 4 &#8211; Renuncia &#8211; Radiaci\u00f3n &#8211; Muerte de un miembro <\/span><\/strong><\/p>\n<p class=\"tw-data-text tw-text-large XcVN5d tw-ta\" dir=\"ltr\" style=\"text-align: justify;\" data-placeholder=\"Traduction\"><span class=\"Y2IQFc\" lang=\"es\">La renuncia deber\u00e1 dirigirse al presidente del consejo mediante carta certificada. No tiene que estar motivado por el miembro renunciante. <\/span><\/p>\n<p class=\"tw-data-text tw-text-large XcVN5d tw-ta\" dir=\"ltr\" style=\"text-align: justify;\" data-placeholder=\"Traduction\"><span class=\"Y2IQFc\" lang=\"es\">Como se indica en el art\u00edculo 8 de los estatutos, la destituci\u00f3n de un miembro puede ser pronunciada por la junta, por motivos graves. <\/span><\/p>\n<p class=\"tw-data-text tw-text-large XcVN5d tw-ta\" dir=\"ltr\" style=\"text-align: justify;\" data-placeholder=\"Traduction\"><span class=\"Y2IQFc\" lang=\"es\">En particular, se considerar\u00e1n motivos serios los siguientes: <\/span><\/p>\n<p class=\"tw-data-text tw-text-large XcVN5d tw-ta\" dir=\"ltr\" style=\"text-align: justify;\" data-placeholder=\"Traduction\"><span class=\"Y2IQFc\" lang=\"es\">&#8211; impago de la contribuci\u00f3n; <\/span><\/p>\n<p class=\"tw-data-text tw-text-large XcVN5d tw-ta\" dir=\"ltr\" style=\"text-align: justify;\" data-placeholder=\"Traduction\"><span class=\"Y2IQFc\" lang=\"es\">&#8211; no participaci\u00f3n en las actividades de la asociaci\u00f3n; <\/span><\/p>\n<p class=\"tw-data-text tw-text-large XcVN5d tw-ta\" dir=\"ltr\" style=\"text-align: justify;\" data-placeholder=\"Traduction\"><span class=\"Y2IQFc\" lang=\"es\">&#8211; una condena penal por delito mayor y menor; <\/span><\/p>\n<p class=\"tw-data-text tw-text-large XcVN5d tw-ta\" dir=\"ltr\" style=\"text-align: justify;\" data-placeholder=\"Traduction\"><span class=\"Y2IQFc\" lang=\"es\">&#8211; cualquier acci\u00f3n que pueda da\u00f1ar, directa o indirectamente, las actividades de la asociaci\u00f3n o su reputaci\u00f3n.<\/span><\/p>\n<p class=\"tw-data-text tw-text-large XcVN5d tw-ta\" dir=\"ltr\" style=\"text-align: justify;\" data-placeholder=\"Traduction\"><span class=\"Y2IQFc\" lang=\"es\">En todo caso, el interesado debe poder presentar su defensa, antes de la decisi\u00f3n de exclusi\u00f3n. La decisi\u00f3n de la huelga es adoptada por el consejo, actuando por mayor\u00eda de dos tercios de los miembros presentes. <\/span><\/p>\n<p class=\"tw-data-text tw-text-large XcVN5d tw-ta\" dir=\"ltr\" style=\"text-align: justify;\" data-placeholder=\"Traduction\"><span class=\"Y2IQFc\" lang=\"es\">En caso de fallecimiento de un socio, los herederos o legatarios no podr\u00e1n reclamar manutenci\u00f3n alguna en la asociaci\u00f3n. La cotizaci\u00f3n pagada a la asociaci\u00f3n se adquiere definitivamente, incluso en caso de renuncia, exclusi\u00f3n o fallecimiento de un socio durante el a\u00f1o. El miembro renunciante env\u00eda su decisi\u00f3n al presidente por carta.<\/span><\/p>\n<p class=\"tw-data-text tw-text-large XcVN5d tw-ta\" dir=\"ltr\" style=\"text-align: justify;\" data-placeholder=\"Traduction\"><strong><span class=\"Y2IQFc\" lang=\"es\">Art\u00edculo 5 &#8211; Composici\u00f3n <\/span><\/strong><\/p>\n<p class=\"tw-data-text tw-text-large XcVN5d tw-ta\" dir=\"ltr\" style=\"text-align: justify;\" data-placeholder=\"Traduction\"><span class=\"Y2IQFc\" lang=\"es\">De acuerdo con el art\u00edculo 13 de los estatutos, el consejo controla la gesti\u00f3n de la asociaci\u00f3n y asegura la coherencia de las acciones realizadas. <\/span><\/p>\n<p class=\"tw-data-text tw-text-large XcVN5d tw-ta\" dir=\"ltr\" style=\"text-align: justify;\" data-placeholder=\"Traduction\"><span class=\"Y2IQFc\" lang=\"es\">Define la pol\u00edtica general de la asociaci\u00f3n y, en su caso, sus cargos p\u00fablicos. <\/span><\/p>\n<p class=\"tw-data-text tw-text-large XcVN5d tw-ta\" dir=\"ltr\" style=\"text-align: justify;\" data-placeholder=\"Traduction\"><strong><span class=\"Y2IQFc\" lang=\"es\">Art\u00edculo 6 &#8211; Operaci\u00f3n <\/span><\/strong><\/p>\n<p class=\"tw-data-text tw-text-large XcVN5d tw-ta\" dir=\"ltr\" style=\"text-align: justify;\" data-placeholder=\"Traduction\"><span class=\"Y2IQFc\" lang=\"es\">Los miembros de la junta presentes en la reuni\u00f3n podr\u00e1n tener como m\u00e1ximo un poder escrito, fechado y firmado. Este poder solo es v\u00e1lido para una reuni\u00f3n. <\/span><\/p>\n<p class=\"tw-data-text tw-text-large XcVN5d tw-ta\" dir=\"ltr\" style=\"text-align: justify;\" data-placeholder=\"Traduction\"><span class=\"Y2IQFc\" lang=\"es\">Si el presidente no puede asistir, el consejo lo preside el vicepresidente o si este \u00faltimo tampoco puede asistir otro miembro del consejo elegido de com\u00fan acuerdo entre los miembros presentes. <\/span><\/p>\n<p class=\"tw-data-text tw-text-large XcVN5d tw-ta\" dir=\"ltr\" style=\"text-align: justify;\" data-placeholder=\"Traduction\"><span class=\"Y2IQFc\" lang=\"es\">Cualquiera, sea o no miembro de la asociaci\u00f3n, podr\u00e1 ser admitido a las sesiones, que se considere oportuno para escuchar con el fin de informar las decisiones que se tomen a trav\u00e9s de sus dict\u00e1menes.<\/span><\/p>\n<p id=\"tw-target-text\" class=\"tw-data-text tw-text-large XcVN5d tw-ta\" dir=\"ltr\" data-placeholder=\"Traduction\"><strong><span class=\"Y2IQFc\" lang=\"es\">Art\u00edculo 7- Consejo<\/span><\/strong><\/p>\n<p class=\"tw-data-text tw-text-large XcVN5d tw-ta\" dir=\"ltr\" data-placeholder=\"Traduction\"><span class=\"Y2IQFc\" lang=\"es\">7.1 &#8211; Reuniones <\/span><\/p>\n<ul>\n<li class=\"tw-data-text tw-text-large XcVN5d tw-ta\" dir=\"ltr\" data-placeholder=\"Traduction\"><span class=\"Y2IQFc\" lang=\"es\">El Consejo se re\u00fane al menos 6 veces al a\u00f1o. Al final de cada reuni\u00f3n, los miembros presentes fijan colegialmente la fecha de la pr\u00f3xima reuni\u00f3n. <\/span><\/li>\n<li class=\"tw-data-text tw-text-large XcVN5d tw-ta\" dir=\"ltr\" data-placeholder=\"Traduction\"><span class=\"Y2IQFc\" lang=\"es\">Se elabora un informe al final de cada reuni\u00f3n y luego se env\u00eda a los miembros de la Junta por correo electr\u00f3nico. <\/span><\/li>\n<\/ul>\n<p class=\"tw-data-text tw-text-large XcVN5d tw-ta\" dir=\"ltr\" data-placeholder=\"Traduction\"><span class=\"Y2IQFc\" lang=\"es\">7.2- Misiones <\/span><\/p>\n<p class=\"tw-data-text tw-text-large XcVN5d tw-ta\" dir=\"ltr\" data-placeholder=\"Traduction\"><span class=\"Y2IQFc\" lang=\"es\">El prop\u00f3sito del consejo es: <\/span><\/p>\n<ul>\n<li class=\"tw-data-text tw-text-large XcVN5d tw-ta\" dir=\"ltr\" data-placeholder=\"Traduction\"><span class=\"Y2IQFc\" lang=\"es\">ejecutar o haber ejecutado las decisiones tomadas por la Asamblea General <\/span><\/li>\n<li class=\"tw-data-text tw-text-large XcVN5d tw-ta\" dir=\"ltr\" data-placeholder=\"Traduction\"><span class=\"Y2IQFc\" lang=\"es\">preparar agendas de reuniones y educar a los sujetos que se le sometan. <\/span><\/li>\n<li class=\"tw-data-text tw-text-large XcVN5d tw-ta\" dir=\"ltr\" data-placeholder=\"Traduction\"><span class=\"Y2IQFc\" lang=\"es\">realizar el seguimiento de la gesti\u00f3n y cerrar las cuentas anuales, elaborar el presupuesto provisional. <\/span><\/li>\n<li class=\"tw-data-text tw-text-large XcVN5d tw-ta\" dir=\"ltr\" data-placeholder=\"Traduction\"><span class=\"Y2IQFc\" lang=\"es\">dictaminar sobre cualquier asunto planteado por el presidente o uno de sus miembros. <\/span><\/li>\n<\/ul>\n<p class=\"tw-data-text tw-text-large XcVN5d tw-ta\" dir=\"ltr\" data-placeholder=\"Traduction\"><span class=\"Y2IQFc\" lang=\"es\"><strong>Art\u00edculo 8 &#8211; Indemnizaciones por reembolso de gastos<\/strong><\/span><\/p>\n<p class=\"tw-data-text tw-text-large XcVN5d tw-ta\" dir=\"ltr\" data-placeholder=\"Traduction\"><span class=\"Y2IQFc\" lang=\"es\"> Solo los miembros electos de la Junta pueden reclamar el reembolso de los gastos incurridos en el contexto de sus misiones y previa justificaci\u00f3n. Los importes m\u00e1ximos para el a\u00f1o 2019 que se pueden reembolsar se establecen de la siguiente manera: <\/span><\/p>\n<ul>\n<li class=\"tw-data-text tw-text-large XcVN5d tw-ta\" dir=\"ltr\" data-placeholder=\"Traduction\"><span class=\"Y2IQFc\" lang=\"es\">Asignaci\u00f3n de millas por el uso de su autom\u00f3vil personal (5CV y menos 0.25 Euros, 6 y 7 CV 0, 32 Euros, 8CV y m\u00e1s 0.35 Euros) <\/span><\/li>\n<li class=\"tw-data-text tw-text-large XcVN5d tw-ta\" dir=\"ltr\" data-placeholder=\"Traduction\"><span class=\"Y2IQFc\" lang=\"es\">Comida: 18,00 Euros <\/span><\/li>\n<li class=\"tw-data-text tw-text-large XcVN5d tw-ta\" dir=\"ltr\" data-placeholder=\"Traduction\"><span class=\"Y2IQFc\" lang=\"es\">Alojamiento con desayuno: 80 euros \/ d\u00eda <\/span><\/li>\n<li class=\"tw-data-text tw-text-large XcVN5d tw-ta\" dir=\"ltr\" data-placeholder=\"Traduction\"><span class=\"Y2IQFc\" lang=\"es\">Transporte p\u00fablico de segunda clase (tren, metro, autob\u00fas) costos reales en los documentos justificativos.<\/span><\/li>\n<\/ul>\n<p id=\"tw-target-text\" class=\"tw-data-text tw-text-large XcVN5d tw-ta\" dir=\"ltr\" data-placeholder=\"Traduction\"><strong><span class=\"Y2IQFc\" lang=\"es\">Art\u00edculo 9 &#8211; Junta general <\/span><\/strong><\/p>\n<p class=\"tw-data-text tw-text-large XcVN5d tw-ta\" dir=\"ltr\" style=\"text-align: justify;\" data-placeholder=\"Traduction\"><span class=\"Y2IQFc\" lang=\"es\">9.1- Reuniones, avisos <\/span><\/p>\n<p class=\"tw-data-text tw-text-large XcVN5d tw-ta\" dir=\"ltr\" style=\"text-align: justify;\" data-placeholder=\"Traduction\"><span class=\"Y2IQFc\" lang=\"es\">La Asamblea General Ordinaria incluye a todos los miembros de la asociaci\u00f3n en cualquier cargo que sean. Se re\u00fane todos los a\u00f1os al menos una vez a m\u00e1s tardar el 30 de junio. Los miembros de la asociaci\u00f3n son convocados por el presidente enviando una carta (por correo electr\u00f3nico) al menos 15 d\u00edas antes de la fecha fijada. La convocatoria fija los puntos del orden del d\u00eda. <\/span><\/p>\n<p class=\"tw-data-text tw-text-large XcVN5d tw-ta\" dir=\"ltr\" style=\"text-align: justify;\" data-placeholder=\"Traduction\"><span class=\"Y2IQFc\" lang=\"es\">Las decisiones se toman a mano alzada por mayor\u00eda de votos de los miembros presentes o representados. Todos los miembros de la asociaci\u00f3n tienen un voto. <\/span><\/p>\n<p class=\"tw-data-text tw-text-large XcVN5d tw-ta\" dir=\"ltr\" style=\"text-align: justify;\" data-placeholder=\"Traduction\"><span class=\"Y2IQFc\" lang=\"es\">9.-2\u2013 Procedimientos aplicables a las votaciones <\/span><\/p>\n<p class=\"tw-data-text tw-text-large XcVN5d tw-ta\" dir=\"ltr\" style=\"text-align: justify;\" data-placeholder=\"Traduction\"><span class=\"Y2IQFc\" lang=\"es\">Votos de los miembros presentes<\/span><\/p>\n<p class=\"tw-data-text tw-text-large XcVN5d tw-ta\" dir=\"ltr\" style=\"text-align: justify;\" data-placeholder=\"Traduction\"><span class=\"Y2IQFc\" lang=\"es\">Los miembros presentes votan a mano alzada. Sin embargo, el consejo o el 20% de los miembros presentes puede solicitar una votaci\u00f3n secreta. <\/span><\/p>\n<p class=\"tw-data-text tw-text-large XcVN5d tw-ta\" dir=\"ltr\" style=\"text-align: justify;\" data-placeholder=\"Traduction\"><span class=\"Y2IQFc\" lang=\"es\">Votos delegados <\/span><\/p>\n<p class=\"tw-data-text tw-text-large XcVN5d tw-ta\" dir=\"ltr\" style=\"text-align: justify;\" data-placeholder=\"Traduction\"><span class=\"Y2IQFc\" lang=\"es\">Si un miembro de la asociaci\u00f3n no puede asistir a una reuni\u00f3n en persona, puede ser representado (ver art\u00edculo 6) por un apoderado estableciendo en su nombre un apoderado debidamente cumplimentado y firmado. <\/span><\/p>\n<p class=\"tw-data-text tw-text-large XcVN5d tw-ta\" dir=\"ltr\" style=\"text-align: justify;\" data-placeholder=\"Traduction\"><strong><span class=\"Y2IQFc\" lang=\"es\">Art\u00edculo 10 &#8211; Modificaci\u00f3n del reglamento interno <\/span><\/strong><\/p>\n<p class=\"tw-data-text tw-text-large XcVN5d tw-ta\" dir=\"ltr\" style=\"text-align: justify;\" data-placeholder=\"Traduction\"><span class=\"Y2IQFc\" lang=\"es\">Los miembros del Consejo o el 10% de los miembros de la Asociaci\u00f3n pueden presentar al Consejo una solicitud de modificaci\u00f3n del reglamento interno. <\/span><\/p>\n<p class=\"tw-data-text tw-text-large XcVN5d tw-ta\" dir=\"ltr\" style=\"text-align: justify;\" data-placeholder=\"Traduction\"><span class=\"Y2IQFc\" lang=\"es\">Una vez que se aprueba el cambio, las nuevas reglas se env\u00edan electr\u00f3nicamente a todos los miembros. <\/span><\/p>\n<p class=\"tw-data-text tw-text-large XcVN5d tw-ta\" dir=\"ltr\" style=\"text-align: justify;\" data-placeholder=\"Traduction\"><strong><span class=\"Y2IQFc\" lang=\"es\">Art\u00edculo 11 &#8211; Responsabilidad civil <\/span><\/strong><\/p>\n<p class=\"tw-data-text tw-text-large XcVN5d tw-ta\" dir=\"ltr\" style=\"text-align: justify;\" data-placeholder=\"Traduction\"><span class=\"Y2IQFc\" lang=\"es\">La asociaci\u00f3n contrata un seguro de responsabilidad civil y protecci\u00f3n legal para cubrir sus actividades definidas en el art\u00edculo 2 de los estatutos en beneficio de sus voluntarios. <\/span><\/p>\n<p class=\"tw-data-text tw-text-large XcVN5d tw-ta\" dir=\"ltr\" style=\"text-align: justify;\" data-placeholder=\"Traduction\"><strong><span class=\"Y2IQFc\" lang=\"es\">Art\u00edculo 12 &#8211; Ejercicio financiero<\/span><\/strong><\/p>\n<p class=\"tw-data-text tw-text-large XcVN5d tw-ta\" dir=\"ltr\" style=\"text-align: justify;\" data-placeholder=\"Traduction\"><span class=\"Y2IQFc\" lang=\"es\">El a\u00f1o financiero comienza el 1 de enero y finaliza el 31 de diciembre de cada a\u00f1o. <\/span><\/p>\n<p class=\"tw-data-text tw-text-large XcVN5d tw-ta\" dir=\"ltr\" style=\"text-align: justify;\" data-placeholder=\"Traduction\"><span class=\"Y2IQFc\" lang=\"es\">Solli\u00e8s-Toucas el 3 de abril de 2019 <\/span><\/p>\n<p class=\"tw-data-text tw-text-large XcVN5d tw-ta\" dir=\"ltr\" style=\"text-align: justify;\" data-placeholder=\"Traduction\"><span class=\"Y2IQFc\" lang=\"es\">El presidente: Alain de Lespinois <\/span><\/p>\n<p class=\"tw-data-text tw-text-large XcVN5d tw-ta\" dir=\"ltr\" style=\"text-align: justify;\" data-placeholder=\"Traduction\"><span class=\"Y2IQFc\" lang=\"es\">La secretaria: Peggy legoff<\/span><\/p>\n<p style=\"text-align: justify;\">&nbsp;<\/p>\n","protected":false},"excerpt":{"rendered":"<p>Amigos del trabajo de Blasco Mentor Asociaci\u00f3n regida por la ley del 1 de julio de 1901 Declaraci\u00f3n a la Prefectura de Var Publicaci\u00f3n en el Diario Oficial de asociaciones n\u00famero 0025 de 23 de junio de 2018 N\u00famero de &hellip; <a href=\"https:\/\/blasco-mentor-solliestoucas.fr\/index.php\/es\/lassociation\/reglamento-interno\/\">Continuer la lecture <span class=\"meta-nav\">&rarr;<\/span><\/a><\/p>\n","protected":false},"author":2,"featured_media":0,"parent":1978,"menu_order":0,"comment_status":"closed","ping_status":"closed","template":"onecolumn-page.php","meta":{"ngg_post_thumbnail":0,"footnotes":""},"categories":[],"tags":[],"class_list":["post-3688","page","type-page","status-publish","hentry"],"lang":"es","translations":{"es":3688},"pll_sync_post":[],"_links":{"self":[{"href":"https:\/\/blasco-mentor-solliestoucas.fr\/index.php\/wp-json\/wp\/v2\/pages\/3688","targetHints":{"allow":["GET"]}}],"collection":[{"href":"https:\/\/blasco-mentor-solliestoucas.fr\/index.php\/wp-json\/wp\/v2\/pages"}],"about":[{"href":"https:\/\/blasco-mentor-solliestoucas.fr\/index.php\/wp-json\/wp\/v2\/types\/page"}],"author":[{"embeddable":true,"href":"https:\/\/blasco-mentor-solliestoucas.fr\/index.php\/wp-json\/wp\/v2\/users\/2"}],"replies":[{"embeddable":true,"href":"https:\/\/blasco-mentor-solliestoucas.fr\/index.php\/wp-json\/wp\/v2\/comments?post=3688"}],"version-history":[{"count":6,"href":"https:\/\/blasco-mentor-solliestoucas.fr\/index.php\/wp-json\/wp\/v2\/pages\/3688\/revisions"}],"predecessor-version":[{"id":3699,"href":"https:\/\/blasco-mentor-solliestoucas.fr\/index.php\/wp-json\/wp\/v2\/pages\/3688\/revisions\/3699"}],"up":[{"embeddable":true,"href":"https:\/\/blasco-mentor-solliestoucas.fr\/index.php\/wp-json\/wp\/v2\/pages\/1978"}],"wp:attachment":[{"href":"https:\/\/blasco-mentor-solliestoucas.fr\/index.php\/wp-json\/wp\/v2\/media?parent=3688"}],"wp:term":[{"taxonomy":"category","embeddable":true,"href":"https:\/\/blasco-mentor-solliestoucas.fr\/index.php\/wp-json\/wp\/v2\/categories?post=3688"},{"taxonomy":"post_tag","embeddable":true,"href":"https:\/\/blasco-mentor-solliestoucas.fr\/index.php\/wp-json\/wp\/v2\/tags?post=3688"}],"curies":[{"name":"wp","href":"https:\/\/api.w.org\/{rel}","templated":true}]}}