{"id":3714,"date":"2018-12-10T05:28:38","date_gmt":"2018-12-10T04:28:38","guid":{"rendered":"https:\/\/blasco-mentor-solliestoucas.fr\/?page_id=3714"},"modified":"2021-09-22T15:56:11","modified_gmt":"2021-09-22T13:56:11","slug":"biografia","status":"publish","type":"page","link":"https:\/\/blasco-mentor-solliestoucas.fr\/index.php\/es\/biografia\/","title":{"rendered":"Biografia"},"content":{"rendered":"\n<div class=\"wp-block-image is-style-rounded\"><figure class=\"aligncenter size-medium\"><img loading=\"lazy\" decoding=\"async\" width=\"201\" height=\"300\" src=\"http:\/\/blasco-mentor-solliestoucas.fr\/wp-content\/uploads\/2020\/11\/mentor-201x300.jpg\" alt=\"\" class=\"wp-image-3121\" srcset=\"https:\/\/blasco-mentor-solliestoucas.fr\/wp-content\/uploads\/2020\/11\/mentor-201x300.jpg 201w, https:\/\/blasco-mentor-solliestoucas.fr\/wp-content\/uploads\/2020\/11\/mentor.jpg 653w\" sizes=\"auto, (max-width: 201px) 100vw, 201px\" \/><\/figure><\/div>\n\n\n<p><img loading=\"lazy\" decoding=\"async\" class=\"wp-image-2366 alignright\" src=\"http:\/\/blasco-mentor-solliestoucas.fr\/wp-content\/uploads\/2018\/12\/002MENTOR410x600-205x300.jpg\" alt=\"\" width=\"272\" height=\"399\" srcset=\"https:\/\/blasco-mentor-solliestoucas.fr\/wp-content\/uploads\/2018\/12\/002MENTOR410x600-205x300.jpg 205w, https:\/\/blasco-mentor-solliestoucas.fr\/wp-content\/uploads\/2018\/12\/002MENTOR410x600-41x60.jpg 41w, https:\/\/blasco-mentor-solliestoucas.fr\/wp-content\/uploads\/2018\/12\/002MENTOR410x600.jpg 410w\" sizes=\"auto, (max-width: 272px) 100vw, 272px\" \/><\/p>\n<p id=\"tw-target-text\" class=\"tw-data-text tw-text-large XcVN5d tw-ta\" dir=\"ltr\" style=\"text-align: justify;\" data-placeholder=\"Traduction\"><span class=\"Y2IQFc\" lang=\"es\"><strong>14 de noviembre de 1919<\/strong>: Nacimiento de Blasco Mentor en Barcelona. Estudi\u00f3 pintura en la Escuela de Bellas Artes de Barcelona. <\/span><\/p>\n<p class=\"tw-data-text tw-text-large XcVN5d tw-ta\" dir=\"ltr\" style=\"text-align: justify;\" data-placeholder=\"Traduction\"><span class=\"Y2IQFc\" lang=\"es\"><strong>1933 y 1934<\/strong>: Mentor obtiene la medalla de plata de la Escuela de Bellas Artes, premio tambi\u00e9n obtenido por Pablo Picasso y Antoni Clav\u00e9. <\/span><\/p>\n<p class=\"tw-data-text tw-text-large XcVN5d tw-ta\" dir=\"ltr\" style=\"text-align: justify;\" data-placeholder=\"Traduction\"><span class=\"Y2IQFc\" lang=\"es\"><strong>De 1936 a 1939<\/strong> Mentor se alist\u00f3 en los ej\u00e9rcitos republicanos espa\u00f1oles. <\/span><\/p>\n<p class=\"tw-data-text tw-text-large XcVN5d tw-ta\" dir=\"ltr\" style=\"text-align: justify;\" data-placeholder=\"Traduction\"><span class=\"Y2IQFc\" lang=\"es\"><strong>1939<\/strong>: Condenado a muerte por el franquismo, abandona Espa\u00f1a y se refugia en Francia. All\u00ed conoci\u00f3 a otra refugiada espa\u00f1ola, Neige, y se instal\u00f3 con ella en Solli\u00e8s-Toucas en el Var. Ella se convertir\u00e1 en su compa\u00f1era y musa y compartir\u00e1n su vida entre el taller parisino (ahora desaparecido) del impasse de la Granges -aux -Belles, y la construcci\u00f3n de la casa-taller \u00ab\u00a0Casa Nieves\u00a0\u00bb en las alturas. el pueblo de Solli\u00e8s-Toucas. <\/span><\/p>\n<p class=\"tw-data-text tw-text-large XcVN5d tw-ta\" dir=\"ltr\" style=\"text-align: justify;\" data-placeholder=\"Traduction\"><span class=\"Y2IQFc\" lang=\"es\">Desde el final de la guerra, la notoriedad de Mentor creci\u00f3 y se convirti\u00f3 en una figura clave en la escuela de Par\u00eds al participar en numerosas exposiciones en galer\u00edas y ferias de arte.<\/span><\/p>\n<p id=\"tw-target-text\" class=\"tw-data-text tw-text-large XcVN5d tw-ta\" dir=\"ltr\" data-placeholder=\"Traduction\"><span class=\"Y2IQFc\" lang=\"es\"><strong>1953<\/strong>: obtiene en Par\u00eds, el premio de dibujo y el premio de la cr\u00edtica. <\/span><\/p>\n<p class=\"tw-data-text tw-text-large XcVN5d tw-ta\" dir=\"ltr\" style=\"text-align: justify;\" data-placeholder=\"Traduction\"><span class=\"Y2IQFc\" lang=\"es\"><strong>1966<\/strong>: toda su obra es coronada con el prestigioso \u00ab\u00a0Grand Prix des Peintres T\u00e9moins de leur Temps\u00a0\u00bb. <\/span><\/p>\n<p class=\"tw-data-text tw-text-large XcVN5d tw-ta\" dir=\"ltr\" style=\"text-align: justify;\" data-placeholder=\"Traduction\"><span class=\"Y2IQFc\" lang=\"es\"><strong>1968<\/strong>: Es nombrado \u00ab\u00a0fuera de concurso\u00a0\u00bb en el Premio de la Cr\u00edtica con menci\u00f3n especial otorgada por unanimidad por la realizaci\u00f3n de un mural de 400 M2 en el centro juvenil \u00ab\u00a0Guy Moquet\u00a0\u00bb de La Courneuve (93) sobre el tema de la conquista <\/span><span class=\"Y2IQFc\" lang=\"es\">de felicidad. <\/span><\/p>\n<p class=\"tw-data-text tw-text-large XcVN5d tw-ta\" dir=\"ltr\" style=\"text-align: justify;\" data-placeholder=\"Traduction\"><span class=\"Y2IQFc\" lang=\"es\">Ese mismo a\u00f1o, la ciudad de Saint Denis (93) adquiri\u00f3 su obra de 3 x 3 m \u00ab\u00a0Bombardeo en Vietnam\u00a0\u00bb, que el pintor hab\u00eda presentado en el \u00ab\u00a0Salon des Peintres T\u00e9moins de leur Temps\u00a0\u00bb. Se convertir\u00e1 en una pieza importante del Museo de Arte e Historia de la ciudad. <\/span><\/p>\n<p class=\"tw-data-text tw-text-large XcVN5d tw-ta\" dir=\"ltr\" style=\"text-align: justify;\" data-placeholder=\"Traduction\"><span class=\"Y2IQFc\" lang=\"es\"><strong>1974<\/strong>: Mentor inaugura el centro internacional de arte Artcurial en Par\u00eds. <\/span><\/p>\n<p class=\"tw-data-text tw-text-large XcVN5d tw-ta\" dir=\"ltr\" style=\"text-align: justify;\" data-placeholder=\"Traduction\"><span class=\"Y2IQFc\" lang=\"es\"><strong>1976<\/strong>: Recibe el sello de la ciudad de Mil\u00e1n por la realizaci\u00f3n de un fresco de 250 M2 \u00ab\u00a0Mercurio y abundancia\u00a0\u00bb en el Palacio de Castiglione para la uni\u00f3n de Turismo y Trabajo de Mil\u00e1n: es el fresco m\u00e1s grande de Europa en el momento de su realizaci\u00f3n. <\/span><\/p>\n<p class=\"tw-data-text tw-text-large XcVN5d tw-ta\" dir=\"ltr\" style=\"text-align: justify;\" data-placeholder=\"Traduction\"><span class=\"Y2IQFc\" lang=\"es\"><strong>Desde 1977<\/strong>, el trabajo de Mentor ha estado presente en todo el mundo. Las exposiciones tienen lugar en Francia, pero tambi\u00e9n en Italia, Espa\u00f1a, Costa de Marfil y Jap\u00f3n. 1987: Mentor es nombrado Chevalier des Arts et Lettres. <\/span><\/p>\n<p class=\"tw-data-text tw-text-large XcVN5d tw-ta\" dir=\"ltr\" style=\"text-align: justify;\" data-placeholder=\"Traduction\"><span class=\"Y2IQFc\" lang=\"es\"><strong>1990<\/strong>: El Ministro de Cultura Jack Lang le entrega el Premio de Arte del Cartel por su exposici\u00f3n \u00ab\u00a0les concertistes\u00a0\u00bb en la Galerie Guign\u00e9 de Par\u00eds.<\/span><\/p>\n<p id=\"tw-target-text\" class=\"tw-data-text tw-text-large XcVN5d tw-ta\" dir=\"ltr\" data-placeholder=\"Traduction\"><span class=\"Y2IQFc\" lang=\"es\">2000: Blasco Mentor y Neige donan su casa-taller, una verdadera creaci\u00f3n art\u00edstica, y una gran colecci\u00f3n de obras al pueblo de Solli\u00e8s-Toucas.<\/span><\/p>\n<p class=\"tw-data-text tw-text-large XcVN5d tw-ta\" dir=\"ltr\" data-placeholder=\"Traduction\"><span class=\"Y2IQFc\" lang=\"es\"><strong>2003<\/strong>: Fallece Blasco Mentor a los 83 a\u00f1os. <\/span><\/p>\n<p class=\"tw-data-text tw-text-large XcVN5d tw-ta\" dir=\"ltr\" data-placeholder=\"Traduction\"><span class=\"Y2IQFc\" lang=\"es\"><strong>2007<\/strong>: A la muerte de su esposa Snow, un legado p\u00f3stumo completa la dotaci\u00f3n Mentor con una colecci\u00f3n excepcional de m\u00e1s de 450 obras; pinturas, esculturas, dibujos, obras de arte &#8230; <\/span><\/p>\n<p class=\"tw-data-text tw-text-large XcVN5d tw-ta\" dir=\"ltr\" data-placeholder=\"Traduction\"><span class=\"Y2IQFc\" lang=\"es\"><strong>2011<\/strong>: Creaci\u00f3n del fondo de dotaci\u00f3n \u00ab\u00a0Univers Mentor\u00a0\u00bb para promover el trabajo de Mentor.<\/span><\/p>\n<p id=\"tw-target-text\" class=\"tw-data-text tw-text-large XcVN5d tw-ta\" dir=\"ltr\" style=\"text-align: justify;\" data-placeholder=\"Traduction\"><strong><span class=\"Y2IQFc\" lang=\"es\">Mentor, un destino, un compromiso, una vida dedicada al arte<\/span><\/strong><\/p>\n<p class=\"tw-data-text tw-text-large XcVN5d tw-ta\" dir=\"ltr\" style=\"text-align: justify;\" data-placeholder=\"Traduction\"><span class=\"Y2IQFc\" lang=\"es\">Blasco Mentor, medallista de plata de Bellas Artes de Barcelona de 15 a\u00f1os, fue muy talentoso en la pintura a una edad temprana. Como Picasso, otro catal\u00e1n c\u00e9lebre, inici\u00f3 un viaje notable y prometedor y podr\u00eda haber conocido la misma notoriedad: el destino hab\u00eda decidido lo contrario &#8230; <\/span><\/p>\n<p class=\"tw-data-text tw-text-large XcVN5d tw-ta\" dir=\"ltr\" style=\"text-align: justify;\" data-placeholder=\"Traduction\"><span class=\"Y2IQFc\" lang=\"es\">A lo largo de su vida, Blasco Mentor siempre ha sido un artista comprometido. A los 19 a\u00f1os fue condenado en rebeld\u00eda por el r\u00e9gimen francista, habiendo movilizado a las tropas republicanas en la lucha contra la dictadura. Debe huir de Espa\u00f1a, cruzar los Pirineos ilegalmente y unirse a la afluencia de refugiados espa\u00f1oles en Francia. <\/span><\/p>\n<p class=\"tw-data-text tw-text-large XcVN5d tw-ta\" dir=\"ltr\" style=\"text-align: justify;\" data-placeholder=\"Traduction\"><span class=\"Y2IQFc\" lang=\"es\">En el campo de internamiento de Gurs experimenta fr\u00edo, hambre y enfermedades. Oculto, se uni\u00f3 al sur de Francia, donde un peque\u00f1o pueblo recibi\u00f3 a refugiados espa\u00f1oles. Este peque\u00f1o pueblo es Solli\u00e8s-Toucas, y es en este entorno de verdes colinas atravesado por el r\u00edo Gapeau donde su vida dar\u00e1 un giro decisivo. Neige, un refugiado espa\u00f1ol como \u00e9l, lo acoger\u00e1, lo cuidar\u00e1 y se convertir\u00e1 en su musa y su compa\u00f1era de toda la vida. Juntos atravesar\u00e1n tiempos dif\u00edciles porque al artista le falta mucho dinero en estos comienzos. Juntos se comprometer\u00e1n con la resistencia, juntos de nuevo desarrollar\u00e1n el proyecto de una extraordinaria casa-taller que, d\u00eda a d\u00eda, piedra tras piedra se convertir\u00e1 en el testimonio \u00fanico de su amor y de la imaginaci\u00f3n del artista.<\/span><\/p>\n<p id=\"tw-target-text\" class=\"tw-data-text tw-text-large XcVN5d tw-ta\" dir=\"ltr\" style=\"text-align: justify;\" data-placeholder=\"Traduction\"><span class=\"Y2IQFc\" lang=\"es\">El mundo que Mentor ha creado, lleno de quimeras, m\u00fasica, jardines maravillosos, musas inaccesibles y sensuales, p\u00e1jaros parodiados, toma forma en casa Nieves: la casa de las Nieves. Con la creciente notoriedad del artista, que ahora divide su tiempo entre su estudio parisino y su refugio Toucassin, las exposiciones y encargos est\u00e1n llegando y el proyecto ha crecido; el jard\u00edn se llena de esculturas (otro \u201centretenimiento\u201d para Mentor), se est\u00e1n construyendo los talleres. Ahora es un artista consumado y reconocido que se refugia en su maravilloso jard\u00edn para imaginar, pintar y dibujar m\u00fasicos, musas, escenas taurinas, circos, paisajes coloridos y muchos otros temas.<\/span><\/p>\n<p class=\"tw-data-text tw-text-large XcVN5d tw-ta\" dir=\"ltr\" style=\"text-align: justify;\" data-placeholder=\"Traduction\"><span class=\"Y2IQFc\" lang=\"es\">A pesar de la adversidad y los caprichos de la historia, el talento de Blasco Mentor siempre le ha permitido trascender las dificultades con una paleta atrevida, un dise\u00f1o seguro y una imaginaci\u00f3n ilimitada. Siempre inventivo y en constante investigaci\u00f3n, su obra, no obstante, descansa sobre bases s\u00f3lidas, antiguas y de gran tradici\u00f3n espa\u00f1ola. Es esta mezcla de fuerza y \u200b\u200bsensibilidad la que nos conmueve y conserva toda su modernidad en su obra. Despu\u00e9s de su muerte, su obra cay\u00f3 gradualmente en el olvido. Pero depende de nosotros darle vida de nuevo y, a trav\u00e9s de nuestros ojos, vuelve a encantar nuestras vidas.<\/span><\/p>\n<p id=\"tw-target-text\" class=\"tw-data-text tw-text-large XcVN5d tw-ta\" dir=\"ltr\" style=\"text-align: justify;\" data-placeholder=\"Traduction\"><span class=\"Y2IQFc\" lang=\"es\">En 2000 y 2007 dos legados dotaron al Ayuntamiento de Solli\u00e8s-Toucas de la finca \u00ab\u00a0la casa Nieves\u00a0\u00bb con los muebles, objetos y archivos que contiene, as\u00ed como un conjunto de m\u00e1s de 450 obras (pinturas, dibujos, esculturas). , litograf\u00edas, obras de arte &#8230;) <\/span><\/p>\n<p class=\"tw-data-text tw-text-large XcVN5d tw-ta\" dir=\"ltr\" style=\"text-align: justify;\" data-placeholder=\"Traduction\"><span class=\"Y2IQFc\" lang=\"es\">El fondo de dotaci\u00f3n \u201cunivers Mentor\u201d (creado en 2011), el municipio de Solli\u00e8s-Toucas y la asociaci\u00f3n \u201clos amigos de la obra de Blasco Mentor\u201d (creada en 2018), trabajan ahora para promover la obra. restauraci\u00f3n de la casa Nieves y proyecto de futuro museo en la localidad. Para \u00ab\u00a0<strong>los amigos de la obra de Blasco Mentor<\/strong>\u00a0\u00bb <\/span><\/p>\n<p class=\"tw-data-text tw-text-large XcVN5d tw-ta\" dir=\"ltr\" data-placeholder=\"Traduction\"><strong><span class=\"Y2IQFc\" lang=\"es\">Paule Forner <\/span><\/strong><\/p>\n<p class=\"tw-data-text tw-text-large XcVN5d tw-ta\" dir=\"ltr\" data-placeholder=\"Traduction\"><span class=\"Y2IQFc\" lang=\"es\">2 de noviembre de 2020<\/span><\/p>\n<p>&nbsp;<\/p>\n<p style=\"text-align: center;\">&#8212;&#8212;&#8212;&#8212;&#8212;&#8212;&#8212;&#8212;&#8212;&#8212;&#8212;&#8212;&#8212;&#8212;&#8212;&#8212;&#8212;&#8212;&#8212;&#8212;&#8212;&#8212;&#8212;&#8212;&#8212;&#8212;&#8212;&#8212;&#8212;&#8212;&#8212;&#8212;&#8212;&#8212;&#8211;<\/p>\n<p>&nbsp;<\/p>\n<h2 style=\"text-align: center;\"><strong>La Casa Nieves<\/strong><\/h2>\n\n\nngg_shortcode_0_placeholder\n\n\n\n\n","protected":false},"excerpt":{"rendered":"<p>14 de noviembre de 1919: Nacimiento de Blasco Mentor en Barcelona. Estudi\u00f3 pintura en la Escuela de Bellas Artes de Barcelona. 1933 y 1934: Mentor obtiene la medalla de plata de la Escuela de Bellas Artes, premio tambi\u00e9n obtenido por &hellip; <a href=\"https:\/\/blasco-mentor-solliestoucas.fr\/index.php\/es\/biografia\/\">Continuer la lecture <span class=\"meta-nav\">&rarr;<\/span><\/a><\/p>\n","protected":false},"author":2,"featured_media":0,"parent":0,"menu_order":0,"comment_status":"closed","ping_status":"closed","template":"onecolumn-page.php","meta":{"ngg_post_thumbnail":0,"footnotes":""},"categories":[],"tags":[],"class_list":["post-3714","page","type-page","status-publish","hentry"],"lang":"es","translations":{"es":3714},"pll_sync_post":[],"_links":{"self":[{"href":"https:\/\/blasco-mentor-solliestoucas.fr\/index.php\/wp-json\/wp\/v2\/pages\/3714","targetHints":{"allow":["GET"]}}],"collection":[{"href":"https:\/\/blasco-mentor-solliestoucas.fr\/index.php\/wp-json\/wp\/v2\/pages"}],"about":[{"href":"https:\/\/blasco-mentor-solliestoucas.fr\/index.php\/wp-json\/wp\/v2\/types\/page"}],"author":[{"embeddable":true,"href":"https:\/\/blasco-mentor-solliestoucas.fr\/index.php\/wp-json\/wp\/v2\/users\/2"}],"replies":[{"embeddable":true,"href":"https:\/\/blasco-mentor-solliestoucas.fr\/index.php\/wp-json\/wp\/v2\/comments?post=3714"}],"version-history":[{"count":5,"href":"https:\/\/blasco-mentor-solliestoucas.fr\/index.php\/wp-json\/wp\/v2\/pages\/3714\/revisions"}],"predecessor-version":[{"id":3723,"href":"https:\/\/blasco-mentor-solliestoucas.fr\/index.php\/wp-json\/wp\/v2\/pages\/3714\/revisions\/3723"}],"wp:attachment":[{"href":"https:\/\/blasco-mentor-solliestoucas.fr\/index.php\/wp-json\/wp\/v2\/media?parent=3714"}],"wp:term":[{"taxonomy":"category","embeddable":true,"href":"https:\/\/blasco-mentor-solliestoucas.fr\/index.php\/wp-json\/wp\/v2\/categories?post=3714"},{"taxonomy":"post_tag","embeddable":true,"href":"https:\/\/blasco-mentor-solliestoucas.fr\/index.php\/wp-json\/wp\/v2\/tags?post=3714"}],"curies":[{"name":"wp","href":"https:\/\/api.w.org\/{rel}","templated":true}]}}