{"id":3872,"date":"2020-10-15T18:29:44","date_gmt":"2020-10-15T16:29:44","guid":{"rendered":"https:\/\/blasco-mentor-solliestoucas.fr\/?page_id=3872"},"modified":"2024-01-24T18:50:18","modified_gmt":"2024-01-24T17:50:18","slug":"mentor-y-el-mercado-arte","status":"publish","type":"page","link":"https:\/\/blasco-mentor-solliestoucas.fr\/index.php\/es\/mentor-y-el-mercado-arte\/","title":{"rendered":"Mentor y el mercado Arte"},"content":{"rendered":"<h2 style=\"text-align: center;\"><strong>Trabajos de Mentor en 2023<\/strong><\/h2>\n<p><strong>&nbsp;<\/strong>El a\u00f1o 2023 ha terminado. A continuaci\u00f3n, un vistazo a las ventas del artista.<\/p>\n<p><strong>&nbsp;<\/strong><strong>Cuadros <\/strong><\/p>\n<p>En 2023 se vendieron 15 o 17 cuadros (de los 17 ofertados).<\/p>\n<p>La mayor\u00eda de las pinturas eran de peque\u00f1o formato (36-38 cm \u2013 44 \u2013 55cm) y se vend\u00edan entre 400 y 700 euros.<\/p>\n<p>&nbsp;Inclu\u00edan 5 paisajes, 3 ramos de flores, 2 circos, 1 peque\u00f1o cuadro que data de 1956 y 6 miscel\u00e1neos.<\/p>\n<p>Algunas pinturas medianas (50-60 cm \u201360-73 cm) se vendieron por m\u00e1s o menos 900 euros.<\/p>\n<p>A finales de diciembre de 2023, dos \u00f3leos sobre lienzo se vend\u00edan a 1400 \u20ac (65 x 80 cm) y 3200 \u20ac (81 x 100 cm), sin gastos (que ahora ascienden a casi el 30%), por un desnudo rosa en el sof\u00e1 y un cuadro llamado \u00ab\u00a0curiosidad\u00a0\u00bb.<\/p>\n<p><strong>Dibujos<\/strong><\/p>\n<p>Se vendieron 9 dibujos, de peque\u00f1o tama\u00f1o, en l\u00e1piz graso y en pastel o acuarela sobre papel. Los precios eran modestos, de 200 a 400 euros.<\/p>\n<p><strong>Lithographies<\/strong><\/p>\n<p>Se vendieron 3 litograf\u00edas peque\u00f1as por menos de 30 \u20ac<\/p>\n<p>No <strong>se vendieron<\/strong> esculturas.<\/p>\n<p><strong>Daniel Simonin&nbsp;&nbsp;&nbsp;&nbsp;&nbsp;&nbsp;&nbsp;&nbsp;&nbsp; <\/strong>22 de enero de 2024<\/p>\n<hr>\n<p id=\"tw-target-text\" class=\"tw-data-text tw-text-large tw-ta\" dir=\"ltr\" style=\"text-align: center;\" data-placeholder=\"Traduction\"><strong><span class=\"Y2IQFc\" lang=\"es\">Trabajos del mentor en 2022<\/span><\/strong><\/p>\n<p id=\"tw-target-text\" class=\"tw-data-text tw-text-large tw-ta\" dir=\"ltr\" style=\"text-align: justify;\" data-placeholder=\"Traduction\"><span class=\"Y2IQFc\" lang=\"es\">\u00a1El a\u00f1o 2022 ha sido mejor que los dos a\u00f1os anteriores! La m\u00e1s importante es que se subastaron diecis\u00e9is cuadros y s\u00f3lo dos no se vendieron. En la subasta de Rennes se vendieron tres cuadros en julio, \u00a1pero el comprador no los pag\u00f3! se vendieron en diciembre pero a un precio m\u00e1s bajo (1300, 1650, 2700 \u20ac, es decir, un <strong>20%<\/strong> menos). Los cuadros representan en su mayor\u00eda desnudos, otros un ramo de flores, un palacio de los dux, dos picadores, un cordero pascual y un peque\u00f1o cuadro fechado en 1957, \u00ab\u00a0Jinetes en la fuente\u00a0\u00bb, vendido en Avignon. El tama\u00f1o de los cuadros es importante, el precio de los cuadros peque\u00f1os suele ser inferior a 1000 \u20ac. El precio de las subastas debe incrementarse en al menos un 25%, la comisi\u00f3n del subastador. Se vendi\u00f3 un peque\u00f1o bronce, otro no, se vendi\u00f3 un pastel, dos litograf\u00edas tambi\u00e9n, otras 2 no. Las ventas se realizan en Francia, solo se ofreci\u00f3 una pintura y un peque\u00f1o bronce en Italia y Alemania, pero no se vendieron. Listo ! \u00a1Esperamos que 2023 sea a\u00fan m\u00e1s favorable para las ventas de Mentor!<\/span><\/p>\n\n\n<hr class=\"wp-block-separator has-text-color has-black-color has-alpha-channel-opacity has-black-background-color has-background is-style-wide\"\/>\n\n\n\n<p id=\"tw-target-text\" class=\"tw-data-text tw-text-large XcVN5d tw-ta\" dir=\"ltr\" style=\"text-align: center;\" data-placeholder=\"Traduction\"><strong><span class=\"Y2IQFc\" lang=\"es\">Mentor y subastas<\/span><\/strong><\/p>\n<p class=\"tw-data-text tw-text-large XcVN5d tw-ta\" dir=\"ltr\" data-placeholder=\"Traduction\"><span class=\"Y2IQFc\" lang=\"es\">\u00a1El a\u00f1o 2020 ha terminado! <\/span><\/p>\n<p class=\"tw-data-text tw-text-large XcVN5d tw-ta\" dir=\"ltr\" style=\"text-align: justify;\" data-placeholder=\"Traduction\"><span class=\"Y2IQFc\" lang=\"es\">Se ofrecieron a subasta nueve obras de Blasco Mentor: seis se vendieron, tres no se vendieron, eran paisajes. Las obras vendidas fueron dos, jarrones, uno el Foro de Roma, un bodeg\u00f3n y dos cuadros m\u00e1s caracter\u00edsticos de la obra de Mentor: \u201cle grand Saut et l&rsquo;Ecuyer\u201d y \u201cBouton de rose\u201d. \u00ab\u00a0. Todas las ventas se realizaron en Francia, excepto una en Suiza. Los precios de venta de Hammerhead estaban todos por debajo de $ 1,000, pero estos eran tama\u00f1os peque\u00f1os, excepto el \u00ab\u00a0Rosebud\u00a0\u00bb, que obtuvo un precio justo de $ 4,500. <\/span><\/p>\n<p class=\"tw-data-text tw-text-large XcVN5d tw-ta\" dir=\"ltr\" style=\"text-align: justify;\" data-placeholder=\"Traduction\"><span class=\"Y2IQFc\" lang=\"es\">\u00a1Esperamos que el a\u00f1o 2021 nos depare buenas sorpresas y grandes rebajas! <\/span><\/p>\n<p class=\"tw-data-text tw-text-large XcVN5d tw-ta\" dir=\"ltr\" style=\"text-align: justify;\" data-placeholder=\"Traduction\"><span class=\"Y2IQFc\" lang=\"es\">Daniel Simonin Amante de las artes <\/span><\/p>\n<p class=\"tw-data-text tw-text-large XcVN5d tw-ta\" dir=\"ltr\" style=\"text-align: justify;\" data-placeholder=\"Traduction\"><span class=\"Y2IQFc\" lang=\"es\">11 de enero de 2021<\/span><\/p>\n\n\n\n<hr class=\"wp-block-separator has-text-color has-black-color has-css-opacity has-black-background-color has-background aligncenter is-style-wide\"\/>\n\n\n\n<p style=\"text-align: justify;\"><a href=\"http:\/\/blasco-mentor-solliestoucas.fr\/wp-content\/uploads\/2018\/11\/logo.png\"><img loading=\"lazy\" decoding=\"async\" class=\"size-full wp-image-21 alignleft\" src=\"http:\/\/blasco-mentor-solliestoucas.fr\/wp-content\/uploads\/2018\/11\/logo.png\" alt=\"\" width=\"114\" height=\"114\" srcset=\"https:\/\/blasco-mentor-solliestoucas.fr\/wp-content\/uploads\/2018\/11\/logo.png 114w, https:\/\/blasco-mentor-solliestoucas.fr\/wp-content\/uploads\/2018\/11\/logo-60x60.png 60w\" sizes=\"auto, (max-width: 114px) 100vw, 114px\" \/><\/a><span class=\"Y2IQFc\" lang=\"es\">Las obras de Mentor rara vez aparecen en subastas, su lugar durante veinte a\u00f1os ha fluctuado entre el 4-5.000 y el 25-30.000 dependiendo del a\u00f1o, teniendo en cuenta la facturaci\u00f3n lograda durante las ventas y en relaci\u00f3n con el n\u00famero de artistas conocidos en subastas. <\/span><\/p>\n<p style=\"text-align: justify;\"><span class=\"Y2IQFc\" lang=\"es\">Mentor es un artista \u00ab\u00a0franc\u00e9s\u00a0\u00bb: \u00a1el 94% de las obras de Mentor se han subastado durante los \u00faltimos 10 a\u00f1os en Francia! <\/span><\/p>\n<p style=\"text-align: justify;\"><span class=\"Y2IQFc\" lang=\"es\">Su precio se ha estancado en los \u00faltimos a\u00f1os y ning\u00fan cuadro ha generado una suma significativa, el precio medio de las obras se situaba entre los 1.000 y los 5.000 \u20ac mientras que el r\u00e9cord es sin duda el cuadro titulado \u00ab\u00a0La imprenta\u00a0\u00bb que data de 1959 y que se vendi\u00f3 en 1991 por m\u00e1s de 45.000 \u20ac sin gastos! Cabe recordar que en la d\u00e9cada de 1990 la Galerie Guign\u00e9 vend\u00eda cuadros grandes y hermosos por un precio de alrededor de 30.000 euros.<\/span><\/p>\n<p id=\"tw-target-text\" class=\"tw-data-text tw-text-large XcVN5d tw-ta\" dir=\"ltr\" style=\"text-align: justify;\" data-placeholder=\"Traduction\"><span class=\"Y2IQFc\" lang=\"es\">La distribuci\u00f3n de las ventas en los \u00faltimos a\u00f1os es del 65% para pinturas, 20% para dibujos &#8211; acuarelas y 15% para esculturas y grabados. <\/span><\/p>\n<p class=\"tw-data-text tw-text-large XcVN5d tw-ta\" dir=\"ltr\" style=\"text-align: justify;\" data-placeholder=\"Traduction\"><span class=\"Y2IQFc\" lang=\"es\">En 2019 la facturaci\u00f3n alcanzada en subasta fue de 28.340 \u20ac por 17 lotes vendidos, solo el 10% de los lotes presentados no encontraron compradores <\/span><\/p>\n<p class=\"tw-data-text tw-text-large XcVN5d tw-ta\" dir=\"ltr\" style=\"text-align: justify;\" data-placeholder=\"Traduction\"><span class=\"Y2IQFc\" lang=\"es\">Entre las ventas de pinturas en 2019 hubo 5 ramos de flores de 14 lotes, de los cuales solo uno no se vendi\u00f3. El cuadro \u00ab\u00a0Impossible Amour\u00a0\u00bb (113 x 165 cm) se vendi\u00f3 en Clermont Ferrand por 7.500 \u20ac sin cargo, lo que no es caro, pero no hubo publicidad para esta venta. Un cuadro \u00ab\u00a0Cavaliers &#8211; La Parade\u00a0\u00bb se vendi\u00f3 en Versalles por 5.000 \u20ac sin costo. Podemos estimar que las ventas en provincias son menos seguidas que las ventas \u201cparisinas\u201d, por lo que su precio es menor. <\/span><\/p>\n<p class=\"tw-data-text tw-text-large XcVN5d tw-ta\" dir=\"ltr\" style=\"text-align: justify;\" data-placeholder=\"Traduction\"><span class=\"Y2IQFc\" lang=\"es\">En 2019 se vendieron dos esculturas: una \u201cSphynge\u201d y una \u201cCabeza de carnero\u201d, respectivamente por 3.000 \u20ac y 3.500 \u20ac sin comisiones.<\/span><\/p>\n<p class=\"tw-data-text tw-text-large XcVN5d tw-ta\" dir=\"ltr\" style=\"text-align: justify;\" data-placeholder=\"Traduction\"><span class=\"Y2IQFc\" lang=\"es\">En 2020, debido a circunstancias sanitarias, hasta la fecha solo se ha realizado 1 venta (de 2 lotes presentados) de pinturas y ninguna venta de esculturas. 15 de octubre de 2020 Daniel Simonin &#8211; Amante del arte<\/span><\/p>\n<p id=\"tw-target-text\" class=\"tw-data-text tw-text-large XcVN5d tw-ta\" dir=\"ltr\" data-placeholder=\"Traduction\"><span class=\"Y2IQFc\" lang=\"es\">15 de octubre de 2020 <\/span><\/p>\n<p class=\"tw-data-text tw-text-large XcVN5d tw-ta\" dir=\"ltr\" data-placeholder=\"Traduction\"><span class=\"Y2IQFc\" lang=\"es\">Daniel Simonin &#8211; Amante del arte<\/span><\/p>\n\n\n","protected":false},"excerpt":{"rendered":"<p>Trabajos de Mentor en 2023 &nbsp;El a\u00f1o 2023 ha terminado. A continuaci\u00f3n, un vistazo a las ventas del artista. &nbsp;Cuadros En 2023 se vendieron 15 o 17 cuadros (de los 17 ofertados). La mayor\u00eda de las pinturas eran de peque\u00f1o &hellip; <a href=\"https:\/\/blasco-mentor-solliestoucas.fr\/index.php\/es\/mentor-y-el-mercado-arte\/\">Continuer la lecture <span class=\"meta-nav\">&rarr;<\/span><\/a><\/p>\n","protected":false},"author":2,"featured_media":0,"parent":0,"menu_order":0,"comment_status":"closed","ping_status":"closed","template":"onecolumn-page.php","meta":{"ngg_post_thumbnail":0,"footnotes":""},"categories":[482,614],"tags":[],"class_list":["post-3872","page","type-page","status-publish","hentry","category-es","category-vente-aux-encheres"],"lang":"es","translations":{"es":3872},"pll_sync_post":[],"_links":{"self":[{"href":"https:\/\/blasco-mentor-solliestoucas.fr\/index.php\/wp-json\/wp\/v2\/pages\/3872","targetHints":{"allow":["GET"]}}],"collection":[{"href":"https:\/\/blasco-mentor-solliestoucas.fr\/index.php\/wp-json\/wp\/v2\/pages"}],"about":[{"href":"https:\/\/blasco-mentor-solliestoucas.fr\/index.php\/wp-json\/wp\/v2\/types\/page"}],"author":[{"embeddable":true,"href":"https:\/\/blasco-mentor-solliestoucas.fr\/index.php\/wp-json\/wp\/v2\/users\/2"}],"replies":[{"embeddable":true,"href":"https:\/\/blasco-mentor-solliestoucas.fr\/index.php\/wp-json\/wp\/v2\/comments?post=3872"}],"version-history":[{"count":8,"href":"https:\/\/blasco-mentor-solliestoucas.fr\/index.php\/wp-json\/wp\/v2\/pages\/3872\/revisions"}],"predecessor-version":[{"id":4892,"href":"https:\/\/blasco-mentor-solliestoucas.fr\/index.php\/wp-json\/wp\/v2\/pages\/3872\/revisions\/4892"}],"wp:attachment":[{"href":"https:\/\/blasco-mentor-solliestoucas.fr\/index.php\/wp-json\/wp\/v2\/media?parent=3872"}],"wp:term":[{"taxonomy":"category","embeddable":true,"href":"https:\/\/blasco-mentor-solliestoucas.fr\/index.php\/wp-json\/wp\/v2\/categories?post=3872"},{"taxonomy":"post_tag","embeddable":true,"href":"https:\/\/blasco-mentor-solliestoucas.fr\/index.php\/wp-json\/wp\/v2\/tags?post=3872"}],"curies":[{"name":"wp","href":"https:\/\/api.w.org\/{rel}","templated":true}]}}