{"id":3922,"date":"2021-02-18T17:44:16","date_gmt":"2021-02-18T16:44:16","guid":{"rendered":"https:\/\/blasco-mentor-solliestoucas.fr\/?page_id=3922"},"modified":"2023-11-27T19:18:22","modified_gmt":"2023-11-27T18:18:22","slug":"memoria-y-testimonios","status":"publish","type":"page","link":"https:\/\/blasco-mentor-solliestoucas.fr\/index.php\/es\/memoria-y-testimonios\/","title":{"rendered":"Memoria y testimonios"},"content":{"rendered":"\n<p><img loading=\"lazy\" decoding=\"async\" class=\"alignnone wp-image-4846 size-medium\" src=\"https:\/\/blasco-mentor-solliestoucas.fr\/wp-content\/uploads\/2023\/11\/memoires-036-218x300.jpg\" alt=\"\" width=\"218\" height=\"300\" srcset=\"https:\/\/blasco-mentor-solliestoucas.fr\/wp-content\/uploads\/2023\/11\/memoires-036-218x300.jpg 218w, https:\/\/blasco-mentor-solliestoucas.fr\/wp-content\/uploads\/2023\/11\/memoires-036-744x1024.jpg 744w, https:\/\/blasco-mentor-solliestoucas.fr\/wp-content\/uploads\/2023\/11\/memoires-036-768x1057.jpg 768w, https:\/\/blasco-mentor-solliestoucas.fr\/wp-content\/uploads\/2023\/11\/memoires-036-1116x1536.jpg 1116w, https:\/\/blasco-mentor-solliestoucas.fr\/wp-content\/uploads\/2023\/11\/memoires-036.jpg 1275w\" sizes=\"auto, (max-width: 218px) 100vw, 218px\" \/><\/p>\n<p>&nbsp;<\/p>\n<p>&nbsp;<\/p>\n<ul>\n<li>\n<h1><strong>Recuerdos<\/strong><\/h1>\n<p>Monograf\u00eda dedicada al pintor Mentor, publicada por Le L\u00e9opard d&rsquo;or en Par\u00eds en 1993. <br><br><\/p>\n<p>Patrice de La Perri\u00e8re, cr\u00edtico de arte, editor, director de la revista <em>Univers des arts<\/em> y comisario, conoci\u00f3 a Blasco Mentor en 1982. Colaborando en varias ocasiones, los dos hombres formaron una amistad que dur\u00f3 hasta la muerte de Mentor en 2003.&nbsp;<\/p>\n<p>En 1993, la preparaci\u00f3n de una gran exposici\u00f3n individual del artista en la Galer\u00eda Guign\u00e9, entonces situada en el n\u00famero 89 de la rue du Faubourg-Saint-Honor\u00e9, impuso la idea de elaborar un libro de referencia sobre la vida y obra de Blasco Mentor. El libro, realizado en estrecha colaboraci\u00f3n entre el artista y su editor y amigo, da origen a esta monograf\u00eda especialmente buscada por los coleccionistas.<\/p>\n<p>&nbsp;<\/p>\n<p>El libro incluye 124 fotos en color y 81 fotos en blanco y negro de los archivos del artista. Textos del artista y de Patrice de La Perri\u00e8re. Formato 24 x 32 cm. 200 p\u00e1ginas. Tapa dura con sobrecubierta a color.<\/p>\n<p>&nbsp;<\/p>\n<p>Disponible para ordenar a la editorial en este enlace:<\/p>\n<p><a href=\"https:\/\/www.leopardor.fr\/index.php\/monographie-consacree-au-peintre-mentor.html\" target=\"_blank\" rel=\"noopener\">https:\/\/www.leopardor.fr\/index.php\/monographie-consacree-au-peintre-mentor.html<\/a><\/p>\n<p>&nbsp;<\/p>\n<p>Editions Le L\u00e9opard d&rsquo;or<\/p>\n<p>8, rue du Cou\u00ebdic 75014 Par\u00eds<\/p>\n<p><a href=\"https:\/\/www.leopardor.fr\/\" target=\"_blank\" rel=\"noopener\">https:\/\/www.leopardor.fr\/<\/a><\/p>\n<\/li>\n<li>\n<h1><a href=\"https:\/\/blasco-mentor-solliestoucas.fr\/index.php\/es\/testimonios\/\" target=\"_blank\" rel=\"noopener\"><strong>Testimonios<\/strong><\/a><\/h1>\n<\/li>\n<\/ul>\n","protected":false},"excerpt":{"rendered":"<p>&nbsp; &nbsp; Recuerdos Monograf\u00eda dedicada al pintor Mentor, publicada por Le L\u00e9opard d&rsquo;or en Par\u00eds en 1993. Patrice de La Perri\u00e8re, cr\u00edtico de arte, editor, director de la revista Univers des arts y comisario, conoci\u00f3 a Blasco Mentor en 1982. &hellip; <a href=\"https:\/\/blasco-mentor-solliestoucas.fr\/index.php\/es\/memoria-y-testimonios\/\">Continuer la lecture <span class=\"meta-nav\">&rarr;<\/span><\/a><\/p>\n","protected":false},"author":2,"featured_media":0,"parent":0,"menu_order":0,"comment_status":"closed","ping_status":"closed","template":"","meta":{"ngg_post_thumbnail":0,"footnotes":""},"categories":[],"tags":[],"class_list":["post-3922","page","type-page","status-publish","hentry"],"lang":"es","translations":{"es":3922},"pll_sync_post":[],"_links":{"self":[{"href":"https:\/\/blasco-mentor-solliestoucas.fr\/index.php\/wp-json\/wp\/v2\/pages\/3922","targetHints":{"allow":["GET"]}}],"collection":[{"href":"https:\/\/blasco-mentor-solliestoucas.fr\/index.php\/wp-json\/wp\/v2\/pages"}],"about":[{"href":"https:\/\/blasco-mentor-solliestoucas.fr\/index.php\/wp-json\/wp\/v2\/types\/page"}],"author":[{"embeddable":true,"href":"https:\/\/blasco-mentor-solliestoucas.fr\/index.php\/wp-json\/wp\/v2\/users\/2"}],"replies":[{"embeddable":true,"href":"https:\/\/blasco-mentor-solliestoucas.fr\/index.php\/wp-json\/wp\/v2\/comments?post=3922"}],"version-history":[{"count":6,"href":"https:\/\/blasco-mentor-solliestoucas.fr\/index.php\/wp-json\/wp\/v2\/pages\/3922\/revisions"}],"predecessor-version":[{"id":4851,"href":"https:\/\/blasco-mentor-solliestoucas.fr\/index.php\/wp-json\/wp\/v2\/pages\/3922\/revisions\/4851"}],"wp:attachment":[{"href":"https:\/\/blasco-mentor-solliestoucas.fr\/index.php\/wp-json\/wp\/v2\/media?parent=3922"}],"wp:term":[{"taxonomy":"category","embeddable":true,"href":"https:\/\/blasco-mentor-solliestoucas.fr\/index.php\/wp-json\/wp\/v2\/categories?post=3922"},{"taxonomy":"post_tag","embeddable":true,"href":"https:\/\/blasco-mentor-solliestoucas.fr\/index.php\/wp-json\/wp\/v2\/tags?post=3922"}],"curies":[{"name":"wp","href":"https:\/\/api.w.org\/{rel}","templated":true}]}}