{"id":3942,"date":"2021-01-14T17:36:41","date_gmt":"2021-01-14T16:36:41","guid":{"rendered":"https:\/\/blasco-mentor-solliestoucas.fr\/?page_id=3942"},"modified":"2022-11-16T14:14:22","modified_gmt":"2022-11-16T13:14:22","slug":"testimonials","status":"publish","type":"page","link":"https:\/\/blasco-mentor-solliestoucas.fr\/index.php\/en\/testimonials\/","title":{"rendered":"Testimonials"},"content":{"rendered":"\n<hr class=\"wp-block-separator has-text-color has-blue-color has-css-opacity has-blue-background-color has-background is-style-wide\"\/>\n\n\n\n<h2>Testimonial Christian Cornu<\/h2>\n\n\n\n<div data-wp-interactive=\"core\/file\" class=\"wp-block-file\"><object data-wp-bind--hidden=\"!state.hasPdfPreview\" hidden class=\"wp-block-file__embed\" data=\"https:\/\/blasco-mentor-solliestoucas.fr\/wp-content\/uploads\/2022\/11\/christian-cornu_eng.pdf\" type=\"application\/pdf\" style=\"width:100%;height:600px\" aria-label=\"Contenu embarqu\u00e9 christian-cornu_eng.\"><\/object><a id=\"wp-block-file--media-3742caf6-162a-4d98-a817-d26935386ae2\" href=\"https:\/\/blasco-mentor-solliestoucas.fr\/wp-content\/uploads\/2022\/11\/christian-cornu_eng.pdf\">christian-cornu_eng<\/a><a href=\"https:\/\/blasco-mentor-solliestoucas.fr\/wp-content\/uploads\/2022\/11\/christian-cornu_eng.pdf\" class=\"wp-block-file__button wp-element-button\" download aria-describedby=\"wp-block-file--media-3742caf6-162a-4d98-a817-d26935386ae2\">T\u00e9l\u00e9charger<\/a><\/div>\n\n\n\nngg_shortcode_0_placeholder\n\n\n\n<hr class=\"wp-block-separator aligncenter has-alpha-channel-opacity is-style-wide\"\/>\n\n\n\n<h3 id=\"tw-target-text\" class=\"tw-data-text tw-text-large XcVN5d tw-ta\" dir=\"ltr\" data-placeholder=\"Traduction\"><strong><span class=\"Y2IQFc\" lang=\"en\">Testimonials on the work of Blasco Mentor by Daniel SIMONIN<\/span><\/strong><\/h3>\n<p><strong>&nbsp;&nbsp;&nbsp;&nbsp;&nbsp;&nbsp;&nbsp;&nbsp;&nbsp;&nbsp;&nbsp;&nbsp;&nbsp;&nbsp;&nbsp;&nbsp;&nbsp;&nbsp;&nbsp;&nbsp;&nbsp;&nbsp;&nbsp;&nbsp;&nbsp;&nbsp;&nbsp;&nbsp;&nbsp;&nbsp;&nbsp;&nbsp;&nbsp;&nbsp;&nbsp;&nbsp;&nbsp;&nbsp;&nbsp;&nbsp;&nbsp;&nbsp;&nbsp;&nbsp;&nbsp;&nbsp;&nbsp;&nbsp;&nbsp;&nbsp;&nbsp;&nbsp;&nbsp;&nbsp;&nbsp;&nbsp;&nbsp;&nbsp;&nbsp;&nbsp;&nbsp;&nbsp; &#8212;&#8212;&#8212;&#8212;&#8212;&#8212;&#8212;&#8212;&#8212;&#8212;-<\/strong><\/p>\n<p style=\"text-align: justify;\"><a href=\"https:\/\/blasco-mentor-solliestoucas.fr\/wp-content\/uploads\/2018\/11\/cropped-logo.png\"><img loading=\"lazy\" decoding=\"async\" class=\"size-full wp-image-2034 alignleft\" src=\"https:\/\/blasco-mentor-solliestoucas.fr\/wp-content\/uploads\/2018\/11\/cropped-logo.png\" alt=\"\" width=\"114\" height=\"114\" srcset=\"https:\/\/blasco-mentor-solliestoucas.fr\/wp-content\/uploads\/2018\/11\/cropped-logo.png 114w, https:\/\/blasco-mentor-solliestoucas.fr\/wp-content\/uploads\/2018\/11\/cropped-logo-60x60.png 60w\" sizes=\"auto, (max-width: 114px) 100vw, 114px\" \/><\/a><span class=\"Y2IQFc\" lang=\"en\">My house and my work reflect the same vision: the taste for celebration and mockery &#8211; Quote from Mentor in the magazine \u201cResidence\u201d number 5 of March-April 1955 p.82 or 8 pages are devoted to the home of a conquistador. <\/span><\/p>\n<p style=\"text-align: justify;\"><span class=\"Y2IQFc\" lang=\"en\">A painting only exists by you and as many times as you see it &#8211; Mentor&rsquo;s quote on the cover page of an Art book by Osvaldo Patani, opere dal 1935al 1986 published in 1986 in Milan. <\/span><\/p>\n<p style=\"text-align: center;\"><span class=\"Y2IQFc\" lang=\"en\">&#8212;&#8212;&#8212;&#8212;&#8212;&#8212;&#8212;&#8212;&#8212;&#8212;- <\/span><\/p>\n<p style=\"text-align: justify;\"><span class=\"Y2IQFc\" lang=\"en\">Blasco Mentor, born in 1919 studied painting at the School of Fine Arts in Barcelona, \u200b\u200ban exceptional student, he painted at the age of sixteen the portrait of his brother naked and in Harlequin clothes. <\/span><\/p>\n<p style=\"text-align: justify;\"><span class=\"Y2IQFc\" lang=\"en\">Refugee in France, fleeing the war in Spain, he joined the School of Paris and after the war he was supported by great art critics who saw in him a great creator, an observer of human comedy. the time when Western painting abandoned the representation of man.<\/span><\/p>\n<p id=\"tw-target-text\" class=\"tw-data-text tw-text-large XcVN5d tw-ta\" dir=\"ltr\" style=\"text-align: justify;\" data-placeholder=\"Traduction\"><span class=\"Y2IQFc\" lang=\"en\">For Waldemar George (1893-1970) critic and art historian, editor-in-chief of literary reviews, the world of Mentor imposes itself both by the extreme rigor of its cadence, by its forms projected in close-up and by his imagery but also by the taste of the fairyland and the feeling of reality which coexist in his work. <\/span><\/p>\n<p class=\"tw-data-text tw-text-large XcVN5d tw-ta\" dir=\"ltr\" style=\"text-align: justify;\" data-placeholder=\"Traduction\"><span class=\"Y2IQFc\" lang=\"en\">For the latter, \u00ab\u00a0La F\u00eate \u00e0 Solli\u00e8s-Toucas\u00a0\u00bb, painted in 1960, is Mentor&rsquo;s masterpiece. Heir by his Spanish roots to the universe of Goya and picaresque tales, Mentor painted the spectacle of human theater and its sufferings as the paintings \u00ab\u00a0Spain 36-39\u00a0\u00bb and \u00ab\u00a0Bombardment in Viet Nam\u00a0\u00bb bear witness to this. <\/span><\/p>\n<p class=\"tw-data-text tw-text-large XcVN5d tw-ta\" dir=\"ltr\" style=\"text-align: justify;\" data-placeholder=\"Traduction\"><span class=\"Y2IQFc\" lang=\"en\">Art critic Jean Rollin (1922-2006) becomes Mentor&rsquo;s friend and thanks to him he paints a monumental 400 m2 mural at La Courneuve, designed on the theme of \u00ab\u00a0The Conquest of Happiness\u00a0\u00bb. <\/span><\/p>\n<p class=\"tw-data-text tw-text-large XcVN5d tw-ta\" dir=\"ltr\" style=\"text-align: justify;\" data-placeholder=\"Traduction\"><span class=\"Y2IQFc\" lang=\"en\">Warmly welcomed in Italy, in 1973 he composed a monumental fresco at the Palazzo Castiglione in Milan entitled \u00ab\u00a0La Grande F\u00eate\u00a0\u00bb.<\/span><\/p>\n<p>&nbsp;<\/p>\n<p id=\"tw-target-text\" class=\"tw-data-text tw-text-large XcVN5d tw-ta\" dir=\"ltr\" style=\"text-align: justify;\" data-placeholder=\"Traduction\"><span class=\"Y2IQFc\" lang=\"en\">Mentor&rsquo;s work is addressed to lovers of color and celebration, so in the paintings of \u00ab\u00a0The Great Parade\u00a0\u00bb he paints with delight a satire of human society, its vices and its eccentricities and in the great canvases devoted to \u00ab\u00a0Bullfighting\u00a0\u00bb the man is placed in a tragic and derisory world, he is sometimes a painter, musician, bullfighter, disguises himself, fights bulls on wheels, rides magnificent steeds &#8230; on a merry-go-round, so that some have considered that his art reminded one of Fellini. <\/span><\/p>\n<p class=\"tw-data-text tw-text-large XcVN5d tw-ta\" dir=\"ltr\" style=\"text-align: justify;\" data-placeholder=\"Traduction\"><span class=\"Y2IQFc\" lang=\"en\">An important exhibition \u00ab\u00a0La Minotauromachie\u00a0\u00bb at the Artcurial gallery was celebrated as the staging full of inventiveness and richness of human comedy. The \u00ab\u00a0Divertimento\u00a0\u00bb exhibition is a parody of the circus where wild animals, rhino elephants, lions are tamed and have a blast, and where gentle doves spread sublime poetry. <\/span><\/p>\n<p class=\"tw-data-text tw-text-large XcVN5d tw-ta\" dir=\"ltr\" style=\"text-align: justify;\" data-placeholder=\"Traduction\"><span class=\"Y2IQFc\" lang=\"en\">Mentor was recognized by the political class of his time: a retrospective of his work at the Vasarely Foundation will be inaugurated by the Minister of Culture and in 1991, at the invitation of the City of Paris, his works will be exhibited at the Bourdelle Museum.<\/span><\/p>\n<p>&nbsp;<\/p>\n<p id=\"tw-target-text\" class=\"tw-data-text tw-text-large XcVN5d tw-ta\" dir=\"ltr\" style=\"text-align: justify;\" data-placeholder=\"Traduction\"><span class=\"Y2IQFc\" lang=\"en\">Painter of the Guign\u00e9 gallery, Mentor multiplied his exhibitions in the 1990s, with a palette that never stopped evolving towards light colors and a freedom of expression due perhaps to the discovery and practice of sculpture. .<\/span><\/p>\n<p class=\"tw-data-text tw-text-large XcVN5d tw-ta\" dir=\"ltr\" style=\"text-align: justify;\" data-placeholder=\"Traduction\"><span class=\"Y2IQFc\" lang=\"en\">\u00ab\u00a0The Bird Carnival\u00a0\u00bb is a tribute to Venice, but also to the Woman who throughout her life has been a model for Mentor&rsquo;s paintings. Most often the women are painted plump, sometimes mameluos and callipyges. In the Carnival of Venice the birds wear Venetian masks and the naked women stand out more than ever in volume. <\/span><\/p>\n<p class=\"tw-data-text tw-text-large XcVN5d tw-ta\" dir=\"ltr\" style=\"text-align: justify;\" data-placeholder=\"Traduction\"><span class=\"Y2IQFc\" lang=\"en\">But the eternal feminine, according to Mentor, is a face that is sometimes haughty and proud, a mocking or disdainful expression, insensitive to the love of the man who courts her, quite the opposite of the sensuality released by an always voluptuous body. <\/span><\/p>\n<p class=\"tw-data-text tw-text-large XcVN5d tw-ta\" dir=\"ltr\" style=\"text-align: justify;\" data-placeholder=\"Traduction\"><span class=\"Y2IQFc\" lang=\"en\">\u00ab\u00a0Les Concertistes\u00a0\u00bb is a dream in powder paint, a celebration of spirit and color, critics will say. <\/span><\/p>\n<p class=\"tw-data-text tw-text-large XcVN5d tw-ta\" dir=\"ltr\" style=\"text-align: justify;\" data-placeholder=\"Traduction\"><span class=\"Y2IQFc\" lang=\"en\">In \u201cLa Fenice\u201d, his latest exhibition, Mentor gives a sensual vision of the most famous city in the world, always with this profusion of colors, this exuberant enchantment and this poetry that made Mentor, according to Herv\u00e9 Bazin:<\/span><\/p>\n<p class=\"tw-data-text tw-text-large XcVN5d tw-ta\" dir=\"ltr\" style=\"text-align: justify;\" data-placeholder=\"Traduction\"><span class=\"Y2IQFc\" lang=\"en\">The great painter of the Baroque, and one of the last Catalan princes of painting, whom Picasso considered to be one of his legatees of modern art. <\/span><\/p>\n<p class=\"tw-data-text tw-text-large XcVN5d tw-ta\" dir=\"ltr\" style=\"text-align: justify;\" data-placeholder=\"Traduction\"><span class=\"Y2IQFc\" lang=\"en\">Source: Daniel SIMONIN (friends of the Blasco Mentor work)<\/span><\/p>\n<p>&nbsp;<\/p>\n","protected":false},"excerpt":{"rendered":"<p>Testimonial Christian Cornu Testimonials on the work of Blasco Mentor by Daniel SIMONIN &nbsp;&nbsp;&nbsp;&nbsp;&nbsp;&nbsp;&nbsp;&nbsp;&nbsp;&nbsp;&nbsp;&nbsp;&nbsp;&nbsp;&nbsp;&nbsp;&nbsp;&nbsp;&nbsp;&nbsp;&nbsp;&nbsp;&nbsp;&nbsp;&nbsp;&nbsp;&nbsp;&nbsp;&nbsp;&nbsp;&nbsp;&nbsp;&nbsp;&nbsp;&nbsp;&nbsp;&nbsp;&nbsp;&nbsp;&nbsp;&nbsp;&nbsp;&nbsp;&nbsp;&nbsp;&nbsp;&nbsp;&nbsp;&nbsp;&nbsp;&nbsp;&nbsp;&nbsp;&nbsp;&nbsp;&nbsp;&nbsp;&nbsp;&nbsp;&nbsp;&nbsp;&nbsp; &#8212;&#8212;&#8212;&#8212;&#8212;&#8212;&#8212;&#8212;&#8212;&#8212;- My house and my work reflect the same vision: the taste for celebration and mockery &#8211; Quote from Mentor in the magazine \u201cResidence\u201d number 5 &hellip; <a href=\"https:\/\/blasco-mentor-solliestoucas.fr\/index.php\/en\/testimonials\/\">Continuer la lecture <span class=\"meta-nav\">&rarr;<\/span><\/a><\/p>\n","protected":false},"author":2,"featured_media":0,"parent":0,"menu_order":0,"comment_status":"closed","ping_status":"closed","template":"","meta":{"ngg_post_thumbnail":0,"footnotes":""},"categories":[480],"tags":[],"class_list":["post-3942","page","type-page","status-publish","hentry","category-en"],"lang":"en","translations":{"en":3942},"pll_sync_post":[],"_links":{"self":[{"href":"https:\/\/blasco-mentor-solliestoucas.fr\/index.php\/wp-json\/wp\/v2\/pages\/3942","targetHints":{"allow":["GET"]}}],"collection":[{"href":"https:\/\/blasco-mentor-solliestoucas.fr\/index.php\/wp-json\/wp\/v2\/pages"}],"about":[{"href":"https:\/\/blasco-mentor-solliestoucas.fr\/index.php\/wp-json\/wp\/v2\/types\/page"}],"author":[{"embeddable":true,"href":"https:\/\/blasco-mentor-solliestoucas.fr\/index.php\/wp-json\/wp\/v2\/users\/2"}],"replies":[{"embeddable":true,"href":"https:\/\/blasco-mentor-solliestoucas.fr\/index.php\/wp-json\/wp\/v2\/comments?post=3942"}],"version-history":[{"count":9,"href":"https:\/\/blasco-mentor-solliestoucas.fr\/index.php\/wp-json\/wp\/v2\/pages\/3942\/revisions"}],"predecessor-version":[{"id":4587,"href":"https:\/\/blasco-mentor-solliestoucas.fr\/index.php\/wp-json\/wp\/v2\/pages\/3942\/revisions\/4587"}],"wp:attachment":[{"href":"https:\/\/blasco-mentor-solliestoucas.fr\/index.php\/wp-json\/wp\/v2\/media?parent=3942"}],"wp:term":[{"taxonomy":"category","embeddable":true,"href":"https:\/\/blasco-mentor-solliestoucas.fr\/index.php\/wp-json\/wp\/v2\/categories?post=3942"},{"taxonomy":"post_tag","embeddable":true,"href":"https:\/\/blasco-mentor-solliestoucas.fr\/index.php\/wp-json\/wp\/v2\/tags?post=3942"}],"curies":[{"name":"wp","href":"https:\/\/api.w.org\/{rel}","templated":true}]}}